{"id":836,"date":"2025-02-27T14:28:15","date_gmt":"2025-02-27T14:28:15","guid":{"rendered":"https:\/\/web.marstawi.online\/?page_id=836"},"modified":"2025-04-06T19:02:47","modified_gmt":"2025-04-06T16:02:47","slug":"dental-veneers","status":"publish","type":"page","link":"https:\/\/beautyhubtr.com\/fr\/hollywood-smile\/dental-veneers\/","title":{"rendered":"Les facettes dentaires en Turquie"},"content":{"rendered":"\n<figure class=\"wp-block-image aligncenter size-full\"><img loading=\"lazy\" decoding=\"async\" width=\"980\" height=\"652\" src=\"https:\/\/web.marstawi.online\/wp-content\/uploads\/2025\/02\/Dental_Veneers-2web-2.webp\" alt=\"\" class=\"wp-image-838\" srcset=\"https:\/\/beautyhubtr.com\/fr\/wp-content\/uploads\/2025\/02\/Dental_Veneers-2web-2.webp 980w, https:\/\/beautyhubtr.com\/fr\/wp-content\/uploads\/2025\/02\/Dental_Veneers-2web-2-300x200.webp 300w, https:\/\/beautyhubtr.com\/fr\/wp-content\/uploads\/2025\/02\/Dental_Veneers-2web-2-768x511.webp 768w\" sizes=\"auto, (max-width: 980px) 100vw, 980px\" \/><\/figure>\n\n\n\n<h2 class=\"wp-block-heading\"><strong>Qu&rsquo;est-ce que les facettes dentaires ?<\/strong><\/h2>\n\n\n\n<p>Les facettes dentaires sont des rev\u00eatements fins de la couleur des dents qui sont appliqu\u00e9s sur la face avant des dents pour am\u00e9liorer leur apparence. Elles sont g\u00e9n\u00e9ralement fabriqu\u00e9es en porcelaine ou en r\u00e9sine composite et coll\u00e9es aux dents. Les facettes corrigent des probl\u00e8mes tels que les dents \u00e9br\u00e9ch\u00e9es, fissur\u00e9es, d\u00e9color\u00e9es et de petite taille.<\/p>\n\n\n\n<p>Bien que certaines personnes puissent vouloir une seule facette pour une dent endommag\u00e9e, beaucoup en obtiennent 6 \u00e0 8 pour que leur sourire soit uniforme et sym\u00e9trique. Les facettes sont principalement plac\u00e9es sur les huit dents avant du haut.<\/p>\n\n\n\n<h2 class=\"wp-block-heading\"><strong>Types de facettes dentaires<\/strong><\/h2>\n\n\n\n<p>Les facettes dentaires sont g\u00e9n\u00e9ralement fabriqu\u00e9es en porcelaine ou en r\u00e9sine composite et sont tr\u00e8s invasives. Cependant, il existe des facettes \u00ab\u00a0sans pr\u00e9paration\u00a0\u00bb qui sont appliqu\u00e9es diff\u00e9remment.<\/p>\n\n\n\n<h3 class=\"wp-block-heading\"><strong>Facettes en porcelaine :<\/strong><\/h3>\n\n\n\n<p>Pour appliquer des facettes en porcelaine, les dentistes prennent g\u00e9n\u00e9ralement des empreintes des dents apr\u00e8s les avoir lim\u00e9es. L&#8217;empreinte est envoy\u00e9e au laboratoire o\u00f9 les facettes sont cr\u00e9\u00e9es. Une fois pr\u00eates, les facettes sont ciment\u00e9es sur les dents pr\u00e9par\u00e9es. Le dentiste peut placer des facettes temporaires jusqu&rsquo;\u00e0 ce que les facettes permanentes soient pr\u00eates. Certains dentistes utilisent la technologie CAD\/CAM pour cr\u00e9er et fabriquer les facettes dans leur cabinet.<\/p>\n\n\n\n<h3 class=\"wp-block-heading\"><strong>Facettes en r\u00e9sine composite :<\/strong><\/h3>\n\n\n\n<p>Si des facettes en r\u00e9sine composite sont choisies, le dentiste va graver la surface de la dent et appliquer une fine couche de composite. D&rsquo;autres couches peuvent \u00eatre ajout\u00e9es pour obtenir l&rsquo;apparence souhait\u00e9e. Une lumi\u00e8re sp\u00e9ciale est utilis\u00e9e pour durcir ou polym\u00e9riser la facette composite.<\/p>\n\n\n\n<h3 class=\"wp-block-heading\"><strong>Facettes sans pr\u00e9paration :<\/strong><\/h3>\n\n\n\n<p>Des marques telles que Lumineers et Vivaneers offrent des facettes sans pr\u00e9paration, qui sont moins douloureuses et n\u00e9cessitent une alt\u00e9ration minimale de la dent. Ces facettes ne fonctionnent que sur l&rsquo;\u00e9mail et ne n\u00e9cessitent g\u00e9n\u00e9ralement pas d&rsquo;anesth\u00e9sie locale ou de facettes temporaires.<\/p>\n\n\n\n<h2 class=\"wp-block-heading\"><strong>Avantages des facettes dentaires<\/strong><\/h2>\n\n\n\n<p>Le principal avantage des facettes est qu&rsquo;elles am\u00e9liorent l&rsquo;apparence des dents pour un sourire plus lumineux . Les facettes corrigent :<\/p>\n\n\n\n<ul class=\"wp-block-list\">\n<li>Les dents cass\u00e9es ou \u00e9br\u00e9ch\u00e9es<\/li>\n\n\n\n<li>La d\u00e9coloration s\u00e9v\u00e8re ou la coloration in\u00e9gale qui ne peut pas \u00eatre corrig\u00e9e par un blanchiment<\/li>\n\n\n\n<li>Les espaces entre les dents<\/li>\n\n\n\n<li>Les dents plus petites que la moyenne<\/li>\n\n\n\n<li>Les dents pointues ou de forme inhabituelle<\/li>\n<\/ul>\n\n\n\n<p>Les facettes peuvent m\u00eame durer plus de 10 ans, selon le type de facette utilis\u00e9, ce qui en fait un traitement semi-permanent pour embellir votre sourire.<\/p>\n\n\n\n<h3 class=\"wp-block-heading\"><strong>Pr\u00e9paration<\/strong><\/h3>\n\n\n\n<p>Il est important de consulter votre dentiste sur les options disponibles avant d&rsquo;appliquer des facettes et de d\u00e9terminer combien de facettes vous souhaitez appliquer. Vous devrez peut-\u00eatre obtenir des appareils orthodontiques avant d&rsquo;appliquer des facettes. Des radiographies seront prises pour examiner vos dents \u00e0 la recherche de caries, de maladies des gencives ou pour d\u00e9terminer si vous avez besoin d&rsquo;un traitement de canal. Si l&rsquo;une des conditions mentionn\u00e9es ci-dessus se pr\u00e9sente, les facettes pourraient ne pas vous convenir.<\/p>\n\n\n\n<p>Lors du prochain rendez-vous, le dentiste enl\u00e8vera 0,5 mm d&rsquo;\u00e9mail dentaire de votre dent avec un outil abrasif. Il prendra \u00e9galement une empreinte de vos dents. L&#8217;empreinte est ensuite envoy\u00e9e au laboratoire dentaire pour fabriquer vos facettes.<\/p>\n\n\n\n<h3 class=\"wp-block-heading\"><strong>Fixation des facettes aux dents<\/strong><\/h3>\n\n\n\n<p>Le temps n\u00e9cessaire pour fabriquer et renvoyer les facettes du laboratoire dentaire est de 1 \u00e0 2 semaines. Apr\u00e8s cela, vous prendrez rendez-vous pour l&rsquo;ajustement. Le dentiste examinera l&rsquo;ajustement, la forme et la couleur pour correspondre \u00e0 vos dents.<\/p>\n\n\n\n<p>Le dentiste nettoiyera parfaitement vos dents avant de fixer les facettes pour \u00e9liminer toutes les bact\u00e9ries qui pourraient se coincer sous la facette et causer des caries.<\/p>\n\n\n\n<p><\/p>\n\n\n\n<div class=\"wp-block-stackable-columns stk-block-columns stk-block stk-b68a3f2\" data-block-id=\"b68a3f2\"><style>.stk-b68a3f2 {margin-bottom:0px !important;}.stk-b68a3f2-column{--stk-columns-spacing:0px !important;}<\/style><div class=\"stk-row stk-inner-blocks stk-block-content stk-content-align stk-b68a3f2-column\">\n<div class=\"wp-block-stackable-column stk-block-column stk-column stk-block stk-d353c8b\" data-v=\"4\" data-block-id=\"d353c8b\"><style>.stk-d353c8b-container{margin-top:0px !important;margin-right:0px !important;margin-bottom:0px !important;margin-left:0px !important;}<\/style><div class=\"stk-column-wrapper stk-block-column__content stk-container stk-d353c8b-container stk--no-background stk--no-padding\"><div class=\"stk-block-content stk-inner-blocks stk-d353c8b-inner-blocks\">\n<h3 class=\"wp-block-heading has-text-align-center\">Nous fournissons le plus haut niveau de satisfaction des services de soins \u00e0 nos patients.<\/h3>\n\n\n\n<h3 class=\"wp-block-heading has-text-align-center\">+90 551 888 20 80<a href=\"tel:+905518882080\"><\/a><\/h3>\n\n\n\n<div class=\"wp-block-uagb-buttons uagb-buttons__outer-wrap uagb-btn__default-btn uagb-btn-tablet__default-btn uagb-btn-mobile__default-btn uagb-block-0185e4b2\"><div class=\"uagb-buttons__wrap uagb-buttons-layout-wrap \">\n<div class=\"wp-block-uagb-buttons-child uagb-buttons__outer-wrap uagb-block-89548b30 wp-block-button\"><div class=\"uagb-button__wrapper\"><a class=\"uagb-buttons-repeater wp-block-button__link\" aria-label=\"\" href=\"https:\/\/beautyhubtr.com\/fr\/consultation\/\" rel=\"follow noopener\" target=\"_self\" role=\"button\"><div class=\"uagb-button__link\">Demander un rendez-vous<\/div><\/a><\/div><\/div>\n<\/div><\/div>\n<\/div><\/div><\/div>\n<\/div><\/div>\n\n\n\n<p><\/p>\n","protected":false},"excerpt":{"rendered":"<p>Qu&rsquo;est-ce que les facettes dentaires ? Les facettes dentaires sont des rev\u00eatements fins de la couleur des dents qui sont appliqu\u00e9s sur la face avant des dents pour am\u00e9liorer leur apparence. Elles sont g\u00e9n\u00e9ralement fabriqu\u00e9es en porcelaine ou en r\u00e9sine composite et coll\u00e9es aux dents. Les facettes corrigent des probl\u00e8mes tels que les dents \u00e9br\u00e9ch\u00e9es, [&hellip;]<\/p>\n","protected":false},"author":1,"featured_media":0,"parent":665,"menu_order":0,"comment_status":"closed","ping_status":"closed","template":"","meta":{"_uag_custom_page_level_css":"","footnotes":""},"class_list":["post-836","page","type-page","status-publish","hentry"],"blocksy_meta":{"has_hero_section":"enabled","hero_section":"type-2","pageTitleOverlay":{"background_type":"color","background_pattern":"type-1","background_image":{"attachment_id":null,"x":0,"y":0},"gradient":"linear-gradient(135deg,rgba(6,147,227,1) 0%,rgb(155,81,224) 100%)","background_repeat":"repeat","background_size":"auto","background_attachment":"scroll","patternColor":{"default":{"color":"#e5e7ea"}},"overlayColor":{"default":{"color":"CT_CSS_SKIP_RULE"}},"backgroundColor":{"default":{"color":"rgba(18, 20, 26, 0)"}}},"page_title_bg_type":"featured_image","custom_hero_background":{"attachment_id":829,"url":"https:\/\/web.marstawi.online\/wp-content\/uploads\/2025\/02\/banner-for-services-header-web-21-1024x133.webp"},"styles_descriptor":{"styles":{"desktop":"[data-prefix=\"single_page\"] .entry-header .page-title {--theme-font-size:30px;--theme-heading-color:var(--theme-palette-color-8);} [data-prefix=\"single_page\"] .entry-header .entry-meta {--theme-font-weight:600;--theme-text-transform:uppercase;--theme-font-size:12px;--theme-line-height:1.3;} [data-prefix=\"single_page\"] .entry-header .ct-breadcrumbs {--theme-text-color:var(--theme-palette-color-8);--theme-link-initial-color:var(--theme-palette-color-8);--theme-link-hover-color:var(--theme-palette-color-8);} [data-prefix=\"single_page\"] .hero-section[data-type=\"type-2\"] {--alignment:start;background-position:1% 16%;background-repeat:repeat-x;background-color:var(--theme-palette-color-8);background-image:url(https:\/\/web.marstawi.online\/wp-content\/uploads\/2025\/02\/banner-for-services-header-web-21.webp);--container-padding:50px 0px;} [data-prefix=\"single_page\"] .hero-section[data-type=\"type-2\"] > figure .ct-media-container:after {background-color:rgba(18, 20, 26, 0);}","tablet":"","mobile":""},"google_fonts":{"Lexend":["n4","n6"]},"version":6},"hero_alignment2":"start","hero_structure":"normal","page_structure_type":"type-1","hero_elements":[{"id":"custom_title","enabled":true,"heading_tag":"h1","title":"Home","__id":"2WtZHfhcJ4KeiqtTthRy4"},{"id":"custom_description","enabled":false,"description_visibility":{"desktop":true,"tablet":true,"mobile":false},"__id":"ZkWmKD316g_TWfWdRftOE"},{"id":"custom_meta","enabled":false,"meta_elements":[{"id":"author","enabled":true,"label":"By","has_author_avatar":"yes","avatar_size":25},{"id":"post_date","enabled":true,"label":"On","date_format_source":"default","date_format":"M j, Y"},{"id":"updated_date","enabled":false,"label":"On","date_format_source":"default","date_format":"M j, Y"},{"id":"categories","enabled":false,"label":"In","style":"simple"},{"id":"comments","enabled":true}],"page_meta_elements":{"joined":true,"articles_count":true,"comments":true},"__id":"pGSlZcdwgcmArz1trHsVK"},{"id":"breadcrumbs","enabled":true,"__id":"4WWgOOHycm9jtBWGG475f"}],"breadcrumbsFontColor":{"default":{"color":"var(--theme-palette-color-8)"},"initial":{"color":"var(--theme-palette-color-8)"},"hover":{"color":"var(--theme-palette-color-8)"}},"pageTitleFontColor":{"default":{"color":"var(--theme-palette-color-8)"}},"pageTitleBackground":{"background_type":"image","background_pattern":"type-1","background_image":{"attachment_id":829,"x":0.01,"y":0.16,"url":"https:\/\/web.marstawi.online\/wp-content\/uploads\/2025\/02\/banner-for-services-header-web-21-1024x133.webp"},"gradient":"linear-gradient(135deg,rgba(6,147,227,1) 0%,rgb(155,81,224) 100%)","background_repeat":"repeat-x","background_size":"auto","background_attachment":"scroll","patternColor":{"default":{"color":"#e5e7ea"}},"overlayColor":{"default":{"color":"CT_CSS_SKIP_RULE"}},"backgroundColor":{"default":{"color":"var(--theme-palette-color-8)"}}},"vertical_spacing_source":"custom","content_area_spacing":"none","pageTitlePadding":{"state":2,"values":[{"value":50,"unit":"px"},{"value":"auto","unit":""},{"value":50,"unit":"px"},{"value":"auto","unit":""}],"custom":""}},"yoast_head":"<!-- This site is optimized with the Yoast SEO plugin v24.8.1 - https:\/\/yoast.com\/wordpress\/plugins\/seo\/ -->\n<title>Les facettes dentaires en Turquie - Beautyhub<\/title>\n<meta name=\"robots\" content=\"index, follow, max-snippet:-1, max-image-preview:large, max-video-preview:-1\" \/>\n<link rel=\"canonical\" href=\"https:\/\/beautyhubtr.com\/fr\/hollywood-smile\/dental-veneers\/\" \/>\n<meta property=\"og:locale\" content=\"fr_FR\" \/>\n<meta property=\"og:type\" content=\"article\" \/>\n<meta property=\"og:title\" content=\"Les facettes dentaires en Turquie - Beautyhub\" \/>\n<meta property=\"og:description\" content=\"Qu&rsquo;est-ce que les facettes dentaires ? Les facettes dentaires sont des rev\u00eatements fins de la couleur des dents qui sont appliqu\u00e9s sur la face avant des dents pour am\u00e9liorer leur apparence. Elles sont g\u00e9n\u00e9ralement fabriqu\u00e9es en porcelaine ou en r\u00e9sine composite et coll\u00e9es aux dents. Les facettes corrigent des probl\u00e8mes tels que les dents \u00e9br\u00e9ch\u00e9es, [&hellip;]\" \/>\n<meta property=\"og:url\" content=\"https:\/\/beautyhubtr.com\/fr\/hollywood-smile\/dental-veneers\/\" \/>\n<meta property=\"og:site_name\" content=\"Beautyhub\" \/>\n<meta property=\"article:modified_time\" content=\"2025-04-06T16:02:47+00:00\" \/>\n<meta property=\"og:image\" content=\"https:\/\/beautyhubtr.com\/fr\/wp-content\/uploads\/2025\/02\/Dental_Veneers-2web-2.webp\" \/>\n\t<meta property=\"og:image:width\" content=\"980\" \/>\n\t<meta property=\"og:image:height\" content=\"652\" \/>\n\t<meta property=\"og:image:type\" content=\"image\/webp\" \/>\n<meta name=\"twitter:card\" content=\"summary_large_image\" \/>\n<meta name=\"twitter:label1\" content=\"Dur\u00e9e de lecture estim\u00e9e\" \/>\n\t<meta name=\"twitter:data1\" content=\"4 minutes\" \/>\n<script type=\"application\/ld+json\" class=\"yoast-schema-graph\">{\"@context\":\"https:\/\/schema.org\",\"@graph\":[{\"@type\":\"WebPage\",\"@id\":\"https:\/\/beautyhubtr.com\/fr\/hollywood-smile\/dental-veneers\/\",\"url\":\"https:\/\/beautyhubtr.com\/fr\/hollywood-smile\/dental-veneers\/\",\"name\":\"Les facettes dentaires en Turquie - Beautyhub\",\"isPartOf\":{\"@id\":\"https:\/\/beautyhubtr.com\/fr\/#website\"},\"primaryImageOfPage\":{\"@id\":\"https:\/\/beautyhubtr.com\/fr\/hollywood-smile\/dental-veneers\/#primaryimage\"},\"image\":{\"@id\":\"https:\/\/beautyhubtr.com\/fr\/hollywood-smile\/dental-veneers\/#primaryimage\"},\"thumbnailUrl\":\"https:\/\/web.marstawi.online\/wp-content\/uploads\/2025\/02\/Dental_Veneers-2web-2.webp\",\"datePublished\":\"2025-02-27T14:28:15+00:00\",\"dateModified\":\"2025-04-06T16:02:47+00:00\",\"breadcrumb\":{\"@id\":\"https:\/\/beautyhubtr.com\/fr\/hollywood-smile\/dental-veneers\/#breadcrumb\"},\"inLanguage\":\"fr-FR\",\"potentialAction\":[{\"@type\":\"ReadAction\",\"target\":[\"https:\/\/beautyhubtr.com\/fr\/hollywood-smile\/dental-veneers\/\"]}]},{\"@type\":\"ImageObject\",\"inLanguage\":\"fr-FR\",\"@id\":\"https:\/\/beautyhubtr.com\/fr\/hollywood-smile\/dental-veneers\/#primaryimage\",\"url\":\"https:\/\/web.marstawi.online\/wp-content\/uploads\/2025\/02\/Dental_Veneers-2web-2.webp\",\"contentUrl\":\"https:\/\/web.marstawi.online\/wp-content\/uploads\/2025\/02\/Dental_Veneers-2web-2.webp\"},{\"@type\":\"BreadcrumbList\",\"@id\":\"https:\/\/beautyhubtr.com\/fr\/hollywood-smile\/dental-veneers\/#breadcrumb\",\"itemListElement\":[{\"@type\":\"ListItem\",\"position\":1,\"name\":\"Home\",\"item\":\"https:\/\/beautyhubtr.com\/fr\/\"},{\"@type\":\"ListItem\",\"position\":2,\"name\":\"Hollywood Smile en Turquie\",\"item\":\"https:\/\/beautyhubtr.com\/fr\/hollywood-smile\/\"},{\"@type\":\"ListItem\",\"position\":3,\"name\":\"Les facettes dentaires en Turquie\"}]},{\"@type\":\"WebSite\",\"@id\":\"https:\/\/beautyhubtr.com\/fr\/#website\",\"url\":\"https:\/\/beautyhubtr.com\/fr\/\",\"name\":\"Beautyhub\",\"description\":\"For Hair Transplant and Plastic Surgery.\",\"publisher\":{\"@id\":\"https:\/\/beautyhubtr.com\/fr\/#organization\"},\"potentialAction\":[{\"@type\":\"SearchAction\",\"target\":{\"@type\":\"EntryPoint\",\"urlTemplate\":\"https:\/\/beautyhubtr.com\/fr\/?s={search_term_string}\"},\"query-input\":{\"@type\":\"PropertyValueSpecification\",\"valueRequired\":true,\"valueName\":\"search_term_string\"}}],\"inLanguage\":\"fr-FR\"},{\"@type\":\"Organization\",\"@id\":\"https:\/\/beautyhubtr.com\/fr\/#organization\",\"name\":\"Beautyhub\",\"url\":\"https:\/\/beautyhubtr.com\/fr\/\",\"logo\":{\"@type\":\"ImageObject\",\"inLanguage\":\"fr-FR\",\"@id\":\"https:\/\/beautyhubtr.com\/fr\/#\/schema\/logo\/image\/\",\"url\":\"https:\/\/beautyhubtr.com\/fr\/wp-content\/uploads\/2025\/03\/logo-beauty-hub-main.png\",\"contentUrl\":\"https:\/\/beautyhubtr.com\/fr\/wp-content\/uploads\/2025\/03\/logo-beauty-hub-main.png\",\"width\":1600,\"height\":450,\"caption\":\"Beautyhub\"},\"image\":{\"@id\":\"https:\/\/beautyhubtr.com\/fr\/#\/schema\/logo\/image\/\"}}]}<\/script>\n<!-- \/ Yoast SEO plugin. -->","yoast_head_json":{"title":"Les facettes dentaires en Turquie - Beautyhub","robots":{"index":"index","follow":"follow","max-snippet":"max-snippet:-1","max-image-preview":"max-image-preview:large","max-video-preview":"max-video-preview:-1"},"canonical":"https:\/\/beautyhubtr.com\/fr\/hollywood-smile\/dental-veneers\/","og_locale":"fr_FR","og_type":"article","og_title":"Les facettes dentaires en Turquie - Beautyhub","og_description":"Qu&rsquo;est-ce que les facettes dentaires ? Les facettes dentaires sont des rev\u00eatements fins de la couleur des dents qui sont appliqu\u00e9s sur la face avant des dents pour am\u00e9liorer leur apparence. Elles sont g\u00e9n\u00e9ralement fabriqu\u00e9es en porcelaine ou en r\u00e9sine composite et coll\u00e9es aux dents. Les facettes corrigent des probl\u00e8mes tels que les dents \u00e9br\u00e9ch\u00e9es, [&hellip;]","og_url":"https:\/\/beautyhubtr.com\/fr\/hollywood-smile\/dental-veneers\/","og_site_name":"Beautyhub","article_modified_time":"2025-04-06T16:02:47+00:00","og_image":[{"width":980,"height":652,"url":"https:\/\/beautyhubtr.com\/fr\/wp-content\/uploads\/2025\/02\/Dental_Veneers-2web-2.webp","type":"image\/webp"}],"twitter_card":"summary_large_image","twitter_misc":{"Dur\u00e9e de lecture estim\u00e9e":"4 minutes"},"schema":{"@context":"https:\/\/schema.org","@graph":[{"@type":"WebPage","@id":"https:\/\/beautyhubtr.com\/fr\/hollywood-smile\/dental-veneers\/","url":"https:\/\/beautyhubtr.com\/fr\/hollywood-smile\/dental-veneers\/","name":"Les facettes dentaires en Turquie - Beautyhub","isPartOf":{"@id":"https:\/\/beautyhubtr.com\/fr\/#website"},"primaryImageOfPage":{"@id":"https:\/\/beautyhubtr.com\/fr\/hollywood-smile\/dental-veneers\/#primaryimage"},"image":{"@id":"https:\/\/beautyhubtr.com\/fr\/hollywood-smile\/dental-veneers\/#primaryimage"},"thumbnailUrl":"https:\/\/web.marstawi.online\/wp-content\/uploads\/2025\/02\/Dental_Veneers-2web-2.webp","datePublished":"2025-02-27T14:28:15+00:00","dateModified":"2025-04-06T16:02:47+00:00","breadcrumb":{"@id":"https:\/\/beautyhubtr.com\/fr\/hollywood-smile\/dental-veneers\/#breadcrumb"},"inLanguage":"fr-FR","potentialAction":[{"@type":"ReadAction","target":["https:\/\/beautyhubtr.com\/fr\/hollywood-smile\/dental-veneers\/"]}]},{"@type":"ImageObject","inLanguage":"fr-FR","@id":"https:\/\/beautyhubtr.com\/fr\/hollywood-smile\/dental-veneers\/#primaryimage","url":"https:\/\/web.marstawi.online\/wp-content\/uploads\/2025\/02\/Dental_Veneers-2web-2.webp","contentUrl":"https:\/\/web.marstawi.online\/wp-content\/uploads\/2025\/02\/Dental_Veneers-2web-2.webp"},{"@type":"BreadcrumbList","@id":"https:\/\/beautyhubtr.com\/fr\/hollywood-smile\/dental-veneers\/#breadcrumb","itemListElement":[{"@type":"ListItem","position":1,"name":"Home","item":"https:\/\/beautyhubtr.com\/fr\/"},{"@type":"ListItem","position":2,"name":"Hollywood Smile en Turquie","item":"https:\/\/beautyhubtr.com\/fr\/hollywood-smile\/"},{"@type":"ListItem","position":3,"name":"Les facettes dentaires en Turquie"}]},{"@type":"WebSite","@id":"https:\/\/beautyhubtr.com\/fr\/#website","url":"https:\/\/beautyhubtr.com\/fr\/","name":"Beautyhub","description":"For Hair Transplant and Plastic Surgery.","publisher":{"@id":"https:\/\/beautyhubtr.com\/fr\/#organization"},"potentialAction":[{"@type":"SearchAction","target":{"@type":"EntryPoint","urlTemplate":"https:\/\/beautyhubtr.com\/fr\/?s={search_term_string}"},"query-input":{"@type":"PropertyValueSpecification","valueRequired":true,"valueName":"search_term_string"}}],"inLanguage":"fr-FR"},{"@type":"Organization","@id":"https:\/\/beautyhubtr.com\/fr\/#organization","name":"Beautyhub","url":"https:\/\/beautyhubtr.com\/fr\/","logo":{"@type":"ImageObject","inLanguage":"fr-FR","@id":"https:\/\/beautyhubtr.com\/fr\/#\/schema\/logo\/image\/","url":"https:\/\/beautyhubtr.com\/fr\/wp-content\/uploads\/2025\/03\/logo-beauty-hub-main.png","contentUrl":"https:\/\/beautyhubtr.com\/fr\/wp-content\/uploads\/2025\/03\/logo-beauty-hub-main.png","width":1600,"height":450,"caption":"Beautyhub"},"image":{"@id":"https:\/\/beautyhubtr.com\/fr\/#\/schema\/logo\/image\/"}}]}},"uagb_featured_image_src":{"full":false,"thumbnail":false,"medium":false,"medium_large":false,"large":false,"1536x1536":false,"2048x2048":false},"uagb_author_info":{"display_name":"BeautyHUB","author_link":"https:\/\/beautyhubtr.com\/fr\/author\/marstavi\/"},"uagb_comment_info":0,"uagb_excerpt":"Qu&rsquo;est-ce que les facettes dentaires ? Les facettes dentaires sont des rev\u00eatements fins de la couleur des dents qui sont appliqu\u00e9s sur la face avant des dents pour am\u00e9liorer leur apparence. Elles sont g\u00e9n\u00e9ralement fabriqu\u00e9es en porcelaine ou en r\u00e9sine composite et coll\u00e9es aux dents. Les facettes corrigent des probl\u00e8mes tels que les dents \u00e9br\u00e9ch\u00e9es,\u2026","_links":{"self":[{"href":"https:\/\/beautyhubtr.com\/fr\/wp-json\/wp\/v2\/pages\/836","targetHints":{"allow":["GET"]}}],"collection":[{"href":"https:\/\/beautyhubtr.com\/fr\/wp-json\/wp\/v2\/pages"}],"about":[{"href":"https:\/\/beautyhubtr.com\/fr\/wp-json\/wp\/v2\/types\/page"}],"author":[{"embeddable":true,"href":"https:\/\/beautyhubtr.com\/fr\/wp-json\/wp\/v2\/users\/1"}],"replies":[{"embeddable":true,"href":"https:\/\/beautyhubtr.com\/fr\/wp-json\/wp\/v2\/comments?post=836"}],"version-history":[{"count":9,"href":"https:\/\/beautyhubtr.com\/fr\/wp-json\/wp\/v2\/pages\/836\/revisions"}],"predecessor-version":[{"id":1471,"href":"https:\/\/beautyhubtr.com\/fr\/wp-json\/wp\/v2\/pages\/836\/revisions\/1471"}],"up":[{"embeddable":true,"href":"https:\/\/beautyhubtr.com\/fr\/wp-json\/wp\/v2\/pages\/665"}],"wp:attachment":[{"href":"https:\/\/beautyhubtr.com\/fr\/wp-json\/wp\/v2\/media?parent=836"}],"curies":[{"name":"wp","href":"https:\/\/api.w.org\/{rel}","templated":true}]}}