{"id":713,"date":"2025-02-04T18:33:43","date_gmt":"2025-02-04T18:33:43","guid":{"rendered":"https:\/\/web.marstawi.online\/?page_id=713"},"modified":"2025-04-08T13:22:52","modified_gmt":"2025-04-08T10:22:52","slug":"gastric-sleeve-surgery","status":"publish","type":"page","link":"https:\/\/beautyhubtr.com\/fr\/weight-loss-surgery\/gastric-sleeve-surgery\/","title":{"rendered":"Chirurgie de la Sleeve Gastrectomie en Turquie"},"content":{"rendered":"\n<figure class=\"wp-block-image size-full\"><img loading=\"lazy\" decoding=\"async\" width=\"980\" height=\"653\" src=\"https:\/\/web.marstawi.online\/wp-content\/uploads\/2025\/03\/Gastric_Bypass_Surgery-2-web-2.webp\" alt=\"\" class=\"wp-image-917\" srcset=\"https:\/\/beautyhubtr.com\/fr\/wp-content\/uploads\/2025\/03\/Gastric_Bypass_Surgery-2-web-2.webp 980w, https:\/\/beautyhubtr.com\/fr\/wp-content\/uploads\/2025\/03\/Gastric_Bypass_Surgery-2-web-2-300x200.webp 300w, https:\/\/beautyhubtr.com\/fr\/wp-content\/uploads\/2025\/03\/Gastric_Bypass_Surgery-2-web-2-768x512.webp 768w\" sizes=\"auto, (max-width: 980px) 100vw, 980px\" \/><\/figure>\n\n\n\n<p>La chirurgie de la sleeve gastrectomie, un type de chirurgie bariatrique, est une m\u00e9thode pour traiter l&rsquo;ob\u00e9sit\u00e9 en r\u00e9duisant la taille de l&rsquo;estomac. Cette proc\u00e9dure entra\u00eene g\u00e9n\u00e9ralement une perte de poids rapide.<\/p>\n\n\n\n<h2 class=\"wp-block-heading\"><strong>D\u00e9tails de la Proc\u00e9dure<\/strong><\/h2>\n\n\n\n<p>Aussi connue sous le nom de gastrectomie longitudinale, la chirurgie de la sleeve gastrectomie est g\u00e9n\u00e9ralement r\u00e9alis\u00e9e de mani\u00e8re peu invasive \u00e0 l&rsquo;aide d&rsquo;un laparoscope. Cela implique l&rsquo;insertion d&rsquo;un tube fin avec des lumi\u00e8res, une cam\u00e9ra et des instruments chirurgicaux dans l&rsquo;abdomen par de petites incisions. La chirurgie est r\u00e9alis\u00e9e sous anesth\u00e9sie g\u00e9n\u00e9rale, qui induit un sommeil profond et n\u00e9cessite un ventilateur pour la respiration.<\/p>\n\n\n\n<p>Pendant la proc\u00e9dure, l&rsquo;estomac est divis\u00e9 en deux sections. Environ 80% de la courbure externe de l&rsquo;estomac est retir\u00e9e, laissant un estomac en forme de banane qui repr\u00e9sente environ 25% de sa taille d&rsquo;origine. L&rsquo;op\u00e9ration dure g\u00e9n\u00e9ralement environ une heure. Ensuite, vous passerez environ une heure en salle de r\u00e9veil avant de vous r\u00e9veiller de l&rsquo;anesth\u00e9sie.<\/p>\n\n\n\n<p>Les petites incisions abdominales gu\u00e9rissent rapidement, et la nature peu invasive de la chirurgie permet une r\u00e9cup\u00e9ration plus rapide par rapport \u00e0 une chirurgie ouverte traditionnelle. En l&rsquo;absence de complications, vous pouvez vous attendre \u00e0 quitter l&rsquo;h\u00f4pital dans les 2 \u00e0 3 jours.<\/p>\n\n\n\n<h2 class=\"wp-block-heading\"><strong>Avantages de la Perte de Poids<\/strong><\/h2>\n\n\n\n<p>Une perte de poids significative peut am\u00e9liorer votre qualit\u00e9 de vie et simplifier de nombreuses activit\u00e9s quotidiennes. De plus, elle r\u00e9duit le risque de plusieurs maladies li\u00e9es \u00e0 l&rsquo;ob\u00e9sit\u00e9, telles que :<\/p>\n\n\n\n<ul class=\"wp-block-list\">\n<li>Diab\u00e8te de type 2<\/li>\n\n\n\n<li>Cholest\u00e9rol \u00e9lev\u00e9 (hyperlipid\u00e9mie)<\/li>\n\n\n\n<li>Hypertension art\u00e9rielle (hypertension)<\/li>\n\n\n\n<li>Apn\u00e9e obstructive du sommeil<\/li>\n<\/ul>\n\n\n\n<h2 class=\"wp-block-heading\"><strong>Crit\u00e8res d&rsquo;\u00c9ligibilit\u00e9<\/strong><\/h2>\n\n\n\n<p>La chirurgie bariatrique, y compris la chirurgie de la sleeve gastrectomie, est envisag\u00e9e seulement apr\u00e8s de s\u00e9rieuses tentatives de r\u00e9gime, d&rsquo;exercice et de m\u00e9dicaments pour la perte de poids ont \u00e9chou\u00e9. L&rsquo;\u00e9ligibilit\u00e9 est bas\u00e9e sur l&rsquo;indice de masse corporelle (IMC) et la pr\u00e9sence de conditions de sant\u00e9 li\u00e9es \u00e0 l&rsquo;ob\u00e9sit\u00e9.<\/p>\n\n\n\n<h2 class=\"wp-block-heading\"><strong>Exigences d&rsquo;\u00c9ligibilit\u00e9 :<\/strong><\/h2>\n\n\n\n<ul class=\"wp-block-list\">\n<li>Ob\u00e9sit\u00e9 morbide (IMC > 40)<\/li>\n\n\n\n<li>Ob\u00e9sit\u00e9 (IMC 35-39) avec au moins une condition de sant\u00e9 li\u00e9e \u00e0 l&rsquo;ob\u00e9sit\u00e9 significative Dans certains cas, les personnes en surpoids mais ne r\u00e9pondant pas aux crit\u00e8res d&rsquo;ob\u00e9sit\u00e9 peuvent \u00eatre \u00e9ligibles \u00e0 la chirurgie si elles ont des probl\u00e8mes de sant\u00e9 significatifs li\u00e9s au poids.<\/li>\n<\/ul>\n\n\n\n<h3 class=\"wp-block-heading\"><strong>Changements Di\u00e9t\u00e9tiques Apr\u00e8s la Chirurgie<\/strong><\/h3>\n\n\n\n<p>Avant de subir une sleeve gastrectomie, vous devez vous engager \u00e0 certains changements de mode de vie recommand\u00e9s par votre chirurgien pour atteindre et maintenir la perte de poids. Un changement cl\u00e9 est l&rsquo;adoption d&rsquo;une alimentation plus saine pour la vie.<\/p>\n\n\n\n<p>Votre chirurgien vous fournira des directives di\u00e9t\u00e9tiques sp\u00e9cifiques avant et apr\u00e8s la chirurgie. Voici un aper\u00e7u g\u00e9n\u00e9ral des changements di\u00e9t\u00e9tiques auxquels vous pouvez vous attendre :<\/p>\n\n\n\n<h2 class=\"wp-block-heading\"><strong>Ajustements Di\u00e9t\u00e9tiques :<\/strong><\/h2>\n\n\n\n<ul class=\"wp-block-list\">\n<li>Deux semaines avant la chirurgie : Augmentez l&rsquo;apport en prot\u00e9ines, r\u00e9duisez les glucides et \u00e9liminez le sucre de votre alimentation.<\/li>\n\n\n\n<li>Deux jours avant la chirurgie et la premi\u00e8re semaine apr\u00e8s la chirurgie : Ne consommez que des liquides clairs, non caf\u00e9in\u00e9s et non gazeux.<\/li>\n\n\n\n<li>Trois semaines suivantes : Introduisez des aliments en pur\u00e9e dans votre alimentation.<\/li>\n\n\n\n<li>Un mois apr\u00e8s la chirurgie : Passez \u00e0 une alimentation normale et saine, mais en plus petites portions, car vous vous sentirez rassasi\u00e9 plus t\u00f4t et votre app\u00e9tit sera r\u00e9duit.<\/li>\n<\/ul>\n\n\n\n<p>Pour \u00e9viter les carences nutritionnelles dues au r\u00e9gime restreint, il est crucial de prendre des suppl\u00e9ments tels que des multivitamines, du calcium et des injections mensuelles de B12 comme recommand\u00e9.<\/p>\n\n\n\n<p><\/p>\n\n\n\n<div class=\"wp-block-stackable-columns stk-block-columns stk-block stk-b68a3f2\" data-block-id=\"b68a3f2\"><style>.stk-b68a3f2 {margin-bottom:0px !important;}.stk-b68a3f2-column{--stk-columns-spacing:0px !important;}<\/style><div class=\"stk-row stk-inner-blocks stk-block-content stk-content-align stk-b68a3f2-column\">\n<div class=\"wp-block-stackable-column stk-block-column stk-column stk-block stk-d353c8b\" data-v=\"4\" data-block-id=\"d353c8b\"><style>.stk-d353c8b-container{margin-top:0px !important;margin-right:0px !important;margin-bottom:0px !important;margin-left:0px !important;}<\/style><div class=\"stk-column-wrapper stk-block-column__content stk-container stk-d353c8b-container stk--no-background stk--no-padding\"><div class=\"stk-block-content stk-inner-blocks stk-d353c8b-inner-blocks\">\n<h3 class=\"wp-block-heading has-text-align-center\">Nous fournissons le plus haut niveau de satisfaction des services de soins \u00e0 nos patients.<\/h3>\n\n\n\n<h3 class=\"wp-block-heading has-text-align-center\">+90 551 888 20 80<a href=\"tel:+905518882080\"><\/a><\/h3>\n\n\n\n<div class=\"wp-block-uagb-buttons uagb-buttons__outer-wrap uagb-btn__default-btn uagb-btn-tablet__default-btn uagb-btn-mobile__default-btn uagb-block-0185e4b2\"><div class=\"uagb-buttons__wrap uagb-buttons-layout-wrap \">\n<div class=\"wp-block-uagb-buttons-child uagb-buttons__outer-wrap uagb-block-89548b30 wp-block-button\"><div class=\"uagb-button__wrapper\"><a class=\"uagb-buttons-repeater wp-block-button__link\" aria-label=\"\" href=\"https:\/\/beautyhubtr.com\/fr\/consultation\/\" rel=\"follow noopener\" target=\"_self\" role=\"button\"><div class=\"uagb-button__link\">Demander un rendez-vous<\/div><\/a><\/div><\/div>\n<\/div><\/div>\n<\/div><\/div><\/div>\n<\/div><\/div>\n\n\n\n<p><\/p>\n","protected":false},"excerpt":{"rendered":"<p>La chirurgie de la sleeve gastrectomie, un type de chirurgie bariatrique, est une m\u00e9thode pour traiter l&rsquo;ob\u00e9sit\u00e9 en r\u00e9duisant la taille de l&rsquo;estomac. Cette proc\u00e9dure entra\u00eene g\u00e9n\u00e9ralement une perte de poids rapide. D\u00e9tails de la Proc\u00e9dure Aussi connue sous le nom de gastrectomie longitudinale, la chirurgie de la sleeve gastrectomie est g\u00e9n\u00e9ralement r\u00e9alis\u00e9e de mani\u00e8re [&hellip;]<\/p>\n","protected":false},"author":1,"featured_media":0,"parent":671,"menu_order":0,"comment_status":"closed","ping_status":"closed","template":"","meta":{"_uag_custom_page_level_css":"","footnotes":""},"class_list":["post-713","page","type-page","status-publish","hentry"],"blocksy_meta":[],"yoast_head":"<!-- This site is optimized with the Yoast SEO plugin v24.8.1 - https:\/\/yoast.com\/wordpress\/plugins\/seo\/ -->\n<title>Chirurgie de la Sleeve Gastrectomie en Turquie - Beautyhub<\/title>\n<meta name=\"robots\" content=\"index, follow, max-snippet:-1, max-image-preview:large, max-video-preview:-1\" \/>\n<link rel=\"canonical\" href=\"https:\/\/beautyhubtr.com\/fr\/weight-loss-surgery\/gastric-sleeve-surgery\/\" \/>\n<meta property=\"og:locale\" content=\"fr_FR\" \/>\n<meta property=\"og:type\" content=\"article\" \/>\n<meta property=\"og:title\" content=\"Chirurgie de la Sleeve Gastrectomie en Turquie - Beautyhub\" \/>\n<meta property=\"og:description\" content=\"La chirurgie de la sleeve gastrectomie, un type de chirurgie bariatrique, est une m\u00e9thode pour traiter l&rsquo;ob\u00e9sit\u00e9 en r\u00e9duisant la taille de l&rsquo;estomac. Cette proc\u00e9dure entra\u00eene g\u00e9n\u00e9ralement une perte de poids rapide. D\u00e9tails de la Proc\u00e9dure Aussi connue sous le nom de gastrectomie longitudinale, la chirurgie de la sleeve gastrectomie est g\u00e9n\u00e9ralement r\u00e9alis\u00e9e de mani\u00e8re [&hellip;]\" \/>\n<meta property=\"og:url\" content=\"https:\/\/beautyhubtr.com\/fr\/weight-loss-surgery\/gastric-sleeve-surgery\/\" \/>\n<meta property=\"og:site_name\" content=\"Beautyhub\" \/>\n<meta property=\"article:modified_time\" content=\"2025-04-08T10:22:52+00:00\" \/>\n<meta property=\"og:image\" content=\"https:\/\/beautyhubtr.com\/fr\/wp-content\/uploads\/2025\/03\/Gastric_Bypass_Surgery-2-web-2.webp\" \/>\n\t<meta property=\"og:image:width\" content=\"980\" \/>\n\t<meta property=\"og:image:height\" content=\"653\" \/>\n\t<meta property=\"og:image:type\" content=\"image\/webp\" \/>\n<meta name=\"twitter:card\" content=\"summary_large_image\" \/>\n<meta name=\"twitter:label1\" content=\"Dur\u00e9e de lecture estim\u00e9e\" \/>\n\t<meta name=\"twitter:data1\" content=\"4 minutes\" \/>\n<script type=\"application\/ld+json\" class=\"yoast-schema-graph\">{\"@context\":\"https:\/\/schema.org\",\"@graph\":[{\"@type\":\"WebPage\",\"@id\":\"https:\/\/beautyhubtr.com\/fr\/weight-loss-surgery\/gastric-sleeve-surgery\/\",\"url\":\"https:\/\/beautyhubtr.com\/fr\/weight-loss-surgery\/gastric-sleeve-surgery\/\",\"name\":\"Chirurgie de la Sleeve Gastrectomie en Turquie - Beautyhub\",\"isPartOf\":{\"@id\":\"https:\/\/beautyhubtr.com\/fr\/#website\"},\"primaryImageOfPage\":{\"@id\":\"https:\/\/beautyhubtr.com\/fr\/weight-loss-surgery\/gastric-sleeve-surgery\/#primaryimage\"},\"image\":{\"@id\":\"https:\/\/beautyhubtr.com\/fr\/weight-loss-surgery\/gastric-sleeve-surgery\/#primaryimage\"},\"thumbnailUrl\":\"https:\/\/web.marstawi.online\/wp-content\/uploads\/2025\/03\/Gastric_Bypass_Surgery-2-web-2.webp\",\"datePublished\":\"2025-02-04T18:33:43+00:00\",\"dateModified\":\"2025-04-08T10:22:52+00:00\",\"breadcrumb\":{\"@id\":\"https:\/\/beautyhubtr.com\/fr\/weight-loss-surgery\/gastric-sleeve-surgery\/#breadcrumb\"},\"inLanguage\":\"fr-FR\",\"potentialAction\":[{\"@type\":\"ReadAction\",\"target\":[\"https:\/\/beautyhubtr.com\/fr\/weight-loss-surgery\/gastric-sleeve-surgery\/\"]}]},{\"@type\":\"ImageObject\",\"inLanguage\":\"fr-FR\",\"@id\":\"https:\/\/beautyhubtr.com\/fr\/weight-loss-surgery\/gastric-sleeve-surgery\/#primaryimage\",\"url\":\"https:\/\/web.marstawi.online\/wp-content\/uploads\/2025\/03\/Gastric_Bypass_Surgery-2-web-2.webp\",\"contentUrl\":\"https:\/\/web.marstawi.online\/wp-content\/uploads\/2025\/03\/Gastric_Bypass_Surgery-2-web-2.webp\"},{\"@type\":\"BreadcrumbList\",\"@id\":\"https:\/\/beautyhubtr.com\/fr\/weight-loss-surgery\/gastric-sleeve-surgery\/#breadcrumb\",\"itemListElement\":[{\"@type\":\"ListItem\",\"position\":1,\"name\":\"Home\",\"item\":\"https:\/\/beautyhubtr.com\/fr\/\"},{\"@type\":\"ListItem\",\"position\":2,\"name\":\"Weight Loss Surgery en Turquie\",\"item\":\"https:\/\/beautyhubtr.com\/fr\/weight-loss-surgery\/\"},{\"@type\":\"ListItem\",\"position\":3,\"name\":\"Chirurgie de la Sleeve Gastrectomie en Turquie\"}]},{\"@type\":\"WebSite\",\"@id\":\"https:\/\/beautyhubtr.com\/fr\/#website\",\"url\":\"https:\/\/beautyhubtr.com\/fr\/\",\"name\":\"Beautyhub\",\"description\":\"For Hair Transplant and Plastic Surgery.\",\"publisher\":{\"@id\":\"https:\/\/beautyhubtr.com\/fr\/#organization\"},\"potentialAction\":[{\"@type\":\"SearchAction\",\"target\":{\"@type\":\"EntryPoint\",\"urlTemplate\":\"https:\/\/beautyhubtr.com\/fr\/?s={search_term_string}\"},\"query-input\":{\"@type\":\"PropertyValueSpecification\",\"valueRequired\":true,\"valueName\":\"search_term_string\"}}],\"inLanguage\":\"fr-FR\"},{\"@type\":\"Organization\",\"@id\":\"https:\/\/beautyhubtr.com\/fr\/#organization\",\"name\":\"Beautyhub\",\"url\":\"https:\/\/beautyhubtr.com\/fr\/\",\"logo\":{\"@type\":\"ImageObject\",\"inLanguage\":\"fr-FR\",\"@id\":\"https:\/\/beautyhubtr.com\/fr\/#\/schema\/logo\/image\/\",\"url\":\"https:\/\/beautyhubtr.com\/fr\/wp-content\/uploads\/2025\/03\/logo-beauty-hub-main.png\",\"contentUrl\":\"https:\/\/beautyhubtr.com\/fr\/wp-content\/uploads\/2025\/03\/logo-beauty-hub-main.png\",\"width\":1600,\"height\":450,\"caption\":\"Beautyhub\"},\"image\":{\"@id\":\"https:\/\/beautyhubtr.com\/fr\/#\/schema\/logo\/image\/\"}}]}<\/script>\n<!-- \/ Yoast SEO plugin. -->","yoast_head_json":{"title":"Chirurgie de la Sleeve Gastrectomie en Turquie - Beautyhub","robots":{"index":"index","follow":"follow","max-snippet":"max-snippet:-1","max-image-preview":"max-image-preview:large","max-video-preview":"max-video-preview:-1"},"canonical":"https:\/\/beautyhubtr.com\/fr\/weight-loss-surgery\/gastric-sleeve-surgery\/","og_locale":"fr_FR","og_type":"article","og_title":"Chirurgie de la Sleeve Gastrectomie en Turquie - Beautyhub","og_description":"La chirurgie de la sleeve gastrectomie, un type de chirurgie bariatrique, est une m\u00e9thode pour traiter l&rsquo;ob\u00e9sit\u00e9 en r\u00e9duisant la taille de l&rsquo;estomac. Cette proc\u00e9dure entra\u00eene g\u00e9n\u00e9ralement une perte de poids rapide. D\u00e9tails de la Proc\u00e9dure Aussi connue sous le nom de gastrectomie longitudinale, la chirurgie de la sleeve gastrectomie est g\u00e9n\u00e9ralement r\u00e9alis\u00e9e de mani\u00e8re [&hellip;]","og_url":"https:\/\/beautyhubtr.com\/fr\/weight-loss-surgery\/gastric-sleeve-surgery\/","og_site_name":"Beautyhub","article_modified_time":"2025-04-08T10:22:52+00:00","og_image":[{"width":980,"height":653,"url":"https:\/\/beautyhubtr.com\/fr\/wp-content\/uploads\/2025\/03\/Gastric_Bypass_Surgery-2-web-2.webp","type":"image\/webp"}],"twitter_card":"summary_large_image","twitter_misc":{"Dur\u00e9e de lecture estim\u00e9e":"4 minutes"},"schema":{"@context":"https:\/\/schema.org","@graph":[{"@type":"WebPage","@id":"https:\/\/beautyhubtr.com\/fr\/weight-loss-surgery\/gastric-sleeve-surgery\/","url":"https:\/\/beautyhubtr.com\/fr\/weight-loss-surgery\/gastric-sleeve-surgery\/","name":"Chirurgie de la Sleeve Gastrectomie en Turquie - Beautyhub","isPartOf":{"@id":"https:\/\/beautyhubtr.com\/fr\/#website"},"primaryImageOfPage":{"@id":"https:\/\/beautyhubtr.com\/fr\/weight-loss-surgery\/gastric-sleeve-surgery\/#primaryimage"},"image":{"@id":"https:\/\/beautyhubtr.com\/fr\/weight-loss-surgery\/gastric-sleeve-surgery\/#primaryimage"},"thumbnailUrl":"https:\/\/web.marstawi.online\/wp-content\/uploads\/2025\/03\/Gastric_Bypass_Surgery-2-web-2.webp","datePublished":"2025-02-04T18:33:43+00:00","dateModified":"2025-04-08T10:22:52+00:00","breadcrumb":{"@id":"https:\/\/beautyhubtr.com\/fr\/weight-loss-surgery\/gastric-sleeve-surgery\/#breadcrumb"},"inLanguage":"fr-FR","potentialAction":[{"@type":"ReadAction","target":["https:\/\/beautyhubtr.com\/fr\/weight-loss-surgery\/gastric-sleeve-surgery\/"]}]},{"@type":"ImageObject","inLanguage":"fr-FR","@id":"https:\/\/beautyhubtr.com\/fr\/weight-loss-surgery\/gastric-sleeve-surgery\/#primaryimage","url":"https:\/\/web.marstawi.online\/wp-content\/uploads\/2025\/03\/Gastric_Bypass_Surgery-2-web-2.webp","contentUrl":"https:\/\/web.marstawi.online\/wp-content\/uploads\/2025\/03\/Gastric_Bypass_Surgery-2-web-2.webp"},{"@type":"BreadcrumbList","@id":"https:\/\/beautyhubtr.com\/fr\/weight-loss-surgery\/gastric-sleeve-surgery\/#breadcrumb","itemListElement":[{"@type":"ListItem","position":1,"name":"Home","item":"https:\/\/beautyhubtr.com\/fr\/"},{"@type":"ListItem","position":2,"name":"Weight Loss Surgery en Turquie","item":"https:\/\/beautyhubtr.com\/fr\/weight-loss-surgery\/"},{"@type":"ListItem","position":3,"name":"Chirurgie de la Sleeve Gastrectomie en Turquie"}]},{"@type":"WebSite","@id":"https:\/\/beautyhubtr.com\/fr\/#website","url":"https:\/\/beautyhubtr.com\/fr\/","name":"Beautyhub","description":"For Hair Transplant and Plastic Surgery.","publisher":{"@id":"https:\/\/beautyhubtr.com\/fr\/#organization"},"potentialAction":[{"@type":"SearchAction","target":{"@type":"EntryPoint","urlTemplate":"https:\/\/beautyhubtr.com\/fr\/?s={search_term_string}"},"query-input":{"@type":"PropertyValueSpecification","valueRequired":true,"valueName":"search_term_string"}}],"inLanguage":"fr-FR"},{"@type":"Organization","@id":"https:\/\/beautyhubtr.com\/fr\/#organization","name":"Beautyhub","url":"https:\/\/beautyhubtr.com\/fr\/","logo":{"@type":"ImageObject","inLanguage":"fr-FR","@id":"https:\/\/beautyhubtr.com\/fr\/#\/schema\/logo\/image\/","url":"https:\/\/beautyhubtr.com\/fr\/wp-content\/uploads\/2025\/03\/logo-beauty-hub-main.png","contentUrl":"https:\/\/beautyhubtr.com\/fr\/wp-content\/uploads\/2025\/03\/logo-beauty-hub-main.png","width":1600,"height":450,"caption":"Beautyhub"},"image":{"@id":"https:\/\/beautyhubtr.com\/fr\/#\/schema\/logo\/image\/"}}]}},"uagb_featured_image_src":{"full":false,"thumbnail":false,"medium":false,"medium_large":false,"large":false,"1536x1536":false,"2048x2048":false},"uagb_author_info":{"display_name":"BeautyHUB","author_link":"https:\/\/beautyhubtr.com\/fr\/author\/marstavi\/"},"uagb_comment_info":0,"uagb_excerpt":"La chirurgie de la sleeve gastrectomie, un type de chirurgie bariatrique, est une m\u00e9thode pour traiter l&rsquo;ob\u00e9sit\u00e9 en r\u00e9duisant la taille de l&rsquo;estomac. Cette proc\u00e9dure entra\u00eene g\u00e9n\u00e9ralement une perte de poids rapide. D\u00e9tails de la Proc\u00e9dure Aussi connue sous le nom de gastrectomie longitudinale, la chirurgie de la sleeve gastrectomie est g\u00e9n\u00e9ralement r\u00e9alis\u00e9e de mani\u00e8re\u2026","_links":{"self":[{"href":"https:\/\/beautyhubtr.com\/fr\/wp-json\/wp\/v2\/pages\/713","targetHints":{"allow":["GET"]}}],"collection":[{"href":"https:\/\/beautyhubtr.com\/fr\/wp-json\/wp\/v2\/pages"}],"about":[{"href":"https:\/\/beautyhubtr.com\/fr\/wp-json\/wp\/v2\/types\/page"}],"author":[{"embeddable":true,"href":"https:\/\/beautyhubtr.com\/fr\/wp-json\/wp\/v2\/users\/1"}],"replies":[{"embeddable":true,"href":"https:\/\/beautyhubtr.com\/fr\/wp-json\/wp\/v2\/comments?post=713"}],"version-history":[{"count":5,"href":"https:\/\/beautyhubtr.com\/fr\/wp-json\/wp\/v2\/pages\/713\/revisions"}],"predecessor-version":[{"id":1488,"href":"https:\/\/beautyhubtr.com\/fr\/wp-json\/wp\/v2\/pages\/713\/revisions\/1488"}],"up":[{"embeddable":true,"href":"https:\/\/beautyhubtr.com\/fr\/wp-json\/wp\/v2\/pages\/671"}],"wp:attachment":[{"href":"https:\/\/beautyhubtr.com\/fr\/wp-json\/wp\/v2\/media?parent=713"}],"curies":[{"name":"wp","href":"https:\/\/api.w.org\/{rel}","templated":true}]}}