{"id":709,"date":"2025-02-04T18:32:23","date_gmt":"2025-02-04T18:32:23","guid":{"rendered":"https:\/\/web.marstawi.online\/?page_id=709"},"modified":"2025-04-08T13:19:44","modified_gmt":"2025-04-08T10:19:44","slug":"intragastric-balloon-placement","status":"publish","type":"page","link":"https:\/\/beautyhubtr.com\/fr\/weight-loss-surgery\/intragastric-balloon-placement\/","title":{"rendered":"Pose de Ballon Intragastrique en Turquie"},"content":{"rendered":"\n<figure class=\"wp-block-image size-full\"><img loading=\"lazy\" decoding=\"async\" width=\"980\" height=\"653\" src=\"https:\/\/web.marstawi.online\/wp-content\/uploads\/2025\/03\/Intragastric_Balloon_Placement-2web-2-1-2web-2-2025-2web-1.jpg\" alt=\"\" class=\"wp-image-1267\" srcset=\"https:\/\/beautyhubtr.com\/fr\/wp-content\/uploads\/2025\/03\/Intragastric_Balloon_Placement-2web-2-1-2web-2-2025-2web-1.jpg 980w, https:\/\/beautyhubtr.com\/fr\/wp-content\/uploads\/2025\/03\/Intragastric_Balloon_Placement-2web-2-1-2web-2-2025-2web-1-300x200.jpg 300w, https:\/\/beautyhubtr.com\/fr\/wp-content\/uploads\/2025\/03\/Intragastric_Balloon_Placement-2web-2-1-2web-2-2025-2web-1-768x512.jpg 768w\" sizes=\"auto, (max-width: 980px) 100vw, 980px\" \/><\/figure>\n\n\n\n<h2 class=\"wp-block-heading\"><strong>Pose de Ballon Intragastrique : Ce que vous devez savoir<\/strong><\/h2>\n\n\n\n<p>La pose de ballon intragastrique est une m\u00e9thode de perte de poids o\u00f9 un ballon en silicone rempli de solution saline est ins\u00e9r\u00e9 dans l&rsquo;estomac. Cela aide \u00e0 r\u00e9duire l&rsquo;apport alimentaire et favorise une sensation de sati\u00e9t\u00e9 plus rapide.<\/p>\n\n\n\n<h2 class=\"wp-block-heading\"><strong>Objectif<\/strong><\/h2>\n\n\n\n<p>La chirurgie du ballon gastrique est envisag\u00e9e lorsque la gestion du poids par le r\u00e9gime et l&rsquo;exercice n&rsquo;a pas \u00e9t\u00e9 r\u00e9ussie. Comme pour toutes les proc\u00e9dures de perte de poids, l&rsquo;adoption d&rsquo;un mode de vie plus sain est cruciale pour l&rsquo;efficacit\u00e9 \u00e0 long terme du ballon gastrique. Cela inclut des modifications alimentaires constantes et une activit\u00e9 physique r\u00e9guli\u00e8re.<\/p>\n\n\n\n<h2 class=\"wp-block-heading\"><strong>Avantages<\/strong><\/h2>\n\n\n\n<p>Le ballon intragastrique aide \u00e0 perdre du poids, ce qui peut r\u00e9duire le risque de divers probl\u00e8mes de sant\u00e9 graves li\u00e9s \u00e0 l&rsquo;ob\u00e9sit\u00e9, tels que :<\/p>\n\n\n\n<ul class=\"wp-block-list\">\n<li>Le reflux gastro-\u0153sophagien (RGO)<\/li>\n\n\n\n<li>Les maladies cardiovasculaires ou les accidents vasculaires c\u00e9r\u00e9braux (AVC)<\/li>\n\n\n\n<li>L&rsquo;hypertension<\/li>\n\n\n\n<li>L&rsquo;apn\u00e9e obstructive du sommeil<\/li>\n\n\n\n<li>La st\u00e9atose h\u00e9patique non alcoolique (NAFLD) ou la st\u00e9atoh\u00e9patite non alcoolique (NASH)<\/li>\n\n\n\n<li>Le diab\u00e8te de type 2<\/li>\n<\/ul>\n\n\n\n<p>Les chirurgies de perte de poids, y compris la pose de ballon intragastrique, sont g\u00e9n\u00e9ralement consid\u00e9r\u00e9es uniquement apr\u00e8s que d&rsquo;autres m\u00e9thodes, comme le r\u00e9gime et l&rsquo;exercice, ont \u00e9t\u00e9 essay\u00e9es sans succ\u00e8s.<\/p>\n\n\n\n<h2 class=\"wp-block-heading\"><strong>\u00c9ligibilit\u00e9<\/strong><\/h2>\n\n\n\n<p>Vous pourriez \u00eatre un candidat pour un ballon intragastrique si :<\/p>\n\n\n\n<ul class=\"wp-block-list\">\n<li>Votre indice de masse corporelle (IMC) est compris entre 30 et 40<\/li>\n\n\n\n<li>Vous \u00eates pr\u00eat \u00e0 adopter et maintenir des changements de mode de vie sains, \u00e0 assister \u00e0 des suivis m\u00e9dicaux r\u00e9guliers et \u00e0 participer \u00e0 une th\u00e9rapie comportementale<\/li>\n\n\n\n<li>Vous n&rsquo;avez pas subi de chirurgie pr\u00e9alable de l&rsquo;estomac ou de l&rsquo;\u0153sophage<\/li>\n<\/ul>\n\n\n\n<p>Toutes les personnes en surpoids ne sont pas des candidates appropri\u00e9es pour cette proc\u00e9dure. Un processus de d\u00e9pistage approfondi d\u00e9terminera si elle est adapt\u00e9e pour vous. Actuellement, le co\u00fbt de l&rsquo;insertion et du retrait du ballon intragastrique n&rsquo;est souvent pas couvert par l&rsquo;assurance maladie, ce qui en fait une d\u00e9pense personnelle.<\/p>\n\n\n\n<h2 class=\"wp-block-heading\"><strong>Pr\u00e9paration<\/strong><\/h2>\n\n\n\n<p>Pour pr\u00e9parer la pose d&rsquo;un ballon intragastrique, votre \u00e9quipe m\u00e9dicale vous fournira des instructions sp\u00e9cifiques. Cela peut inclure la r\u00e9alisation de divers tests de laboratoire et examens physiques. Vous devrez peut-\u00eatre modifier votre r\u00e9gime alimentaire, limiter certaines boissons et ajuster votre prise de m\u00e9dicaments avant la proc\u00e9dure. Commencer un programme d&rsquo;activit\u00e9 physique est \u00e9galement recommand\u00e9.<\/p>\n\n\n\n<h2 class=\"wp-block-heading\"><strong>D\u00e9tails de la Proc\u00e9dure<\/strong><\/h2>\n\n\n\n<p>La pose de ballon gastrique est une proc\u00e9dure ambulatoire g\u00e9n\u00e9ralement r\u00e9alis\u00e9e dans une salle d&rsquo;endoscopie sous s\u00e9dation. Pendant la proc\u00e9dure :<\/p>\n\n\n\n<ul class=\"wp-block-list\">\n<li>Un tube fin avec le ballon est ins\u00e9r\u00e9 par la gorge dans l&rsquo;estomac.<\/li>\n\n\n\n<li>Un endoscope, un tube flexible avec une cam\u00e9ra, est ensuite utilis\u00e9 pour guider la pose et le remplissage du ballon avec de la solution saline.<\/li>\n<\/ul>\n\n\n\n<p>La proc\u00e9dure dure environ 30 minutes et vous pouvez g\u00e9n\u00e9ralement rentrer chez vous 1 \u00e0 2 heures plus tard.<\/p>\n\n\n\n<h2 class=\"wp-block-heading\"><strong>Post-Proc\u00e9dure<\/strong><\/h2>\n\n\n\n<p>Environ 6 heures apr\u00e8s la proc\u00e9dure, vous pouvez commencer \u00e0 boire de petites quantit\u00e9s de liquides clairs. Un r\u00e9gime liquide est g\u00e9n\u00e9ralement maintenu jusqu&rsquo;\u00e0 la deuxi\u00e8me semaine, lorsque vous pouvez commencer \u00e0 manger des aliments mous, puis passer \u00e0 un r\u00e9gime normal \u00e0 la troisi\u00e8me semaine. Le ballon reste en place pendant jusqu&rsquo;\u00e0 6 mois avant d&rsquo;\u00eatre retir\u00e9 par endoscopie. Selon votre plan de traitement, un nouveau ballon peut \u00eatre ins\u00e9r\u00e9 \u00e0 ce moment-l\u00e0.<\/p>\n\n\n\n<p>Apr\u00e8s la proc\u00e9dure, vous aurez des suivis r\u00e9guliers avec votre \u00e9quipe de soins de sant\u00e9, y compris votre di\u00e9t\u00e9ticien et psychologue.<\/p>\n\n\n\n<h2 class=\"wp-block-heading\"><strong>R\u00e9sultats<\/strong><\/h2>\n\n\n\n<p>Le ballon gastrique vous aide \u00e0 vous sentir rassasi\u00e9 plus t\u00f4t et \u00e0 manger moins. Cela peut \u00eatre d\u00fb au fait que le ballon ralentit la vidange de l&rsquo;estomac et affecte les hormones r\u00e9gulant l&rsquo;app\u00e9tit.<\/p>\n\n\n\n<p>La quantit\u00e9 de poids perdue d\u00e9pend de votre capacit\u00e9 \u00e0 mettre en \u0153uvre des changements de mode de vie, tels que le r\u00e9gime alimentaire et l&rsquo;exercice. En moyenne, les individus peuvent s&rsquo;attendre \u00e0 perdre environ 7 % \u00e0 15 % de leur poids corporel dans les 6 mois suivant la pose du ballon, avec une perte de poids exc\u00e9dentaire totale comprise entre 30 % et 47 %.<\/p>\n\n\n\n<p>Comme pour d&rsquo;autres proc\u00e9dures de perte de poids significative, les ballons intragastriques peuvent aider \u00e0 am\u00e9liorer ou \u00e0 r\u00e9soudre les conditions li\u00e9es \u00e0 l&rsquo;ob\u00e9sit\u00e9 telles que :<\/p>\n\n\n\n<ul class=\"wp-block-list\">\n<li>RGO<\/li>\n\n\n\n<li>Maladie cardiaque<\/li>\n\n\n\n<li>Hypertension<\/li>\n\n\n\n<li>Apn\u00e9e obstructive du sommeil<\/li>\n\n\n\n<li>Arthrose<\/li>\n\n\n\n<li>Diab\u00e8te de type 2<\/li>\n\n\n\n<li>Hypercholest\u00e9rol\u00e9mie<\/li>\n\n\n\n<li>NAFLD ou NASH<\/li>\n<\/ul>\n\n\n\n<p><\/p>\n\n\n\n<div class=\"wp-block-stackable-columns stk-block-columns stk-block stk-b68a3f2\" data-block-id=\"b68a3f2\"><style>.stk-b68a3f2 {margin-bottom:0px !important;}.stk-b68a3f2-column{--stk-columns-spacing:0px !important;}<\/style><div class=\"stk-row stk-inner-blocks stk-block-content stk-content-align stk-b68a3f2-column\">\n<div class=\"wp-block-stackable-column stk-block-column stk-column stk-block stk-d353c8b\" data-v=\"4\" data-block-id=\"d353c8b\"><style>.stk-d353c8b-container{margin-top:0px !important;margin-right:0px !important;margin-bottom:0px !important;margin-left:0px !important;}<\/style><div class=\"stk-column-wrapper stk-block-column__content stk-container stk-d353c8b-container stk--no-background stk--no-padding\"><div class=\"stk-block-content stk-inner-blocks stk-d353c8b-inner-blocks\">\n<h3 class=\"wp-block-heading has-text-align-center\">Nous fournissons le plus haut niveau de satisfaction des services de soins \u00e0 nos patients.<\/h3>\n\n\n\n<h3 class=\"wp-block-heading has-text-align-center\">+90 551 888 20 80<a href=\"tel:+905518882080\"><\/a><\/h3>\n\n\n\n<div class=\"wp-block-uagb-buttons uagb-buttons__outer-wrap uagb-btn__default-btn uagb-btn-tablet__default-btn uagb-btn-mobile__default-btn uagb-block-0185e4b2\"><div class=\"uagb-buttons__wrap uagb-buttons-layout-wrap \">\n<div class=\"wp-block-uagb-buttons-child uagb-buttons__outer-wrap uagb-block-89548b30 wp-block-button\"><div class=\"uagb-button__wrapper\"><a class=\"uagb-buttons-repeater wp-block-button__link\" aria-label=\"\" href=\"https:\/\/beautyhubtr.com\/fr\/consultation\/\" rel=\"follow noopener\" target=\"_self\" role=\"button\"><div class=\"uagb-button__link\">Demander un rendez-vous<\/div><\/a><\/div><\/div>\n<\/div><\/div>\n<\/div><\/div><\/div>\n<\/div><\/div>\n\n\n\n<p><\/p>\n","protected":false},"excerpt":{"rendered":"<p>Pose de Ballon Intragastrique : Ce que vous devez savoir La pose de ballon intragastrique est une m\u00e9thode de perte de poids o\u00f9 un ballon en silicone rempli de solution saline est ins\u00e9r\u00e9 dans l&rsquo;estomac. Cela aide \u00e0 r\u00e9duire l&rsquo;apport alimentaire et favorise une sensation de sati\u00e9t\u00e9 plus rapide. Objectif La chirurgie du ballon gastrique [&hellip;]<\/p>\n","protected":false},"author":1,"featured_media":0,"parent":671,"menu_order":0,"comment_status":"closed","ping_status":"closed","template":"","meta":{"_uag_custom_page_level_css":"","footnotes":""},"class_list":["post-709","page","type-page","status-publish","hentry"],"blocksy_meta":[],"yoast_head":"<!-- This site is optimized with the Yoast SEO plugin v24.8.1 - https:\/\/yoast.com\/wordpress\/plugins\/seo\/ -->\n<title>Pose de Ballon Intragastrique en Turquie - Beautyhub<\/title>\n<meta name=\"robots\" content=\"index, follow, max-snippet:-1, max-image-preview:large, max-video-preview:-1\" \/>\n<link rel=\"canonical\" href=\"https:\/\/beautyhubtr.com\/fr\/weight-loss-surgery\/intragastric-balloon-placement\/\" \/>\n<meta property=\"og:locale\" content=\"fr_FR\" \/>\n<meta property=\"og:type\" content=\"article\" \/>\n<meta property=\"og:title\" content=\"Pose de Ballon Intragastrique en Turquie - Beautyhub\" \/>\n<meta property=\"og:description\" content=\"Pose de Ballon Intragastrique : Ce que vous devez savoir La pose de ballon intragastrique est une m\u00e9thode de perte de poids o\u00f9 un ballon en silicone rempli de solution saline est ins\u00e9r\u00e9 dans l&rsquo;estomac. Cela aide \u00e0 r\u00e9duire l&rsquo;apport alimentaire et favorise une sensation de sati\u00e9t\u00e9 plus rapide. Objectif La chirurgie du ballon gastrique [&hellip;]\" \/>\n<meta property=\"og:url\" content=\"https:\/\/beautyhubtr.com\/fr\/weight-loss-surgery\/intragastric-balloon-placement\/\" \/>\n<meta property=\"og:site_name\" content=\"Beautyhub\" \/>\n<meta property=\"article:modified_time\" content=\"2025-04-08T10:19:44+00:00\" \/>\n<meta property=\"og:image\" content=\"https:\/\/beautyhubtr.com\/fr\/wp-content\/uploads\/2025\/03\/Intragastric_Balloon_Placement-2web-2-1-2web-2-2025-2web-1.jpg\" \/>\n\t<meta property=\"og:image:width\" content=\"980\" \/>\n\t<meta property=\"og:image:height\" content=\"653\" \/>\n\t<meta property=\"og:image:type\" content=\"image\/jpeg\" \/>\n<meta name=\"twitter:card\" content=\"summary_large_image\" \/>\n<meta name=\"twitter:label1\" content=\"Dur\u00e9e de lecture estim\u00e9e\" \/>\n\t<meta name=\"twitter:data1\" content=\"4 minutes\" \/>\n<script type=\"application\/ld+json\" class=\"yoast-schema-graph\">{\"@context\":\"https:\/\/schema.org\",\"@graph\":[{\"@type\":\"WebPage\",\"@id\":\"https:\/\/beautyhubtr.com\/fr\/weight-loss-surgery\/intragastric-balloon-placement\/\",\"url\":\"https:\/\/beautyhubtr.com\/fr\/weight-loss-surgery\/intragastric-balloon-placement\/\",\"name\":\"Pose de Ballon Intragastrique en Turquie - Beautyhub\",\"isPartOf\":{\"@id\":\"https:\/\/beautyhubtr.com\/fr\/#website\"},\"primaryImageOfPage\":{\"@id\":\"https:\/\/beautyhubtr.com\/fr\/weight-loss-surgery\/intragastric-balloon-placement\/#primaryimage\"},\"image\":{\"@id\":\"https:\/\/beautyhubtr.com\/fr\/weight-loss-surgery\/intragastric-balloon-placement\/#primaryimage\"},\"thumbnailUrl\":\"https:\/\/web.marstawi.online\/wp-content\/uploads\/2025\/03\/Intragastric_Balloon_Placement-2web-2-1-2web-2-2025-2web-1.jpg\",\"datePublished\":\"2025-02-04T18:32:23+00:00\",\"dateModified\":\"2025-04-08T10:19:44+00:00\",\"breadcrumb\":{\"@id\":\"https:\/\/beautyhubtr.com\/fr\/weight-loss-surgery\/intragastric-balloon-placement\/#breadcrumb\"},\"inLanguage\":\"fr-FR\",\"potentialAction\":[{\"@type\":\"ReadAction\",\"target\":[\"https:\/\/beautyhubtr.com\/fr\/weight-loss-surgery\/intragastric-balloon-placement\/\"]}]},{\"@type\":\"ImageObject\",\"inLanguage\":\"fr-FR\",\"@id\":\"https:\/\/beautyhubtr.com\/fr\/weight-loss-surgery\/intragastric-balloon-placement\/#primaryimage\",\"url\":\"https:\/\/web.marstawi.online\/wp-content\/uploads\/2025\/03\/Intragastric_Balloon_Placement-2web-2-1-2web-2-2025-2web-1.jpg\",\"contentUrl\":\"https:\/\/web.marstawi.online\/wp-content\/uploads\/2025\/03\/Intragastric_Balloon_Placement-2web-2-1-2web-2-2025-2web-1.jpg\"},{\"@type\":\"BreadcrumbList\",\"@id\":\"https:\/\/beautyhubtr.com\/fr\/weight-loss-surgery\/intragastric-balloon-placement\/#breadcrumb\",\"itemListElement\":[{\"@type\":\"ListItem\",\"position\":1,\"name\":\"Home\",\"item\":\"https:\/\/beautyhubtr.com\/fr\/\"},{\"@type\":\"ListItem\",\"position\":2,\"name\":\"Weight Loss Surgery en Turquie\",\"item\":\"https:\/\/beautyhubtr.com\/fr\/weight-loss-surgery\/\"},{\"@type\":\"ListItem\",\"position\":3,\"name\":\"Pose de Ballon Intragastrique en Turquie\"}]},{\"@type\":\"WebSite\",\"@id\":\"https:\/\/beautyhubtr.com\/fr\/#website\",\"url\":\"https:\/\/beautyhubtr.com\/fr\/\",\"name\":\"Beautyhub\",\"description\":\"For Hair Transplant and Plastic Surgery.\",\"publisher\":{\"@id\":\"https:\/\/beautyhubtr.com\/fr\/#organization\"},\"potentialAction\":[{\"@type\":\"SearchAction\",\"target\":{\"@type\":\"EntryPoint\",\"urlTemplate\":\"https:\/\/beautyhubtr.com\/fr\/?s={search_term_string}\"},\"query-input\":{\"@type\":\"PropertyValueSpecification\",\"valueRequired\":true,\"valueName\":\"search_term_string\"}}],\"inLanguage\":\"fr-FR\"},{\"@type\":\"Organization\",\"@id\":\"https:\/\/beautyhubtr.com\/fr\/#organization\",\"name\":\"Beautyhub\",\"url\":\"https:\/\/beautyhubtr.com\/fr\/\",\"logo\":{\"@type\":\"ImageObject\",\"inLanguage\":\"fr-FR\",\"@id\":\"https:\/\/beautyhubtr.com\/fr\/#\/schema\/logo\/image\/\",\"url\":\"https:\/\/beautyhubtr.com\/fr\/wp-content\/uploads\/2025\/03\/logo-beauty-hub-main.png\",\"contentUrl\":\"https:\/\/beautyhubtr.com\/fr\/wp-content\/uploads\/2025\/03\/logo-beauty-hub-main.png\",\"width\":1600,\"height\":450,\"caption\":\"Beautyhub\"},\"image\":{\"@id\":\"https:\/\/beautyhubtr.com\/fr\/#\/schema\/logo\/image\/\"}}]}<\/script>\n<!-- \/ Yoast SEO plugin. -->","yoast_head_json":{"title":"Pose de Ballon Intragastrique en Turquie - Beautyhub","robots":{"index":"index","follow":"follow","max-snippet":"max-snippet:-1","max-image-preview":"max-image-preview:large","max-video-preview":"max-video-preview:-1"},"canonical":"https:\/\/beautyhubtr.com\/fr\/weight-loss-surgery\/intragastric-balloon-placement\/","og_locale":"fr_FR","og_type":"article","og_title":"Pose de Ballon Intragastrique en Turquie - Beautyhub","og_description":"Pose de Ballon Intragastrique : Ce que vous devez savoir La pose de ballon intragastrique est une m\u00e9thode de perte de poids o\u00f9 un ballon en silicone rempli de solution saline est ins\u00e9r\u00e9 dans l&rsquo;estomac. Cela aide \u00e0 r\u00e9duire l&rsquo;apport alimentaire et favorise une sensation de sati\u00e9t\u00e9 plus rapide. Objectif La chirurgie du ballon gastrique [&hellip;]","og_url":"https:\/\/beautyhubtr.com\/fr\/weight-loss-surgery\/intragastric-balloon-placement\/","og_site_name":"Beautyhub","article_modified_time":"2025-04-08T10:19:44+00:00","og_image":[{"width":980,"height":653,"url":"https:\/\/beautyhubtr.com\/fr\/wp-content\/uploads\/2025\/03\/Intragastric_Balloon_Placement-2web-2-1-2web-2-2025-2web-1.jpg","type":"image\/jpeg"}],"twitter_card":"summary_large_image","twitter_misc":{"Dur\u00e9e de lecture estim\u00e9e":"4 minutes"},"schema":{"@context":"https:\/\/schema.org","@graph":[{"@type":"WebPage","@id":"https:\/\/beautyhubtr.com\/fr\/weight-loss-surgery\/intragastric-balloon-placement\/","url":"https:\/\/beautyhubtr.com\/fr\/weight-loss-surgery\/intragastric-balloon-placement\/","name":"Pose de Ballon Intragastrique en Turquie - Beautyhub","isPartOf":{"@id":"https:\/\/beautyhubtr.com\/fr\/#website"},"primaryImageOfPage":{"@id":"https:\/\/beautyhubtr.com\/fr\/weight-loss-surgery\/intragastric-balloon-placement\/#primaryimage"},"image":{"@id":"https:\/\/beautyhubtr.com\/fr\/weight-loss-surgery\/intragastric-balloon-placement\/#primaryimage"},"thumbnailUrl":"https:\/\/web.marstawi.online\/wp-content\/uploads\/2025\/03\/Intragastric_Balloon_Placement-2web-2-1-2web-2-2025-2web-1.jpg","datePublished":"2025-02-04T18:32:23+00:00","dateModified":"2025-04-08T10:19:44+00:00","breadcrumb":{"@id":"https:\/\/beautyhubtr.com\/fr\/weight-loss-surgery\/intragastric-balloon-placement\/#breadcrumb"},"inLanguage":"fr-FR","potentialAction":[{"@type":"ReadAction","target":["https:\/\/beautyhubtr.com\/fr\/weight-loss-surgery\/intragastric-balloon-placement\/"]}]},{"@type":"ImageObject","inLanguage":"fr-FR","@id":"https:\/\/beautyhubtr.com\/fr\/weight-loss-surgery\/intragastric-balloon-placement\/#primaryimage","url":"https:\/\/web.marstawi.online\/wp-content\/uploads\/2025\/03\/Intragastric_Balloon_Placement-2web-2-1-2web-2-2025-2web-1.jpg","contentUrl":"https:\/\/web.marstawi.online\/wp-content\/uploads\/2025\/03\/Intragastric_Balloon_Placement-2web-2-1-2web-2-2025-2web-1.jpg"},{"@type":"BreadcrumbList","@id":"https:\/\/beautyhubtr.com\/fr\/weight-loss-surgery\/intragastric-balloon-placement\/#breadcrumb","itemListElement":[{"@type":"ListItem","position":1,"name":"Home","item":"https:\/\/beautyhubtr.com\/fr\/"},{"@type":"ListItem","position":2,"name":"Weight Loss Surgery en Turquie","item":"https:\/\/beautyhubtr.com\/fr\/weight-loss-surgery\/"},{"@type":"ListItem","position":3,"name":"Pose de Ballon Intragastrique en Turquie"}]},{"@type":"WebSite","@id":"https:\/\/beautyhubtr.com\/fr\/#website","url":"https:\/\/beautyhubtr.com\/fr\/","name":"Beautyhub","description":"For Hair Transplant and Plastic Surgery.","publisher":{"@id":"https:\/\/beautyhubtr.com\/fr\/#organization"},"potentialAction":[{"@type":"SearchAction","target":{"@type":"EntryPoint","urlTemplate":"https:\/\/beautyhubtr.com\/fr\/?s={search_term_string}"},"query-input":{"@type":"PropertyValueSpecification","valueRequired":true,"valueName":"search_term_string"}}],"inLanguage":"fr-FR"},{"@type":"Organization","@id":"https:\/\/beautyhubtr.com\/fr\/#organization","name":"Beautyhub","url":"https:\/\/beautyhubtr.com\/fr\/","logo":{"@type":"ImageObject","inLanguage":"fr-FR","@id":"https:\/\/beautyhubtr.com\/fr\/#\/schema\/logo\/image\/","url":"https:\/\/beautyhubtr.com\/fr\/wp-content\/uploads\/2025\/03\/logo-beauty-hub-main.png","contentUrl":"https:\/\/beautyhubtr.com\/fr\/wp-content\/uploads\/2025\/03\/logo-beauty-hub-main.png","width":1600,"height":450,"caption":"Beautyhub"},"image":{"@id":"https:\/\/beautyhubtr.com\/fr\/#\/schema\/logo\/image\/"}}]}},"uagb_featured_image_src":{"full":false,"thumbnail":false,"medium":false,"medium_large":false,"large":false,"1536x1536":false,"2048x2048":false},"uagb_author_info":{"display_name":"BeautyHUB","author_link":"https:\/\/beautyhubtr.com\/fr\/author\/marstavi\/"},"uagb_comment_info":0,"uagb_excerpt":"Pose de Ballon Intragastrique : Ce que vous devez savoir La pose de ballon intragastrique est une m\u00e9thode de perte de poids o\u00f9 un ballon en silicone rempli de solution saline est ins\u00e9r\u00e9 dans l&rsquo;estomac. Cela aide \u00e0 r\u00e9duire l&rsquo;apport alimentaire et favorise une sensation de sati\u00e9t\u00e9 plus rapide. Objectif La chirurgie du ballon gastrique\u2026","_links":{"self":[{"href":"https:\/\/beautyhubtr.com\/fr\/wp-json\/wp\/v2\/pages\/709","targetHints":{"allow":["GET"]}}],"collection":[{"href":"https:\/\/beautyhubtr.com\/fr\/wp-json\/wp\/v2\/pages"}],"about":[{"href":"https:\/\/beautyhubtr.com\/fr\/wp-json\/wp\/v2\/types\/page"}],"author":[{"embeddable":true,"href":"https:\/\/beautyhubtr.com\/fr\/wp-json\/wp\/v2\/users\/1"}],"replies":[{"embeddable":true,"href":"https:\/\/beautyhubtr.com\/fr\/wp-json\/wp\/v2\/comments?post=709"}],"version-history":[{"count":7,"href":"https:\/\/beautyhubtr.com\/fr\/wp-json\/wp\/v2\/pages\/709\/revisions"}],"predecessor-version":[{"id":1486,"href":"https:\/\/beautyhubtr.com\/fr\/wp-json\/wp\/v2\/pages\/709\/revisions\/1486"}],"up":[{"embeddable":true,"href":"https:\/\/beautyhubtr.com\/fr\/wp-json\/wp\/v2\/pages\/671"}],"wp:attachment":[{"href":"https:\/\/beautyhubtr.com\/fr\/wp-json\/wp\/v2\/media?parent=709"}],"curies":[{"name":"wp","href":"https:\/\/api.w.org\/{rel}","templated":true}]}}