{"id":705,"date":"2025-02-04T18:29:42","date_gmt":"2025-02-04T18:29:42","guid":{"rendered":"https:\/\/web.marstawi.online\/?page_id=705"},"modified":"2025-04-08T13:17:02","modified_gmt":"2025-04-08T10:17:02","slug":"eye-brow-lift","status":"publish","type":"page","link":"https:\/\/beautyhubtr.com\/fr\/plastic-surgeries\/eye-brow-lift\/","title":{"rendered":"Lifting des sourcils en Turquie"},"content":{"rendered":"\n<figure class=\"wp-block-image size-full\"><img loading=\"lazy\" decoding=\"async\" width=\"800\" height=\"583\" src=\"https:\/\/web.marstawi.online\/wp-content\/uploads\/2025\/03\/Eye_Brow_Lift2-web-2.webp\" alt=\"\" class=\"wp-image-908\" srcset=\"https:\/\/beautyhubtr.com\/fr\/wp-content\/uploads\/2025\/03\/Eye_Brow_Lift2-web-2.webp 800w, https:\/\/beautyhubtr.com\/fr\/wp-content\/uploads\/2025\/03\/Eye_Brow_Lift2-web-2-300x219.webp 300w, https:\/\/beautyhubtr.com\/fr\/wp-content\/uploads\/2025\/03\/Eye_Brow_Lift2-web-2-768x560.webp 768w\" sizes=\"auto, (max-width: 800px) 100vw, 800px\" \/><\/figure>\n\n\n\n<h2 class=\"wp-block-heading\"><strong>Lifting des sourcils&nbsp;<\/strong><\/h2>\n\n\n\n<p>La forme et l\u2019orientation des sourcils fa\u00e7onnent dans une tr\u00e8s large mesure notre apparence. Les sourcils tombants peuvent signifier l\u2019\u00e9puisement et la d\u00e9pression, et ils sont \u00e9galement l\u2019un des signes les plus courants du vieillissement.<\/p>\n\n\n\n<h2 class=\"wp-block-heading\"><strong>Importance de l\u2019alignement des sourcils<\/strong><\/h2>\n\n\n\n<p>Les sourcils doivent \u00eatre examin\u00e9s individuellement, ainsi qu&rsquo;en coordination avec la forme du visage, avant d&rsquo;\u00eatre align\u00e9s. Des sourcils bien align\u00e9s aident non seulement \u00e0 ajouter de la jeunesse et de la beaut\u00e9 \u00e0 l&rsquo;apparence, mais \u00e9galement \u00e0 l&rsquo;expression.<\/p>\n\n\n\n<h2 class=\"wp-block-heading\"><strong>Type de sourcils pendants<\/strong><\/h2>\n\n\n\n<p>La pendaison des sourcils se pr\u00e9sente sous deux formes :<\/p>\n\n\n\n<p>Pendaison g\u00e9n\u00e9rale de tout le front.<\/p>\n\n\n\n<p>Pendant et affaissement d\u2019une partie du front.<\/p>\n\n\n\n<p>Quelle que soit la raison, les proc\u00e9dures de lifting des sourcils peuvent aider \u00e0 corriger les deux conditions.<\/p>\n\n\n\n<h2 class=\"wp-block-heading\"><strong>Proc\u00e9dure de lifting des sourcils<\/strong><\/h2>\n\n\n\n<p>Le lifting des sourcils peut \u00eatre chirurgical ou non chirurgical.<\/p>\n\n\n\n<h3 class=\"wp-block-heading\"><strong>Technique non chirurgicale<\/strong><\/h3>\n\n\n\n<p>L\u2019approche non chirurgicale la plus simple consiste \u00e0 utiliser des injections botuliques, qui sont efficaces pendant environ quatre mois et doivent \u00eatre r\u00e9p\u00e9t\u00e9es.<\/p>\n\n\n\n<h3 class=\"wp-block-heading\"><strong>Techniques chirurgicales<\/strong><\/h3>\n\n\n\n<p>Le lifting permanent des sourcils peut \u00eatre obtenu chirurgicalement et est parfois effectu\u00e9 en conjonction avec le lifting des paupi\u00e8res. La proc\u00e9dure consiste \u00e0 pratiquer une incision dans la r\u00e9gion des tempes et \u00e0 fixer la partie pendante du sourcil \u00e0 une partie plus stable du visage. La technique fonctionne uniquement sur la partie pendante du sourcil.<\/p>\n\n\n\n<p>Une intervention chirurgicale impliquant une incision \u00e0 la racine des cheveux du front peut \u00eatre pratiqu\u00e9e pour soulever tout le front. Cela peut \u00e9galement \u00eatre fait par endoscopie. Le processus soul\u00e8ve tout le front et est plus permanent.<\/p>\n\n\n\n<p><\/p>\n\n\n\n<div class=\"wp-block-stackable-columns stk-block-columns stk-block stk-b68a3f2\" data-block-id=\"b68a3f2\"><style>.stk-b68a3f2 {margin-bottom:0px !important;}.stk-b68a3f2-column{--stk-columns-spacing:0px !important;}<\/style><div class=\"stk-row stk-inner-blocks stk-block-content stk-content-align stk-b68a3f2-column\">\n<div class=\"wp-block-stackable-column stk-block-column stk-column stk-block stk-d353c8b\" data-v=\"4\" data-block-id=\"d353c8b\"><style>.stk-d353c8b-container{margin-top:0px !important;margin-right:0px !important;margin-bottom:0px !important;margin-left:0px !important;}<\/style><div class=\"stk-column-wrapper stk-block-column__content stk-container stk-d353c8b-container stk--no-background stk--no-padding\"><div class=\"stk-block-content stk-inner-blocks stk-d353c8b-inner-blocks\">\n<h3 class=\"wp-block-heading has-text-align-center\">Nous fournissons le plus haut niveau de satisfaction des services de soins \u00e0 nos patients.<\/h3>\n\n\n\n<h3 class=\"wp-block-heading has-text-align-center\">+90 551 888 20 80<a href=\"tel:+905518882080\"><\/a><\/h3>\n\n\n\n<div class=\"wp-block-uagb-buttons uagb-buttons__outer-wrap uagb-btn__default-btn uagb-btn-tablet__default-btn uagb-btn-mobile__default-btn uagb-block-0185e4b2\"><div class=\"uagb-buttons__wrap uagb-buttons-layout-wrap \">\n<div class=\"wp-block-uagb-buttons-child uagb-buttons__outer-wrap uagb-block-89548b30 wp-block-button\"><div class=\"uagb-button__wrapper\"><a class=\"uagb-buttons-repeater wp-block-button__link\" aria-label=\"\" href=\"https:\/\/beautyhubtr.com\/fr\/consultation\/\" rel=\"follow noopener\" target=\"_self\" role=\"button\"><div class=\"uagb-button__link\">Demander un rendez-vous<\/div><\/a><\/div><\/div>\n<\/div><\/div>\n<\/div><\/div><\/div>\n<\/div><\/div>\n\n\n\n<p><\/p>\n","protected":false},"excerpt":{"rendered":"<p>Lifting des sourcils&nbsp; La forme et l\u2019orientation des sourcils fa\u00e7onnent dans une tr\u00e8s large mesure notre apparence. Les sourcils tombants peuvent signifier l\u2019\u00e9puisement et la d\u00e9pression, et ils sont \u00e9galement l\u2019un des signes les plus courants du vieillissement. Importance de l\u2019alignement des sourcils Les sourcils doivent \u00eatre examin\u00e9s individuellement, ainsi qu&rsquo;en coordination avec la forme [&hellip;]<\/p>\n","protected":false},"author":1,"featured_media":0,"parent":669,"menu_order":0,"comment_status":"closed","ping_status":"closed","template":"","meta":{"_uag_custom_page_level_css":"","footnotes":""},"class_list":["post-705","page","type-page","status-publish","hentry"],"blocksy_meta":[],"yoast_head":"<!-- This site is optimized with the Yoast SEO plugin v24.8.1 - https:\/\/yoast.com\/wordpress\/plugins\/seo\/ -->\n<title>Lifting des sourcils en Turquie - Beautyhub<\/title>\n<meta name=\"robots\" content=\"index, follow, max-snippet:-1, max-image-preview:large, max-video-preview:-1\" \/>\n<link rel=\"canonical\" href=\"https:\/\/beautyhubtr.com\/fr\/plastic-surgeries\/eye-brow-lift\/\" \/>\n<meta property=\"og:locale\" content=\"fr_FR\" \/>\n<meta property=\"og:type\" content=\"article\" \/>\n<meta property=\"og:title\" content=\"Lifting des sourcils en Turquie - Beautyhub\" \/>\n<meta property=\"og:description\" content=\"Lifting des sourcils&nbsp; La forme et l\u2019orientation des sourcils fa\u00e7onnent dans une tr\u00e8s large mesure notre apparence. Les sourcils tombants peuvent signifier l\u2019\u00e9puisement et la d\u00e9pression, et ils sont \u00e9galement l\u2019un des signes les plus courants du vieillissement. Importance de l\u2019alignement des sourcils Les sourcils doivent \u00eatre examin\u00e9s individuellement, ainsi qu&rsquo;en coordination avec la forme [&hellip;]\" \/>\n<meta property=\"og:url\" content=\"https:\/\/beautyhubtr.com\/fr\/plastic-surgeries\/eye-brow-lift\/\" \/>\n<meta property=\"og:site_name\" content=\"Beautyhub\" \/>\n<meta property=\"article:modified_time\" content=\"2025-04-08T10:17:02+00:00\" \/>\n<meta property=\"og:image\" content=\"https:\/\/beautyhubtr.com\/fr\/wp-content\/uploads\/2025\/03\/Eye_Brow_Lift2-web-2.webp\" \/>\n\t<meta property=\"og:image:width\" content=\"800\" \/>\n\t<meta property=\"og:image:height\" content=\"583\" \/>\n\t<meta property=\"og:image:type\" content=\"image\/webp\" \/>\n<meta name=\"twitter:card\" content=\"summary_large_image\" \/>\n<meta name=\"twitter:label1\" content=\"Dur\u00e9e de lecture estim\u00e9e\" \/>\n\t<meta name=\"twitter:data1\" content=\"2 minutes\" \/>\n<script type=\"application\/ld+json\" class=\"yoast-schema-graph\">{\"@context\":\"https:\/\/schema.org\",\"@graph\":[{\"@type\":\"WebPage\",\"@id\":\"https:\/\/beautyhubtr.com\/fr\/plastic-surgeries\/eye-brow-lift\/\",\"url\":\"https:\/\/beautyhubtr.com\/fr\/plastic-surgeries\/eye-brow-lift\/\",\"name\":\"Lifting des sourcils en Turquie - Beautyhub\",\"isPartOf\":{\"@id\":\"https:\/\/beautyhubtr.com\/fr\/#website\"},\"primaryImageOfPage\":{\"@id\":\"https:\/\/beautyhubtr.com\/fr\/plastic-surgeries\/eye-brow-lift\/#primaryimage\"},\"image\":{\"@id\":\"https:\/\/beautyhubtr.com\/fr\/plastic-surgeries\/eye-brow-lift\/#primaryimage\"},\"thumbnailUrl\":\"https:\/\/web.marstawi.online\/wp-content\/uploads\/2025\/03\/Eye_Brow_Lift2-web-2.webp\",\"datePublished\":\"2025-02-04T18:29:42+00:00\",\"dateModified\":\"2025-04-08T10:17:02+00:00\",\"breadcrumb\":{\"@id\":\"https:\/\/beautyhubtr.com\/fr\/plastic-surgeries\/eye-brow-lift\/#breadcrumb\"},\"inLanguage\":\"fr-FR\",\"potentialAction\":[{\"@type\":\"ReadAction\",\"target\":[\"https:\/\/beautyhubtr.com\/fr\/plastic-surgeries\/eye-brow-lift\/\"]}]},{\"@type\":\"ImageObject\",\"inLanguage\":\"fr-FR\",\"@id\":\"https:\/\/beautyhubtr.com\/fr\/plastic-surgeries\/eye-brow-lift\/#primaryimage\",\"url\":\"https:\/\/web.marstawi.online\/wp-content\/uploads\/2025\/03\/Eye_Brow_Lift2-web-2.webp\",\"contentUrl\":\"https:\/\/web.marstawi.online\/wp-content\/uploads\/2025\/03\/Eye_Brow_Lift2-web-2.webp\"},{\"@type\":\"BreadcrumbList\",\"@id\":\"https:\/\/beautyhubtr.com\/fr\/plastic-surgeries\/eye-brow-lift\/#breadcrumb\",\"itemListElement\":[{\"@type\":\"ListItem\",\"position\":1,\"name\":\"Home\",\"item\":\"https:\/\/beautyhubtr.com\/fr\/\"},{\"@type\":\"ListItem\",\"position\":2,\"name\":\"Plastic Surgeries en Turquie\",\"item\":\"https:\/\/beautyhubtr.com\/fr\/plastic-surgeries\/\"},{\"@type\":\"ListItem\",\"position\":3,\"name\":\"Lifting des sourcils en Turquie\"}]},{\"@type\":\"WebSite\",\"@id\":\"https:\/\/beautyhubtr.com\/fr\/#website\",\"url\":\"https:\/\/beautyhubtr.com\/fr\/\",\"name\":\"Beautyhub\",\"description\":\"For Hair Transplant and Plastic Surgery.\",\"publisher\":{\"@id\":\"https:\/\/beautyhubtr.com\/fr\/#organization\"},\"potentialAction\":[{\"@type\":\"SearchAction\",\"target\":{\"@type\":\"EntryPoint\",\"urlTemplate\":\"https:\/\/beautyhubtr.com\/fr\/?s={search_term_string}\"},\"query-input\":{\"@type\":\"PropertyValueSpecification\",\"valueRequired\":true,\"valueName\":\"search_term_string\"}}],\"inLanguage\":\"fr-FR\"},{\"@type\":\"Organization\",\"@id\":\"https:\/\/beautyhubtr.com\/fr\/#organization\",\"name\":\"Beautyhub\",\"url\":\"https:\/\/beautyhubtr.com\/fr\/\",\"logo\":{\"@type\":\"ImageObject\",\"inLanguage\":\"fr-FR\",\"@id\":\"https:\/\/beautyhubtr.com\/fr\/#\/schema\/logo\/image\/\",\"url\":\"https:\/\/beautyhubtr.com\/fr\/wp-content\/uploads\/2025\/03\/logo-beauty-hub-main.png\",\"contentUrl\":\"https:\/\/beautyhubtr.com\/fr\/wp-content\/uploads\/2025\/03\/logo-beauty-hub-main.png\",\"width\":1600,\"height\":450,\"caption\":\"Beautyhub\"},\"image\":{\"@id\":\"https:\/\/beautyhubtr.com\/fr\/#\/schema\/logo\/image\/\"}}]}<\/script>\n<!-- \/ Yoast SEO plugin. -->","yoast_head_json":{"title":"Lifting des sourcils en Turquie - Beautyhub","robots":{"index":"index","follow":"follow","max-snippet":"max-snippet:-1","max-image-preview":"max-image-preview:large","max-video-preview":"max-video-preview:-1"},"canonical":"https:\/\/beautyhubtr.com\/fr\/plastic-surgeries\/eye-brow-lift\/","og_locale":"fr_FR","og_type":"article","og_title":"Lifting des sourcils en Turquie - Beautyhub","og_description":"Lifting des sourcils&nbsp; La forme et l\u2019orientation des sourcils fa\u00e7onnent dans une tr\u00e8s large mesure notre apparence. Les sourcils tombants peuvent signifier l\u2019\u00e9puisement et la d\u00e9pression, et ils sont \u00e9galement l\u2019un des signes les plus courants du vieillissement. Importance de l\u2019alignement des sourcils Les sourcils doivent \u00eatre examin\u00e9s individuellement, ainsi qu&rsquo;en coordination avec la forme [&hellip;]","og_url":"https:\/\/beautyhubtr.com\/fr\/plastic-surgeries\/eye-brow-lift\/","og_site_name":"Beautyhub","article_modified_time":"2025-04-08T10:17:02+00:00","og_image":[{"width":800,"height":583,"url":"https:\/\/beautyhubtr.com\/fr\/wp-content\/uploads\/2025\/03\/Eye_Brow_Lift2-web-2.webp","type":"image\/webp"}],"twitter_card":"summary_large_image","twitter_misc":{"Dur\u00e9e de lecture estim\u00e9e":"2 minutes"},"schema":{"@context":"https:\/\/schema.org","@graph":[{"@type":"WebPage","@id":"https:\/\/beautyhubtr.com\/fr\/plastic-surgeries\/eye-brow-lift\/","url":"https:\/\/beautyhubtr.com\/fr\/plastic-surgeries\/eye-brow-lift\/","name":"Lifting des sourcils en Turquie - Beautyhub","isPartOf":{"@id":"https:\/\/beautyhubtr.com\/fr\/#website"},"primaryImageOfPage":{"@id":"https:\/\/beautyhubtr.com\/fr\/plastic-surgeries\/eye-brow-lift\/#primaryimage"},"image":{"@id":"https:\/\/beautyhubtr.com\/fr\/plastic-surgeries\/eye-brow-lift\/#primaryimage"},"thumbnailUrl":"https:\/\/web.marstawi.online\/wp-content\/uploads\/2025\/03\/Eye_Brow_Lift2-web-2.webp","datePublished":"2025-02-04T18:29:42+00:00","dateModified":"2025-04-08T10:17:02+00:00","breadcrumb":{"@id":"https:\/\/beautyhubtr.com\/fr\/plastic-surgeries\/eye-brow-lift\/#breadcrumb"},"inLanguage":"fr-FR","potentialAction":[{"@type":"ReadAction","target":["https:\/\/beautyhubtr.com\/fr\/plastic-surgeries\/eye-brow-lift\/"]}]},{"@type":"ImageObject","inLanguage":"fr-FR","@id":"https:\/\/beautyhubtr.com\/fr\/plastic-surgeries\/eye-brow-lift\/#primaryimage","url":"https:\/\/web.marstawi.online\/wp-content\/uploads\/2025\/03\/Eye_Brow_Lift2-web-2.webp","contentUrl":"https:\/\/web.marstawi.online\/wp-content\/uploads\/2025\/03\/Eye_Brow_Lift2-web-2.webp"},{"@type":"BreadcrumbList","@id":"https:\/\/beautyhubtr.com\/fr\/plastic-surgeries\/eye-brow-lift\/#breadcrumb","itemListElement":[{"@type":"ListItem","position":1,"name":"Home","item":"https:\/\/beautyhubtr.com\/fr\/"},{"@type":"ListItem","position":2,"name":"Plastic Surgeries en Turquie","item":"https:\/\/beautyhubtr.com\/fr\/plastic-surgeries\/"},{"@type":"ListItem","position":3,"name":"Lifting des sourcils en Turquie"}]},{"@type":"WebSite","@id":"https:\/\/beautyhubtr.com\/fr\/#website","url":"https:\/\/beautyhubtr.com\/fr\/","name":"Beautyhub","description":"For Hair Transplant and Plastic Surgery.","publisher":{"@id":"https:\/\/beautyhubtr.com\/fr\/#organization"},"potentialAction":[{"@type":"SearchAction","target":{"@type":"EntryPoint","urlTemplate":"https:\/\/beautyhubtr.com\/fr\/?s={search_term_string}"},"query-input":{"@type":"PropertyValueSpecification","valueRequired":true,"valueName":"search_term_string"}}],"inLanguage":"fr-FR"},{"@type":"Organization","@id":"https:\/\/beautyhubtr.com\/fr\/#organization","name":"Beautyhub","url":"https:\/\/beautyhubtr.com\/fr\/","logo":{"@type":"ImageObject","inLanguage":"fr-FR","@id":"https:\/\/beautyhubtr.com\/fr\/#\/schema\/logo\/image\/","url":"https:\/\/beautyhubtr.com\/fr\/wp-content\/uploads\/2025\/03\/logo-beauty-hub-main.png","contentUrl":"https:\/\/beautyhubtr.com\/fr\/wp-content\/uploads\/2025\/03\/logo-beauty-hub-main.png","width":1600,"height":450,"caption":"Beautyhub"},"image":{"@id":"https:\/\/beautyhubtr.com\/fr\/#\/schema\/logo\/image\/"}}]}},"uagb_featured_image_src":{"full":false,"thumbnail":false,"medium":false,"medium_large":false,"large":false,"1536x1536":false,"2048x2048":false},"uagb_author_info":{"display_name":"BeautyHUB","author_link":"https:\/\/beautyhubtr.com\/fr\/author\/marstavi\/"},"uagb_comment_info":0,"uagb_excerpt":"Lifting des sourcils&nbsp; La forme et l\u2019orientation des sourcils fa\u00e7onnent dans une tr\u00e8s large mesure notre apparence. Les sourcils tombants peuvent signifier l\u2019\u00e9puisement et la d\u00e9pression, et ils sont \u00e9galement l\u2019un des signes les plus courants du vieillissement. Importance de l\u2019alignement des sourcils Les sourcils doivent \u00eatre examin\u00e9s individuellement, ainsi qu&rsquo;en coordination avec la forme\u2026","_links":{"self":[{"href":"https:\/\/beautyhubtr.com\/fr\/wp-json\/wp\/v2\/pages\/705","targetHints":{"allow":["GET"]}}],"collection":[{"href":"https:\/\/beautyhubtr.com\/fr\/wp-json\/wp\/v2\/pages"}],"about":[{"href":"https:\/\/beautyhubtr.com\/fr\/wp-json\/wp\/v2\/types\/page"}],"author":[{"embeddable":true,"href":"https:\/\/beautyhubtr.com\/fr\/wp-json\/wp\/v2\/users\/1"}],"replies":[{"embeddable":true,"href":"https:\/\/beautyhubtr.com\/fr\/wp-json\/wp\/v2\/comments?post=705"}],"version-history":[{"count":5,"href":"https:\/\/beautyhubtr.com\/fr\/wp-json\/wp\/v2\/pages\/705\/revisions"}],"predecessor-version":[{"id":1484,"href":"https:\/\/beautyhubtr.com\/fr\/wp-json\/wp\/v2\/pages\/705\/revisions\/1484"}],"up":[{"embeddable":true,"href":"https:\/\/beautyhubtr.com\/fr\/wp-json\/wp\/v2\/pages\/669"}],"wp:attachment":[{"href":"https:\/\/beautyhubtr.com\/fr\/wp-json\/wp\/v2\/media?parent=705"}],"curies":[{"name":"wp","href":"https:\/\/api.w.org\/{rel}","templated":true}]}}