{"id":703,"date":"2025-02-04T18:29:22","date_gmt":"2025-02-04T18:29:22","guid":{"rendered":"https:\/\/web.marstawi.online\/?page_id=703"},"modified":"2025-04-08T13:15:37","modified_gmt":"2025-04-08T10:15:37","slug":"neck-lift","status":"publish","type":"page","link":"https:\/\/beautyhubtr.com\/fr\/plastic-surgeries\/neck-lift\/","title":{"rendered":"Lifting du cou en Turquie"},"content":{"rendered":"\n<figure class=\"wp-block-image size-full\"><img loading=\"lazy\" decoding=\"async\" width=\"980\" height=\"654\" src=\"https:\/\/web.marstawi.online\/wp-content\/uploads\/2025\/03\/Neck_Lift-2web-2.webp\" alt=\"\" class=\"wp-image-895\" srcset=\"https:\/\/beautyhubtr.com\/fr\/wp-content\/uploads\/2025\/03\/Neck_Lift-2web-2.webp 980w, https:\/\/beautyhubtr.com\/fr\/wp-content\/uploads\/2025\/03\/Neck_Lift-2web-2-300x200.webp 300w, https:\/\/beautyhubtr.com\/fr\/wp-content\/uploads\/2025\/03\/Neck_Lift-2web-2-768x513.webp 768w\" sizes=\"auto, (max-width: 980px) 100vw, 980px\" \/><\/figure>\n\n\n\n<h2 class=\"wp-block-heading\"><strong>Quelles conditions peut traiter un lifting du cou ?<\/strong><\/h2>\n\n\n\n<p>Une proc\u00e9dure de lifting du cou vise \u00e0 corriger les signes \u00e9vidents de vieillissement au niveau du cou et de la m\u00e2choire, en \u00e9liminant l&rsquo;exc\u00e8s de graisse dans le bas du visage qui a cr\u00e9\u00e9 des bajoues, et les accumulations de graisse ind\u00e9sirables sous le menton qui ont cr\u00e9\u00e9 des contours irr\u00e9guliers.<\/p>\n\n\n\n<p>La perte de contour jeune du cou peut \u00eatre caus\u00e9e par divfters facteurs, tels que le stress environnemental, l&rsquo;exposition au soleil, les simples g\u00e9n\u00e9tiques et bien s\u00fbr la gravit\u00e9. Un lifting du cou peut restaurer la pl\u00e9nitude de la m\u00e2choire et du cou, ce qui diminue l&rsquo;apparence de la peau flasque et des d\u00e9p\u00f4ts graisseux. Cependant, il est important de noter que bien qu&rsquo;un lifting du cou puisse modifier de mani\u00e8re spectaculaire l&rsquo;apparence de votre cou, il ne stoppe pas r\u00e9ellement le vieillissement.<\/p>\n\n\n\n<h2 class=\"wp-block-heading\"><strong>Suis-je un bon candidat pour un lifting du cou ?<\/strong><\/h2>\n\n\n\n<p>Si vous avez perdu la d\u00e9finition de votre m\u00e2choire jeune et avez un exc\u00e8s de peau et des rides sur votre cou, vous pourriez \u00eatre un candidat id\u00e9al pour un lifting du cou afin d&rsquo;obtenir un contour du cou et de la m\u00e2choire plus lisse.<\/p>\n\n\n\n<h2 class=\"wp-block-heading\"><strong>Comment se d\u00e9roule la proc\u00e9dure de lifting du cou ?<\/strong><\/h2>\n\n\n\n<p>Le chirurgien d\u00e9terminera si vous avez besoin d&rsquo;un lifting du cou complet, auquel cas il y aura une incision sous le menton et derri\u00e8re les oreilles, ou si seule une liposuccion du cou, utilisant \u00e9ventuellement une sonde laser, est requise. Pendant la proc\u00e9dure, l&rsquo;exc\u00e8s de graisse et de peau est soigneusement retir\u00e9, et la peau et les tissus conjonctifs repositionn\u00e9s avant de fermer l&rsquo;incision.<\/p>\n\n\n\n<p>En fonction de l&rsquo;\u00e9tendue de votre chirurgie et des r\u00e9sultats souhait\u00e9s, vous pourriez avoir de petites incisions faites sous le menton ou derri\u00e8re l&rsquo;oreille. Un lifting du cou traditionnel commence au niveau des favoris et se poursuit autour de l&rsquo;oreille. Les graisses dans le cou peuvent \u00eatre sculpt\u00e9es ou redistribu\u00e9es, et la peau sous-jacente repositionn\u00e9e. La liposuccion assist\u00e9e par laser peut laisser des cicatrices minimales, avec une sonde laser de la taille d&rsquo;une aiguille d&rsquo;anesth\u00e9sie locale.<\/p>\n\n\n\n<h2 class=\"wp-block-heading\"><strong>\u00c0 quoi puis-je m&rsquo;attendre ?<\/strong><\/h2>\n\n\n\n<p>Vous pouvez observer une am\u00e9lioration visible de l&rsquo;apparence de votre cou et de votre m\u00e2choire \u00e0 mesure que les ecchymoses et les gonflements mineurs disparaissent. La plupart des patients peuvent reprendre leur routine quotidienne 2 \u00e0 3 jours apr\u00e8s des proc\u00e9dures mineures. Un lifting du cou peut booster votre confiance en vous en plus d&rsquo;une apparence plus jeune.<\/p>\n\n\n\n<h2 class=\"wp-block-heading\"><strong>Combien de temps dure la gu\u00e9rison ?<\/strong><\/h2>\n\n\n\n<p>Le processus de gu\u00e9rison peut varier en fonction de l&rsquo;ampleur de la proc\u00e9dure. La gu\u00e9rison est g\u00e9n\u00e9ralement rapide pour les incisions mineures, qui sont souvent r\u00e9alis\u00e9es sous anesth\u00e9sie locale. Vous pourriez devoir porter une sangle de soutien pour le cou pendant 2 \u00e0 3 semaines et reprendre une activit\u00e9 compl\u00e8te apr\u00e8s une semaine. Les proc\u00e9dures plus importantes peuvent n\u00e9cessiter 2 \u00e0 4 semaines de gu\u00e9rison ; elles sont souvent r\u00e9alis\u00e9es sous anesth\u00e9sie g\u00e9n\u00e9rale.<\/p>\n\n\n\n<p>Dans l&rsquo;ensemble, vous pouvez reprendre vos activit\u00e9s quotidiennes apr\u00e8s deux semaines lorsque les gonflements et les ecchymoses ont disparu. Votre m\u00e9decin peut offrir des instructions de soins pr\u00e9op\u00e9ratoires et postop\u00e9ratoires lors de la consultation initiale.<\/p>\n\n\n\n<p><\/p>\n\n\n\n<div class=\"wp-block-stackable-columns stk-block-columns stk-block stk-b68a3f2\" data-block-id=\"b68a3f2\"><style>.stk-b68a3f2 {margin-bottom:0px !important;}.stk-b68a3f2-column{--stk-columns-spacing:0px !important;}<\/style><div class=\"stk-row stk-inner-blocks stk-block-content stk-content-align stk-b68a3f2-column\">\n<div class=\"wp-block-stackable-column stk-block-column stk-column stk-block stk-d353c8b\" data-v=\"4\" data-block-id=\"d353c8b\"><style>.stk-d353c8b-container{margin-top:0px !important;margin-right:0px !important;margin-bottom:0px !important;margin-left:0px !important;}<\/style><div class=\"stk-column-wrapper stk-block-column__content stk-container stk-d353c8b-container stk--no-background stk--no-padding\"><div class=\"stk-block-content stk-inner-blocks stk-d353c8b-inner-blocks\">\n<h3 class=\"wp-block-heading has-text-align-center\">Nous fournissons le plus haut niveau de satisfaction des services de soins \u00e0 nos patients.<\/h3>\n\n\n\n<h3 class=\"wp-block-heading has-text-align-center\">+90 551 888 20 80<a href=\"tel:+905518882080\"><\/a><\/h3>\n\n\n\n<div class=\"wp-block-uagb-buttons uagb-buttons__outer-wrap uagb-btn__default-btn uagb-btn-tablet__default-btn uagb-btn-mobile__default-btn uagb-block-0185e4b2\"><div class=\"uagb-buttons__wrap uagb-buttons-layout-wrap \">\n<div class=\"wp-block-uagb-buttons-child uagb-buttons__outer-wrap uagb-block-89548b30 wp-block-button\"><div class=\"uagb-button__wrapper\"><a class=\"uagb-buttons-repeater wp-block-button__link\" aria-label=\"\" href=\"https:\/\/beautyhubtr.com\/fr\/consultation\/\" rel=\"follow noopener\" target=\"_self\" role=\"button\"><div class=\"uagb-button__link\">Demander un rendez-vous<\/div><\/a><\/div><\/div>\n<\/div><\/div>\n<\/div><\/div><\/div>\n<\/div><\/div>\n\n\n\n<p><\/p>\n","protected":false},"excerpt":{"rendered":"<p>Quelles conditions peut traiter un lifting du cou ? Une proc\u00e9dure de lifting du cou vise \u00e0 corriger les signes \u00e9vidents de vieillissement au niveau du cou et de la m\u00e2choire, en \u00e9liminant l&rsquo;exc\u00e8s de graisse dans le bas du visage qui a cr\u00e9\u00e9 des bajoues, et les accumulations de graisse ind\u00e9sirables sous le menton [&hellip;]<\/p>\n","protected":false},"author":1,"featured_media":0,"parent":669,"menu_order":0,"comment_status":"closed","ping_status":"closed","template":"","meta":{"_uag_custom_page_level_css":"","footnotes":""},"class_list":["post-703","page","type-page","status-publish","hentry"],"blocksy_meta":[],"yoast_head":"<!-- This site is optimized with the Yoast SEO plugin v24.8.1 - https:\/\/yoast.com\/wordpress\/plugins\/seo\/ -->\n<title>Lifting du cou en Turquie - Beautyhub<\/title>\n<meta name=\"robots\" content=\"index, follow, max-snippet:-1, max-image-preview:large, max-video-preview:-1\" \/>\n<link rel=\"canonical\" href=\"https:\/\/beautyhubtr.com\/fr\/plastic-surgeries\/neck-lift\/\" \/>\n<meta property=\"og:locale\" content=\"fr_FR\" \/>\n<meta property=\"og:type\" content=\"article\" \/>\n<meta property=\"og:title\" content=\"Lifting du cou en Turquie - Beautyhub\" \/>\n<meta property=\"og:description\" content=\"Quelles conditions peut traiter un lifting du cou ? Une proc\u00e9dure de lifting du cou vise \u00e0 corriger les signes \u00e9vidents de vieillissement au niveau du cou et de la m\u00e2choire, en \u00e9liminant l&rsquo;exc\u00e8s de graisse dans le bas du visage qui a cr\u00e9\u00e9 des bajoues, et les accumulations de graisse ind\u00e9sirables sous le menton [&hellip;]\" \/>\n<meta property=\"og:url\" content=\"https:\/\/beautyhubtr.com\/fr\/plastic-surgeries\/neck-lift\/\" \/>\n<meta property=\"og:site_name\" content=\"Beautyhub\" \/>\n<meta property=\"article:modified_time\" content=\"2025-04-08T10:15:37+00:00\" \/>\n<meta property=\"og:image\" content=\"https:\/\/beautyhubtr.com\/fr\/wp-content\/uploads\/2025\/03\/Neck_Lift-2web-2.webp\" \/>\n\t<meta property=\"og:image:width\" content=\"980\" \/>\n\t<meta property=\"og:image:height\" content=\"654\" \/>\n\t<meta property=\"og:image:type\" content=\"image\/webp\" \/>\n<meta name=\"twitter:card\" content=\"summary_large_image\" \/>\n<meta name=\"twitter:label1\" content=\"Dur\u00e9e de lecture estim\u00e9e\" \/>\n\t<meta name=\"twitter:data1\" content=\"3 minutes\" \/>\n<script type=\"application\/ld+json\" class=\"yoast-schema-graph\">{\"@context\":\"https:\/\/schema.org\",\"@graph\":[{\"@type\":\"WebPage\",\"@id\":\"https:\/\/beautyhubtr.com\/fr\/plastic-surgeries\/neck-lift\/\",\"url\":\"https:\/\/beautyhubtr.com\/fr\/plastic-surgeries\/neck-lift\/\",\"name\":\"Lifting du cou en Turquie - Beautyhub\",\"isPartOf\":{\"@id\":\"https:\/\/beautyhubtr.com\/fr\/#website\"},\"primaryImageOfPage\":{\"@id\":\"https:\/\/beautyhubtr.com\/fr\/plastic-surgeries\/neck-lift\/#primaryimage\"},\"image\":{\"@id\":\"https:\/\/beautyhubtr.com\/fr\/plastic-surgeries\/neck-lift\/#primaryimage\"},\"thumbnailUrl\":\"https:\/\/web.marstawi.online\/wp-content\/uploads\/2025\/03\/Neck_Lift-2web-2.webp\",\"datePublished\":\"2025-02-04T18:29:22+00:00\",\"dateModified\":\"2025-04-08T10:15:37+00:00\",\"breadcrumb\":{\"@id\":\"https:\/\/beautyhubtr.com\/fr\/plastic-surgeries\/neck-lift\/#breadcrumb\"},\"inLanguage\":\"fr-FR\",\"potentialAction\":[{\"@type\":\"ReadAction\",\"target\":[\"https:\/\/beautyhubtr.com\/fr\/plastic-surgeries\/neck-lift\/\"]}]},{\"@type\":\"ImageObject\",\"inLanguage\":\"fr-FR\",\"@id\":\"https:\/\/beautyhubtr.com\/fr\/plastic-surgeries\/neck-lift\/#primaryimage\",\"url\":\"https:\/\/web.marstawi.online\/wp-content\/uploads\/2025\/03\/Neck_Lift-2web-2.webp\",\"contentUrl\":\"https:\/\/web.marstawi.online\/wp-content\/uploads\/2025\/03\/Neck_Lift-2web-2.webp\"},{\"@type\":\"BreadcrumbList\",\"@id\":\"https:\/\/beautyhubtr.com\/fr\/plastic-surgeries\/neck-lift\/#breadcrumb\",\"itemListElement\":[{\"@type\":\"ListItem\",\"position\":1,\"name\":\"Home\",\"item\":\"https:\/\/beautyhubtr.com\/fr\/\"},{\"@type\":\"ListItem\",\"position\":2,\"name\":\"Plastic Surgeries en Turquie\",\"item\":\"https:\/\/beautyhubtr.com\/fr\/plastic-surgeries\/\"},{\"@type\":\"ListItem\",\"position\":3,\"name\":\"Lifting du cou en Turquie\"}]},{\"@type\":\"WebSite\",\"@id\":\"https:\/\/beautyhubtr.com\/fr\/#website\",\"url\":\"https:\/\/beautyhubtr.com\/fr\/\",\"name\":\"Beautyhub\",\"description\":\"For Hair Transplant and Plastic Surgery.\",\"publisher\":{\"@id\":\"https:\/\/beautyhubtr.com\/fr\/#organization\"},\"potentialAction\":[{\"@type\":\"SearchAction\",\"target\":{\"@type\":\"EntryPoint\",\"urlTemplate\":\"https:\/\/beautyhubtr.com\/fr\/?s={search_term_string}\"},\"query-input\":{\"@type\":\"PropertyValueSpecification\",\"valueRequired\":true,\"valueName\":\"search_term_string\"}}],\"inLanguage\":\"fr-FR\"},{\"@type\":\"Organization\",\"@id\":\"https:\/\/beautyhubtr.com\/fr\/#organization\",\"name\":\"Beautyhub\",\"url\":\"https:\/\/beautyhubtr.com\/fr\/\",\"logo\":{\"@type\":\"ImageObject\",\"inLanguage\":\"fr-FR\",\"@id\":\"https:\/\/beautyhubtr.com\/fr\/#\/schema\/logo\/image\/\",\"url\":\"https:\/\/beautyhubtr.com\/fr\/wp-content\/uploads\/2025\/03\/logo-beauty-hub-main.png\",\"contentUrl\":\"https:\/\/beautyhubtr.com\/fr\/wp-content\/uploads\/2025\/03\/logo-beauty-hub-main.png\",\"width\":1600,\"height\":450,\"caption\":\"Beautyhub\"},\"image\":{\"@id\":\"https:\/\/beautyhubtr.com\/fr\/#\/schema\/logo\/image\/\"}}]}<\/script>\n<!-- \/ Yoast SEO plugin. -->","yoast_head_json":{"title":"Lifting du cou en Turquie - Beautyhub","robots":{"index":"index","follow":"follow","max-snippet":"max-snippet:-1","max-image-preview":"max-image-preview:large","max-video-preview":"max-video-preview:-1"},"canonical":"https:\/\/beautyhubtr.com\/fr\/plastic-surgeries\/neck-lift\/","og_locale":"fr_FR","og_type":"article","og_title":"Lifting du cou en Turquie - Beautyhub","og_description":"Quelles conditions peut traiter un lifting du cou ? Une proc\u00e9dure de lifting du cou vise \u00e0 corriger les signes \u00e9vidents de vieillissement au niveau du cou et de la m\u00e2choire, en \u00e9liminant l&rsquo;exc\u00e8s de graisse dans le bas du visage qui a cr\u00e9\u00e9 des bajoues, et les accumulations de graisse ind\u00e9sirables sous le menton [&hellip;]","og_url":"https:\/\/beautyhubtr.com\/fr\/plastic-surgeries\/neck-lift\/","og_site_name":"Beautyhub","article_modified_time":"2025-04-08T10:15:37+00:00","og_image":[{"width":980,"height":654,"url":"https:\/\/beautyhubtr.com\/fr\/wp-content\/uploads\/2025\/03\/Neck_Lift-2web-2.webp","type":"image\/webp"}],"twitter_card":"summary_large_image","twitter_misc":{"Dur\u00e9e de lecture estim\u00e9e":"3 minutes"},"schema":{"@context":"https:\/\/schema.org","@graph":[{"@type":"WebPage","@id":"https:\/\/beautyhubtr.com\/fr\/plastic-surgeries\/neck-lift\/","url":"https:\/\/beautyhubtr.com\/fr\/plastic-surgeries\/neck-lift\/","name":"Lifting du cou en Turquie - Beautyhub","isPartOf":{"@id":"https:\/\/beautyhubtr.com\/fr\/#website"},"primaryImageOfPage":{"@id":"https:\/\/beautyhubtr.com\/fr\/plastic-surgeries\/neck-lift\/#primaryimage"},"image":{"@id":"https:\/\/beautyhubtr.com\/fr\/plastic-surgeries\/neck-lift\/#primaryimage"},"thumbnailUrl":"https:\/\/web.marstawi.online\/wp-content\/uploads\/2025\/03\/Neck_Lift-2web-2.webp","datePublished":"2025-02-04T18:29:22+00:00","dateModified":"2025-04-08T10:15:37+00:00","breadcrumb":{"@id":"https:\/\/beautyhubtr.com\/fr\/plastic-surgeries\/neck-lift\/#breadcrumb"},"inLanguage":"fr-FR","potentialAction":[{"@type":"ReadAction","target":["https:\/\/beautyhubtr.com\/fr\/plastic-surgeries\/neck-lift\/"]}]},{"@type":"ImageObject","inLanguage":"fr-FR","@id":"https:\/\/beautyhubtr.com\/fr\/plastic-surgeries\/neck-lift\/#primaryimage","url":"https:\/\/web.marstawi.online\/wp-content\/uploads\/2025\/03\/Neck_Lift-2web-2.webp","contentUrl":"https:\/\/web.marstawi.online\/wp-content\/uploads\/2025\/03\/Neck_Lift-2web-2.webp"},{"@type":"BreadcrumbList","@id":"https:\/\/beautyhubtr.com\/fr\/plastic-surgeries\/neck-lift\/#breadcrumb","itemListElement":[{"@type":"ListItem","position":1,"name":"Home","item":"https:\/\/beautyhubtr.com\/fr\/"},{"@type":"ListItem","position":2,"name":"Plastic Surgeries en Turquie","item":"https:\/\/beautyhubtr.com\/fr\/plastic-surgeries\/"},{"@type":"ListItem","position":3,"name":"Lifting du cou en Turquie"}]},{"@type":"WebSite","@id":"https:\/\/beautyhubtr.com\/fr\/#website","url":"https:\/\/beautyhubtr.com\/fr\/","name":"Beautyhub","description":"For Hair Transplant and Plastic Surgery.","publisher":{"@id":"https:\/\/beautyhubtr.com\/fr\/#organization"},"potentialAction":[{"@type":"SearchAction","target":{"@type":"EntryPoint","urlTemplate":"https:\/\/beautyhubtr.com\/fr\/?s={search_term_string}"},"query-input":{"@type":"PropertyValueSpecification","valueRequired":true,"valueName":"search_term_string"}}],"inLanguage":"fr-FR"},{"@type":"Organization","@id":"https:\/\/beautyhubtr.com\/fr\/#organization","name":"Beautyhub","url":"https:\/\/beautyhubtr.com\/fr\/","logo":{"@type":"ImageObject","inLanguage":"fr-FR","@id":"https:\/\/beautyhubtr.com\/fr\/#\/schema\/logo\/image\/","url":"https:\/\/beautyhubtr.com\/fr\/wp-content\/uploads\/2025\/03\/logo-beauty-hub-main.png","contentUrl":"https:\/\/beautyhubtr.com\/fr\/wp-content\/uploads\/2025\/03\/logo-beauty-hub-main.png","width":1600,"height":450,"caption":"Beautyhub"},"image":{"@id":"https:\/\/beautyhubtr.com\/fr\/#\/schema\/logo\/image\/"}}]}},"uagb_featured_image_src":{"full":false,"thumbnail":false,"medium":false,"medium_large":false,"large":false,"1536x1536":false,"2048x2048":false},"uagb_author_info":{"display_name":"BeautyHUB","author_link":"https:\/\/beautyhubtr.com\/fr\/author\/marstavi\/"},"uagb_comment_info":0,"uagb_excerpt":"Quelles conditions peut traiter un lifting du cou ? Une proc\u00e9dure de lifting du cou vise \u00e0 corriger les signes \u00e9vidents de vieillissement au niveau du cou et de la m\u00e2choire, en \u00e9liminant l&rsquo;exc\u00e8s de graisse dans le bas du visage qui a cr\u00e9\u00e9 des bajoues, et les accumulations de graisse ind\u00e9sirables sous le menton\u2026","_links":{"self":[{"href":"https:\/\/beautyhubtr.com\/fr\/wp-json\/wp\/v2\/pages\/703","targetHints":{"allow":["GET"]}}],"collection":[{"href":"https:\/\/beautyhubtr.com\/fr\/wp-json\/wp\/v2\/pages"}],"about":[{"href":"https:\/\/beautyhubtr.com\/fr\/wp-json\/wp\/v2\/types\/page"}],"author":[{"embeddable":true,"href":"https:\/\/beautyhubtr.com\/fr\/wp-json\/wp\/v2\/users\/1"}],"replies":[{"embeddable":true,"href":"https:\/\/beautyhubtr.com\/fr\/wp-json\/wp\/v2\/comments?post=703"}],"version-history":[{"count":5,"href":"https:\/\/beautyhubtr.com\/fr\/wp-json\/wp\/v2\/pages\/703\/revisions"}],"predecessor-version":[{"id":1483,"href":"https:\/\/beautyhubtr.com\/fr\/wp-json\/wp\/v2\/pages\/703\/revisions\/1483"}],"up":[{"embeddable":true,"href":"https:\/\/beautyhubtr.com\/fr\/wp-json\/wp\/v2\/pages\/669"}],"wp:attachment":[{"href":"https:\/\/beautyhubtr.com\/fr\/wp-json\/wp\/v2\/media?parent=703"}],"curies":[{"name":"wp","href":"https:\/\/api.w.org\/{rel}","templated":true}]}}