{"id":701,"date":"2025-02-04T18:28:59","date_gmt":"2025-02-04T18:28:59","guid":{"rendered":"https:\/\/web.marstawi.online\/?page_id=701"},"modified":"2025-04-08T13:13:48","modified_gmt":"2025-04-08T10:13:48","slug":"brazilian-butt-lift","status":"publish","type":"page","link":"https:\/\/beautyhubtr.com\/fr\/plastic-surgeries\/brazilian-butt-lift\/","title":{"rendered":"Lifting br\u00e9silien des fesses en Turquie"},"content":{"rendered":"\n<figure class=\"wp-block-image size-large\"><img loading=\"lazy\" decoding=\"async\" width=\"683\" height=\"1024\" src=\"https:\/\/web.marstawi.online\/wp-content\/uploads\/2025\/03\/Brazilian_Butt_Lift-2web-2-683x1024.webp\" alt=\"\" class=\"wp-image-893\" srcset=\"https:\/\/beautyhubtr.com\/fr\/wp-content\/uploads\/2025\/03\/Brazilian_Butt_Lift-2web-2-683x1024.webp 683w, https:\/\/beautyhubtr.com\/fr\/wp-content\/uploads\/2025\/03\/Brazilian_Butt_Lift-2web-2-200x300.webp 200w, https:\/\/beautyhubtr.com\/fr\/wp-content\/uploads\/2025\/03\/Brazilian_Butt_Lift-2web-2.webp 700w\" sizes=\"auto, (max-width: 683px) 100vw, 683px\" \/><\/figure>\n\n\n\n<h2 class=\"wp-block-heading\">Lifting br\u00e9silien des fesses en Turquie<\/h2>\n\n\n\n<p>Un lifting br\u00e9silien des fesses est une chirurgie esth\u00e9tique con\u00e7ue pour am\u00e9liorer la forme et la taille des fesses, ce qui donne un contour du bas du corps qui semble plus jeune et plus sexy. Cette chirurgie est recommand\u00e9e aux femmes de tout \u00e2ge et de toute morphologie.<\/p>\n\n\n\n<h2 class=\"wp-block-heading\"><strong>Raisons de choisir un lifting br\u00e9silien des fesses<\/strong><\/h2>\n\n\n\n<p>Vous pouvez opter pour un BBL si vous souhaitez rehausser l\u2019apparence d\u2019une fesse plate ou affaiss\u00e9e ou traiter un probl\u00e8me de forme. Il est \u00e9galement id\u00e9al pour les fesses disproportionn\u00e9es ou asym\u00e9triques. La technique adopt\u00e9e pour r\u00e9aliser un BBL influence de mani\u00e8re significative les r\u00e9sultats et leur durabilit\u00e9. Lors de la premi\u00e8re consultation, votre chirurgien vous expliquera la meilleure technique pour votre cas.<\/p>\n\n\n\n<h2 class=\"wp-block-heading\"><strong>\u00c9tapes de lifting br\u00e9silien des fesses<\/strong><\/h2>\n\n\n\n<p>La proc\u00e9dure comporte g\u00e9n\u00e9ralement trois \u00e9tapes : l\u2019extraction des graisses, le traitement des graisses et la r\u00e9injection.<\/p>\n\n\n\n<h3 class=\"wp-block-heading\"><strong>Extraction de graisse<\/strong><\/h3>\n\n\n\n<p>La graisse est extraite par liposuccion \u00e0 l\u2019aide d\u2019une canule tr\u00e8s fine pour \u00e9liminer la graisse des sites donneurs comme l\u2019abdomen, l\u2019int\u00e9rieur des cuisses et la zone au-dessus de la fesse. Les particules de graisse les plus petites possibles sont extraites car elles sont les plus adapt\u00e9es au greffage.<\/p>\n\n\n\n<h3 class=\"wp-block-heading\"><strong>Traitement des graisses<\/strong><\/h3>\n\n\n\n<p>La graisse extraite est nettoy\u00e9e et trait\u00e9e avant r\u00e9injection. La d\u00e9cantation et la centrifugation sont les techniques utilis\u00e9es pour extraire la graisse de la meilleure qualit\u00e9. Le chirurgien effectue une liposuccion dans trois r\u00e9gions diff\u00e9rentes du corps afin d\u2019obtenir la meilleure graisse \u00e0 greffer.<\/p>\n\n\n\n<h3 class=\"wp-block-heading\"><strong>R\u00e9injection de graisse<\/strong><\/h3>\n\n\n\n<p>La graisse purifi\u00e9e est ensuite inject\u00e9e dans diff\u00e9rents sites de la fesse \u00e0 l&rsquo;aide d&rsquo;une canule sp\u00e9cialis\u00e9e. La graisse est inject\u00e9e en petites quantit\u00e9s pour assurer le meilleur taux d\u2019absorption possible et donner un aspect lisse et naturel. Le processus se d\u00e9roule sous anesth\u00e9sie et le type d\u2019anesth\u00e9sie, g\u00e9n\u00e9rale ou s\u00e9dation IV, d\u00e9pend de l\u2019\u00e9tat de sant\u00e9 du patient. Les instructions postchirurgicales doivent \u00eatre suivies avec pr\u00e9cision pour obtenir les meilleurs r\u00e9sultats.<\/p>\n\n\n\n<h3 class=\"wp-block-heading\"><strong>Processus de r\u00e9cup\u00e9ration<\/strong><\/h3>\n\n\n\n<p>Apr\u00e8s l\u2019intervention, vous aurez besoin d\u2019un cong\u00e9 et devrez porter un v\u00eatement de compression pour vous aider \u00e0 r\u00e9cup\u00e9rer. Il peut y avoir un l\u00e9ger gonflement, mais vous devriez pouvoir reprendre vos activit\u00e9s normales dans environ quatre semaines. De l\u00e9g\u00e8res ecchymoses et douleurs sont normales et disparaissent g\u00e9n\u00e9ralement en quelques jours.<\/p>\n\n\n\n<h1 class=\"wp-block-heading\"><strong>Combien de temps durent les r\u00e9sultats?<\/strong><\/h1>\n\n\n\n<p>Si la graisse est raffin\u00e9e et inject\u00e9e correctement, les r\u00e9sultats d\u2019un BBL durent toute une vie. Les greffons de graisse inject\u00e9s de mani\u00e8re appropri\u00e9e sont stables, ce qui signifie qu\u2019un l\u00e9ger gain ou perte de poids ne modifiera pas radicalement l\u2019apparence de vos fesses et vous permettra de conserver votre forme am\u00e9lior\u00e9e.<\/p>\n\n\n\n<p><\/p>\n\n\n\n<div class=\"wp-block-stackable-columns stk-block-columns stk-block stk-b68a3f2\" data-block-id=\"b68a3f2\"><style>.stk-b68a3f2 {margin-bottom:0px !important;}.stk-b68a3f2-column{--stk-columns-spacing:0px !important;}<\/style><div class=\"stk-row stk-inner-blocks stk-block-content stk-content-align stk-b68a3f2-column\">\n<div class=\"wp-block-stackable-column stk-block-column stk-column stk-block stk-d353c8b\" data-v=\"4\" data-block-id=\"d353c8b\"><style>.stk-d353c8b-container{margin-top:0px !important;margin-right:0px !important;margin-bottom:0px !important;margin-left:0px !important;}<\/style><div class=\"stk-column-wrapper stk-block-column__content stk-container stk-d353c8b-container stk--no-background stk--no-padding\"><div class=\"stk-block-content stk-inner-blocks stk-d353c8b-inner-blocks\">\n<h3 class=\"wp-block-heading has-text-align-center\">Nous fournissons le plus haut niveau de satisfaction des services de soins \u00e0 nos patients.<\/h3>\n\n\n\n<h3 class=\"wp-block-heading has-text-align-center\">+90 551 888 20 80<a href=\"tel:+905518882080\"><\/a><\/h3>\n\n\n\n<div class=\"wp-block-uagb-buttons uagb-buttons__outer-wrap uagb-btn__default-btn uagb-btn-tablet__default-btn uagb-btn-mobile__default-btn uagb-block-0185e4b2\"><div class=\"uagb-buttons__wrap uagb-buttons-layout-wrap \">\n<div class=\"wp-block-uagb-buttons-child uagb-buttons__outer-wrap uagb-block-89548b30 wp-block-button\"><div class=\"uagb-button__wrapper\"><a class=\"uagb-buttons-repeater wp-block-button__link\" aria-label=\"\" href=\"https:\/\/beautyhubtr.com\/fr\/consultation\/\" rel=\"follow noopener\" target=\"_self\" role=\"button\"><div class=\"uagb-button__link\">Demander un rendez-vous<\/div><\/a><\/div><\/div>\n<\/div><\/div>\n<\/div><\/div><\/div>\n<\/div><\/div>\n\n\n\n<p><\/p>\n","protected":false},"excerpt":{"rendered":"<p>Lifting br\u00e9silien des fesses en Turquie Un lifting br\u00e9silien des fesses est une chirurgie esth\u00e9tique con\u00e7ue pour am\u00e9liorer la forme et la taille des fesses, ce qui donne un contour du bas du corps qui semble plus jeune et plus sexy. Cette chirurgie est recommand\u00e9e aux femmes de tout \u00e2ge et de toute morphologie. Raisons [&hellip;]<\/p>\n","protected":false},"author":1,"featured_media":0,"parent":669,"menu_order":0,"comment_status":"closed","ping_status":"closed","template":"","meta":{"_uag_custom_page_level_css":"","footnotes":""},"class_list":["post-701","page","type-page","status-publish","hentry"],"blocksy_meta":[],"yoast_head":"<!-- This site is optimized with the Yoast SEO plugin v24.8.1 - https:\/\/yoast.com\/wordpress\/plugins\/seo\/ -->\n<title>Lifting br\u00e9silien des fesses en Turquie - Beautyhub<\/title>\n<meta name=\"robots\" content=\"index, follow, max-snippet:-1, max-image-preview:large, max-video-preview:-1\" \/>\n<link rel=\"canonical\" href=\"https:\/\/beautyhubtr.com\/fr\/plastic-surgeries\/brazilian-butt-lift\/\" \/>\n<meta property=\"og:locale\" content=\"fr_FR\" \/>\n<meta property=\"og:type\" content=\"article\" \/>\n<meta property=\"og:title\" content=\"Lifting br\u00e9silien des fesses en Turquie - Beautyhub\" \/>\n<meta property=\"og:description\" content=\"Lifting br\u00e9silien des fesses en Turquie Un lifting br\u00e9silien des fesses est une chirurgie esth\u00e9tique con\u00e7ue pour am\u00e9liorer la forme et la taille des fesses, ce qui donne un contour du bas du corps qui semble plus jeune et plus sexy. Cette chirurgie est recommand\u00e9e aux femmes de tout \u00e2ge et de toute morphologie. Raisons [&hellip;]\" \/>\n<meta property=\"og:url\" content=\"https:\/\/beautyhubtr.com\/fr\/plastic-surgeries\/brazilian-butt-lift\/\" \/>\n<meta property=\"og:site_name\" content=\"Beautyhub\" \/>\n<meta property=\"article:modified_time\" content=\"2025-04-08T10:13:48+00:00\" \/>\n<meta property=\"og:image\" content=\"https:\/\/beautyhubtr.com\/fr\/wp-content\/uploads\/2025\/03\/Brazilian_Butt_Lift-2web-2.webp\" \/>\n\t<meta property=\"og:image:width\" content=\"700\" \/>\n\t<meta property=\"og:image:height\" content=\"1049\" \/>\n\t<meta property=\"og:image:type\" content=\"image\/webp\" \/>\n<meta name=\"twitter:card\" content=\"summary_large_image\" \/>\n<meta name=\"twitter:label1\" content=\"Dur\u00e9e de lecture estim\u00e9e\" \/>\n\t<meta name=\"twitter:data1\" content=\"3 minutes\" \/>\n<script type=\"application\/ld+json\" class=\"yoast-schema-graph\">{\"@context\":\"https:\/\/schema.org\",\"@graph\":[{\"@type\":\"WebPage\",\"@id\":\"https:\/\/beautyhubtr.com\/fr\/plastic-surgeries\/brazilian-butt-lift\/\",\"url\":\"https:\/\/beautyhubtr.com\/fr\/plastic-surgeries\/brazilian-butt-lift\/\",\"name\":\"Lifting br\u00e9silien des fesses en Turquie - Beautyhub\",\"isPartOf\":{\"@id\":\"https:\/\/beautyhubtr.com\/fr\/#website\"},\"primaryImageOfPage\":{\"@id\":\"https:\/\/beautyhubtr.com\/fr\/plastic-surgeries\/brazilian-butt-lift\/#primaryimage\"},\"image\":{\"@id\":\"https:\/\/beautyhubtr.com\/fr\/plastic-surgeries\/brazilian-butt-lift\/#primaryimage\"},\"thumbnailUrl\":\"https:\/\/web.marstawi.online\/wp-content\/uploads\/2025\/03\/Brazilian_Butt_Lift-2web-2-683x1024.webp\",\"datePublished\":\"2025-02-04T18:28:59+00:00\",\"dateModified\":\"2025-04-08T10:13:48+00:00\",\"breadcrumb\":{\"@id\":\"https:\/\/beautyhubtr.com\/fr\/plastic-surgeries\/brazilian-butt-lift\/#breadcrumb\"},\"inLanguage\":\"fr-FR\",\"potentialAction\":[{\"@type\":\"ReadAction\",\"target\":[\"https:\/\/beautyhubtr.com\/fr\/plastic-surgeries\/brazilian-butt-lift\/\"]}]},{\"@type\":\"ImageObject\",\"inLanguage\":\"fr-FR\",\"@id\":\"https:\/\/beautyhubtr.com\/fr\/plastic-surgeries\/brazilian-butt-lift\/#primaryimage\",\"url\":\"https:\/\/web.marstawi.online\/wp-content\/uploads\/2025\/03\/Brazilian_Butt_Lift-2web-2-683x1024.webp\",\"contentUrl\":\"https:\/\/web.marstawi.online\/wp-content\/uploads\/2025\/03\/Brazilian_Butt_Lift-2web-2-683x1024.webp\"},{\"@type\":\"BreadcrumbList\",\"@id\":\"https:\/\/beautyhubtr.com\/fr\/plastic-surgeries\/brazilian-butt-lift\/#breadcrumb\",\"itemListElement\":[{\"@type\":\"ListItem\",\"position\":1,\"name\":\"Home\",\"item\":\"https:\/\/beautyhubtr.com\/fr\/\"},{\"@type\":\"ListItem\",\"position\":2,\"name\":\"Plastic Surgeries en Turquie\",\"item\":\"https:\/\/beautyhubtr.com\/fr\/plastic-surgeries\/\"},{\"@type\":\"ListItem\",\"position\":3,\"name\":\"Lifting br\u00e9silien des fesses en Turquie\"}]},{\"@type\":\"WebSite\",\"@id\":\"https:\/\/beautyhubtr.com\/fr\/#website\",\"url\":\"https:\/\/beautyhubtr.com\/fr\/\",\"name\":\"Beautyhub\",\"description\":\"For Hair Transplant and Plastic Surgery.\",\"publisher\":{\"@id\":\"https:\/\/beautyhubtr.com\/fr\/#organization\"},\"potentialAction\":[{\"@type\":\"SearchAction\",\"target\":{\"@type\":\"EntryPoint\",\"urlTemplate\":\"https:\/\/beautyhubtr.com\/fr\/?s={search_term_string}\"},\"query-input\":{\"@type\":\"PropertyValueSpecification\",\"valueRequired\":true,\"valueName\":\"search_term_string\"}}],\"inLanguage\":\"fr-FR\"},{\"@type\":\"Organization\",\"@id\":\"https:\/\/beautyhubtr.com\/fr\/#organization\",\"name\":\"Beautyhub\",\"url\":\"https:\/\/beautyhubtr.com\/fr\/\",\"logo\":{\"@type\":\"ImageObject\",\"inLanguage\":\"fr-FR\",\"@id\":\"https:\/\/beautyhubtr.com\/fr\/#\/schema\/logo\/image\/\",\"url\":\"https:\/\/beautyhubtr.com\/fr\/wp-content\/uploads\/2025\/03\/logo-beauty-hub-main.png\",\"contentUrl\":\"https:\/\/beautyhubtr.com\/fr\/wp-content\/uploads\/2025\/03\/logo-beauty-hub-main.png\",\"width\":1600,\"height\":450,\"caption\":\"Beautyhub\"},\"image\":{\"@id\":\"https:\/\/beautyhubtr.com\/fr\/#\/schema\/logo\/image\/\"}}]}<\/script>\n<!-- \/ Yoast SEO plugin. -->","yoast_head_json":{"title":"Lifting br\u00e9silien des fesses en Turquie - Beautyhub","robots":{"index":"index","follow":"follow","max-snippet":"max-snippet:-1","max-image-preview":"max-image-preview:large","max-video-preview":"max-video-preview:-1"},"canonical":"https:\/\/beautyhubtr.com\/fr\/plastic-surgeries\/brazilian-butt-lift\/","og_locale":"fr_FR","og_type":"article","og_title":"Lifting br\u00e9silien des fesses en Turquie - Beautyhub","og_description":"Lifting br\u00e9silien des fesses en Turquie Un lifting br\u00e9silien des fesses est une chirurgie esth\u00e9tique con\u00e7ue pour am\u00e9liorer la forme et la taille des fesses, ce qui donne un contour du bas du corps qui semble plus jeune et plus sexy. Cette chirurgie est recommand\u00e9e aux femmes de tout \u00e2ge et de toute morphologie. Raisons [&hellip;]","og_url":"https:\/\/beautyhubtr.com\/fr\/plastic-surgeries\/brazilian-butt-lift\/","og_site_name":"Beautyhub","article_modified_time":"2025-04-08T10:13:48+00:00","og_image":[{"width":700,"height":1049,"url":"https:\/\/beautyhubtr.com\/fr\/wp-content\/uploads\/2025\/03\/Brazilian_Butt_Lift-2web-2.webp","type":"image\/webp"}],"twitter_card":"summary_large_image","twitter_misc":{"Dur\u00e9e de lecture estim\u00e9e":"3 minutes"},"schema":{"@context":"https:\/\/schema.org","@graph":[{"@type":"WebPage","@id":"https:\/\/beautyhubtr.com\/fr\/plastic-surgeries\/brazilian-butt-lift\/","url":"https:\/\/beautyhubtr.com\/fr\/plastic-surgeries\/brazilian-butt-lift\/","name":"Lifting br\u00e9silien des fesses en Turquie - Beautyhub","isPartOf":{"@id":"https:\/\/beautyhubtr.com\/fr\/#website"},"primaryImageOfPage":{"@id":"https:\/\/beautyhubtr.com\/fr\/plastic-surgeries\/brazilian-butt-lift\/#primaryimage"},"image":{"@id":"https:\/\/beautyhubtr.com\/fr\/plastic-surgeries\/brazilian-butt-lift\/#primaryimage"},"thumbnailUrl":"https:\/\/web.marstawi.online\/wp-content\/uploads\/2025\/03\/Brazilian_Butt_Lift-2web-2-683x1024.webp","datePublished":"2025-02-04T18:28:59+00:00","dateModified":"2025-04-08T10:13:48+00:00","breadcrumb":{"@id":"https:\/\/beautyhubtr.com\/fr\/plastic-surgeries\/brazilian-butt-lift\/#breadcrumb"},"inLanguage":"fr-FR","potentialAction":[{"@type":"ReadAction","target":["https:\/\/beautyhubtr.com\/fr\/plastic-surgeries\/brazilian-butt-lift\/"]}]},{"@type":"ImageObject","inLanguage":"fr-FR","@id":"https:\/\/beautyhubtr.com\/fr\/plastic-surgeries\/brazilian-butt-lift\/#primaryimage","url":"https:\/\/web.marstawi.online\/wp-content\/uploads\/2025\/03\/Brazilian_Butt_Lift-2web-2-683x1024.webp","contentUrl":"https:\/\/web.marstawi.online\/wp-content\/uploads\/2025\/03\/Brazilian_Butt_Lift-2web-2-683x1024.webp"},{"@type":"BreadcrumbList","@id":"https:\/\/beautyhubtr.com\/fr\/plastic-surgeries\/brazilian-butt-lift\/#breadcrumb","itemListElement":[{"@type":"ListItem","position":1,"name":"Home","item":"https:\/\/beautyhubtr.com\/fr\/"},{"@type":"ListItem","position":2,"name":"Plastic Surgeries en Turquie","item":"https:\/\/beautyhubtr.com\/fr\/plastic-surgeries\/"},{"@type":"ListItem","position":3,"name":"Lifting br\u00e9silien des fesses en Turquie"}]},{"@type":"WebSite","@id":"https:\/\/beautyhubtr.com\/fr\/#website","url":"https:\/\/beautyhubtr.com\/fr\/","name":"Beautyhub","description":"For Hair Transplant and Plastic Surgery.","publisher":{"@id":"https:\/\/beautyhubtr.com\/fr\/#organization"},"potentialAction":[{"@type":"SearchAction","target":{"@type":"EntryPoint","urlTemplate":"https:\/\/beautyhubtr.com\/fr\/?s={search_term_string}"},"query-input":{"@type":"PropertyValueSpecification","valueRequired":true,"valueName":"search_term_string"}}],"inLanguage":"fr-FR"},{"@type":"Organization","@id":"https:\/\/beautyhubtr.com\/fr\/#organization","name":"Beautyhub","url":"https:\/\/beautyhubtr.com\/fr\/","logo":{"@type":"ImageObject","inLanguage":"fr-FR","@id":"https:\/\/beautyhubtr.com\/fr\/#\/schema\/logo\/image\/","url":"https:\/\/beautyhubtr.com\/fr\/wp-content\/uploads\/2025\/03\/logo-beauty-hub-main.png","contentUrl":"https:\/\/beautyhubtr.com\/fr\/wp-content\/uploads\/2025\/03\/logo-beauty-hub-main.png","width":1600,"height":450,"caption":"Beautyhub"},"image":{"@id":"https:\/\/beautyhubtr.com\/fr\/#\/schema\/logo\/image\/"}}]}},"uagb_featured_image_src":{"full":false,"thumbnail":false,"medium":false,"medium_large":false,"large":false,"1536x1536":false,"2048x2048":false},"uagb_author_info":{"display_name":"BeautyHUB","author_link":"https:\/\/beautyhubtr.com\/fr\/author\/marstavi\/"},"uagb_comment_info":0,"uagb_excerpt":"Lifting br\u00e9silien des fesses en Turquie Un lifting br\u00e9silien des fesses est une chirurgie esth\u00e9tique con\u00e7ue pour am\u00e9liorer la forme et la taille des fesses, ce qui donne un contour du bas du corps qui semble plus jeune et plus sexy. Cette chirurgie est recommand\u00e9e aux femmes de tout \u00e2ge et de toute morphologie. Raisons\u2026","_links":{"self":[{"href":"https:\/\/beautyhubtr.com\/fr\/wp-json\/wp\/v2\/pages\/701","targetHints":{"allow":["GET"]}}],"collection":[{"href":"https:\/\/beautyhubtr.com\/fr\/wp-json\/wp\/v2\/pages"}],"about":[{"href":"https:\/\/beautyhubtr.com\/fr\/wp-json\/wp\/v2\/types\/page"}],"author":[{"embeddable":true,"href":"https:\/\/beautyhubtr.com\/fr\/wp-json\/wp\/v2\/users\/1"}],"replies":[{"embeddable":true,"href":"https:\/\/beautyhubtr.com\/fr\/wp-json\/wp\/v2\/comments?post=701"}],"version-history":[{"count":5,"href":"https:\/\/beautyhubtr.com\/fr\/wp-json\/wp\/v2\/pages\/701\/revisions"}],"predecessor-version":[{"id":1482,"href":"https:\/\/beautyhubtr.com\/fr\/wp-json\/wp\/v2\/pages\/701\/revisions\/1482"}],"up":[{"embeddable":true,"href":"https:\/\/beautyhubtr.com\/fr\/wp-json\/wp\/v2\/pages\/669"}],"wp:attachment":[{"href":"https:\/\/beautyhubtr.com\/fr\/wp-json\/wp\/v2\/media?parent=701"}],"curies":[{"name":"wp","href":"https:\/\/api.w.org\/{rel}","templated":true}]}}