{"id":699,"date":"2025-02-04T18:28:32","date_gmt":"2025-02-04T18:28:32","guid":{"rendered":"https:\/\/web.marstawi.online\/?page_id=699"},"modified":"2025-04-08T13:12:33","modified_gmt":"2025-04-08T10:12:33","slug":"mommy-makeover","status":"publish","type":"page","link":"https:\/\/beautyhubtr.com\/fr\/plastic-surgeries\/mommy-makeover\/","title":{"rendered":"Relooking de maman en Turquie"},"content":{"rendered":"\n<figure class=\"wp-block-image size-full\"><img loading=\"lazy\" decoding=\"async\" width=\"980\" height=\"629\" src=\"https:\/\/web.marstawi.online\/wp-content\/uploads\/2025\/03\/Mommy_Makeover-2web-2.webp\" alt=\"\" class=\"wp-image-889\" srcset=\"https:\/\/beautyhubtr.com\/fr\/wp-content\/uploads\/2025\/03\/Mommy_Makeover-2web-2.webp 980w, https:\/\/beautyhubtr.com\/fr\/wp-content\/uploads\/2025\/03\/Mommy_Makeover-2web-2-300x193.webp 300w, https:\/\/beautyhubtr.com\/fr\/wp-content\/uploads\/2025\/03\/Mommy_Makeover-2web-2-768x493.webp 768w\" sizes=\"auto, (max-width: 980px) 100vw, 980px\" \/><\/figure>\n\n\n\n<h2 class=\"wp-block-heading\"><strong>Qu&rsquo;est-ce qu&rsquo;un Mommy Makeover ?<\/strong><\/h2>\n\n\n\n<p>Un Mommy Makeover est une proc\u00e9dure personnalis\u00e9e qui redonne \u00e0 une femme son apparence d\u2019avant la grossesse. Elle rajeunit les seins et le ventre et peut \u00e9galement concerner les bras et les jambes, comme un lifting ou une r\u00e9duction de taille.<\/p>\n\n\n\n<h2 class=\"wp-block-heading\"><strong>Un Mommy Makeover est-il fait pour moi ?<\/strong><\/h2>\n\n\n\n<p>Un Mommy Makeover peut \u00eatre envisag\u00e9 si :<\/p>\n\n\n\n<ul class=\"wp-block-list\">\n<li>La forme et la taille des seins sont devenues moins d\u00e9sirables, comme un affaissement, un volume r\u00e9duit, des mamelons bas, des seins asym\u00e9triques ou de tailles diff\u00e9rentes.<\/li>\n\n\n\n<li>Le rel\u00e2chement cutan\u00e9 et les vergetures sur le ventre et la taille sont un probl\u00e8me.<\/li>\n\n\n\n<li>Il existe une accumulation tenace de graisse dans les cuisses, l\u2019abdomen et les hanches qui ne s\u2019am\u00e9liore pas avec un r\u00e9gime ou de l\u2019exercice.<\/li>\n\n\n\n<li>La graisse pend sur une cicatrice de c\u00e9sarienne.<\/li>\n\n\n\n<li>Le buste et le ventre pr\u00e9sentent des signes de vieillissement.<\/li>\n<\/ul>\n\n\n\n<p>Un Mommy Makeover peut \u00e0 nouveau vous redonner une apparence jeune \u00e0 votre corps en combinant un certain nombre de proc\u00e9dures.<\/p>\n\n\n\n<h2 class=\"wp-block-heading\"><strong>Comment se d\u00e9roule un Mommy Makeover ?<\/strong><\/h2>\n\n\n\n<p>Un Mommy Makeover comprend diverses proc\u00e9dures con\u00e7ues sur mesure pour r\u00e9pondre \u00e0 vos besoins individuels. Lors de votre premi\u00e8re consultation, vous discutez de vos attentes avec votre m\u00e9decin. Les proc\u00e9dures pourraient inclure :<\/p>\n\n\n\n<h2 class=\"wp-block-heading\"><strong>Abdominoplastie ou abdominoplastie<\/strong><\/h2>\n\n\n\n<p>La peau affaiss\u00e9e et les muscles abdominaux sont resserr\u00e9s lors d\u2019une abdominoplastie. La peau autour du nombril est repositionn\u00e9e et resserr\u00e9e, et l&rsquo;incision est ferm\u00e9e par des sutures. L\u2019emplacement de la cicatrice d\u2019incision est g\u00e9n\u00e9ralement cach\u00e9 sous la ligne du bikini. N\u2019oubliez pas que l\u2019abdominoplastie \u00e9limine l\u2019exc\u00e8s de peau et de graisse de l\u2019abdomen mais ne resserre pas les hanches.<\/p>\n\n\n\n<h3 class=\"wp-block-heading\"><strong>Liposuccion<\/strong><\/h3>\n\n\n\n<p>La liposuccion est un processus qui \u00e9limine l&rsquo;exc\u00e8s de graisse des hanches, des cuisses et de la taille. Il \u00e9limine \u00e9galement efficacement la graisse du haut des bras, des genoux, des cuisses et du cou. La liposuccion au laser peut resserrer la peau si l\u2019affaissement n\u2019est pas grave et produit une apparence ferme et resserr\u00e9e sans cicatrice chirurgicale.<\/p>\n\n\n\n<p>Pendant la grossesse et apr\u00e8s l&rsquo;accouchement, la taille des seins peut diminuer et leur forme peut \u00eatre affect\u00e9e. Le lifting des seins est effectu\u00e9 pour r\u00e9soudre un certain nombre de probl\u00e8mes, notamment la diminution du volume et l\u2019affaissement des mamelons.<\/p>\n\n\n\n<p>Vous pouvez \u00e9galement opter pour une r\u00e9duction ou une augmentation mammaire pour obtenir une forme de seins plus pleine et plus ronde. La r\u00e9duction mammaire vise \u00e0 att\u00e9nuer la pression et la douleur qu&rsquo;elle peut provoquer sur votre posture, ainsi qu&rsquo;au raffermissement des seins en \u00e9liminant l&rsquo;exc\u00e8s de graisse et en raffermissant la peau. L&rsquo;augmentation mammaire se fait par l&rsquo;insertion d&rsquo;un implant mammaire en gel de silicone pour augmenter ou restaurer la taille des seins.<\/p>\n\n\n\n<h3 class=\"wp-block-heading\"><strong>Anesth\u00e9sie et incisions<\/strong><\/h3>\n\n\n\n<p>Les proc\u00e9dures Mommy Makeover sont g\u00e9n\u00e9ralement effectu\u00e9es sous anesth\u00e9sie locale et s\u00e9dation IV. La taille des incisions d\u00e9pend de la quantit\u00e9 d\u2019exc\u00e8s de graisse et de peau \u00e0 \u00e9liminer. Le m\u00e9decin veillera \u00e0 ce que les cicatrices soient de taille minimale et soient les moins visibles.<\/p>\n\n\n\n<p>Votre premi\u00e8re consultation avec votre m\u00e9decin vous donnera l\u2019occasion d\u2019expliquer vos besoins et ce que vous souhaitez obtenir de l\u2019op\u00e9ration.<\/p>\n\n\n\n<p><\/p>\n\n\n\n<div class=\"wp-block-stackable-columns stk-block-columns stk-block stk-b68a3f2\" data-block-id=\"b68a3f2\"><style>.stk-b68a3f2 {margin-bottom:0px !important;}.stk-b68a3f2-column{--stk-columns-spacing:0px !important;}<\/style><div class=\"stk-row stk-inner-blocks stk-block-content stk-content-align stk-b68a3f2-column\">\n<div class=\"wp-block-stackable-column stk-block-column stk-column stk-block stk-d353c8b\" data-v=\"4\" data-block-id=\"d353c8b\"><style>.stk-d353c8b-container{margin-top:0px !important;margin-right:0px !important;margin-bottom:0px !important;margin-left:0px !important;}<\/style><div class=\"stk-column-wrapper stk-block-column__content stk-container stk-d353c8b-container stk--no-background stk--no-padding\"><div class=\"stk-block-content stk-inner-blocks stk-d353c8b-inner-blocks\">\n<h3 class=\"wp-block-heading has-text-align-center\">Nous fournissons le plus haut niveau de satisfaction des services de soins \u00e0 nos patients.<\/h3>\n\n\n\n<h3 class=\"wp-block-heading has-text-align-center\">+90 551 888 20 80<a href=\"tel:+905518882080\"><\/a><\/h3>\n\n\n\n<div class=\"wp-block-uagb-buttons uagb-buttons__outer-wrap uagb-btn__default-btn uagb-btn-tablet__default-btn uagb-btn-mobile__default-btn uagb-block-0185e4b2\"><div class=\"uagb-buttons__wrap uagb-buttons-layout-wrap \">\n<div class=\"wp-block-uagb-buttons-child uagb-buttons__outer-wrap uagb-block-89548b30 wp-block-button\"><div class=\"uagb-button__wrapper\"><a class=\"uagb-buttons-repeater wp-block-button__link\" aria-label=\"\" href=\"https:\/\/beautyhubtr.com\/fr\/consultation\/\" rel=\"follow noopener\" target=\"_self\" role=\"button\"><div class=\"uagb-button__link\">Demander un rendez-vous<\/div><\/a><\/div><\/div>\n<\/div><\/div>\n<\/div><\/div><\/div>\n<\/div><\/div>\n\n\n\n<p><\/p>\n","protected":false},"excerpt":{"rendered":"<p>Qu&rsquo;est-ce qu&rsquo;un Mommy Makeover ? Un Mommy Makeover est une proc\u00e9dure personnalis\u00e9e qui redonne \u00e0 une femme son apparence d\u2019avant la grossesse. Elle rajeunit les seins et le ventre et peut \u00e9galement concerner les bras et les jambes, comme un lifting ou une r\u00e9duction de taille. Un Mommy Makeover est-il fait pour moi ? Un [&hellip;]<\/p>\n","protected":false},"author":1,"featured_media":0,"parent":669,"menu_order":0,"comment_status":"closed","ping_status":"closed","template":"","meta":{"_uag_custom_page_level_css":"","footnotes":""},"class_list":["post-699","page","type-page","status-publish","hentry"],"blocksy_meta":[],"yoast_head":"<!-- This site is optimized with the Yoast SEO plugin v24.8.1 - https:\/\/yoast.com\/wordpress\/plugins\/seo\/ -->\n<title>Relooking de maman en Turquie - Beautyhub<\/title>\n<meta name=\"robots\" content=\"index, follow, max-snippet:-1, max-image-preview:large, max-video-preview:-1\" \/>\n<link rel=\"canonical\" href=\"https:\/\/beautyhubtr.com\/fr\/plastic-surgeries\/mommy-makeover\/\" \/>\n<meta property=\"og:locale\" content=\"fr_FR\" \/>\n<meta property=\"og:type\" content=\"article\" \/>\n<meta property=\"og:title\" content=\"Relooking de maman en Turquie - Beautyhub\" \/>\n<meta property=\"og:description\" content=\"Qu&rsquo;est-ce qu&rsquo;un Mommy Makeover ? Un Mommy Makeover est une proc\u00e9dure personnalis\u00e9e qui redonne \u00e0 une femme son apparence d\u2019avant la grossesse. Elle rajeunit les seins et le ventre et peut \u00e9galement concerner les bras et les jambes, comme un lifting ou une r\u00e9duction de taille. Un Mommy Makeover est-il fait pour moi ? Un [&hellip;]\" \/>\n<meta property=\"og:url\" content=\"https:\/\/beautyhubtr.com\/fr\/plastic-surgeries\/mommy-makeover\/\" \/>\n<meta property=\"og:site_name\" content=\"Beautyhub\" \/>\n<meta property=\"article:modified_time\" content=\"2025-04-08T10:12:33+00:00\" \/>\n<meta property=\"og:image\" content=\"https:\/\/beautyhubtr.com\/fr\/wp-content\/uploads\/2025\/03\/Mommy_Makeover-2web-2.webp\" \/>\n\t<meta property=\"og:image:width\" content=\"980\" \/>\n\t<meta property=\"og:image:height\" content=\"629\" \/>\n\t<meta property=\"og:image:type\" content=\"image\/webp\" \/>\n<meta name=\"twitter:card\" content=\"summary_large_image\" \/>\n<meta name=\"twitter:label1\" content=\"Dur\u00e9e de lecture estim\u00e9e\" \/>\n\t<meta name=\"twitter:data1\" content=\"6 minutes\" \/>\n<script type=\"application\/ld+json\" class=\"yoast-schema-graph\">{\"@context\":\"https:\/\/schema.org\",\"@graph\":[{\"@type\":\"WebPage\",\"@id\":\"https:\/\/beautyhubtr.com\/fr\/plastic-surgeries\/mommy-makeover\/\",\"url\":\"https:\/\/beautyhubtr.com\/fr\/plastic-surgeries\/mommy-makeover\/\",\"name\":\"Relooking de maman en Turquie - Beautyhub\",\"isPartOf\":{\"@id\":\"https:\/\/beautyhubtr.com\/fr\/#website\"},\"primaryImageOfPage\":{\"@id\":\"https:\/\/beautyhubtr.com\/fr\/plastic-surgeries\/mommy-makeover\/#primaryimage\"},\"image\":{\"@id\":\"https:\/\/beautyhubtr.com\/fr\/plastic-surgeries\/mommy-makeover\/#primaryimage\"},\"thumbnailUrl\":\"https:\/\/web.marstawi.online\/wp-content\/uploads\/2025\/03\/Mommy_Makeover-2web-2.webp\",\"datePublished\":\"2025-02-04T18:28:32+00:00\",\"dateModified\":\"2025-04-08T10:12:33+00:00\",\"breadcrumb\":{\"@id\":\"https:\/\/beautyhubtr.com\/fr\/plastic-surgeries\/mommy-makeover\/#breadcrumb\"},\"inLanguage\":\"fr-FR\",\"potentialAction\":[{\"@type\":\"ReadAction\",\"target\":[\"https:\/\/beautyhubtr.com\/fr\/plastic-surgeries\/mommy-makeover\/\"]}]},{\"@type\":\"ImageObject\",\"inLanguage\":\"fr-FR\",\"@id\":\"https:\/\/beautyhubtr.com\/fr\/plastic-surgeries\/mommy-makeover\/#primaryimage\",\"url\":\"https:\/\/web.marstawi.online\/wp-content\/uploads\/2025\/03\/Mommy_Makeover-2web-2.webp\",\"contentUrl\":\"https:\/\/web.marstawi.online\/wp-content\/uploads\/2025\/03\/Mommy_Makeover-2web-2.webp\"},{\"@type\":\"BreadcrumbList\",\"@id\":\"https:\/\/beautyhubtr.com\/fr\/plastic-surgeries\/mommy-makeover\/#breadcrumb\",\"itemListElement\":[{\"@type\":\"ListItem\",\"position\":1,\"name\":\"Home\",\"item\":\"https:\/\/beautyhubtr.com\/fr\/\"},{\"@type\":\"ListItem\",\"position\":2,\"name\":\"Plastic Surgeries en Turquie\",\"item\":\"https:\/\/beautyhubtr.com\/fr\/plastic-surgeries\/\"},{\"@type\":\"ListItem\",\"position\":3,\"name\":\"Relooking de maman en Turquie\"}]},{\"@type\":\"WebSite\",\"@id\":\"https:\/\/beautyhubtr.com\/fr\/#website\",\"url\":\"https:\/\/beautyhubtr.com\/fr\/\",\"name\":\"Beautyhub\",\"description\":\"For Hair Transplant and Plastic Surgery.\",\"publisher\":{\"@id\":\"https:\/\/beautyhubtr.com\/fr\/#organization\"},\"potentialAction\":[{\"@type\":\"SearchAction\",\"target\":{\"@type\":\"EntryPoint\",\"urlTemplate\":\"https:\/\/beautyhubtr.com\/fr\/?s={search_term_string}\"},\"query-input\":{\"@type\":\"PropertyValueSpecification\",\"valueRequired\":true,\"valueName\":\"search_term_string\"}}],\"inLanguage\":\"fr-FR\"},{\"@type\":\"Organization\",\"@id\":\"https:\/\/beautyhubtr.com\/fr\/#organization\",\"name\":\"Beautyhub\",\"url\":\"https:\/\/beautyhubtr.com\/fr\/\",\"logo\":{\"@type\":\"ImageObject\",\"inLanguage\":\"fr-FR\",\"@id\":\"https:\/\/beautyhubtr.com\/fr\/#\/schema\/logo\/image\/\",\"url\":\"https:\/\/beautyhubtr.com\/fr\/wp-content\/uploads\/2025\/03\/logo-beauty-hub-main.png\",\"contentUrl\":\"https:\/\/beautyhubtr.com\/fr\/wp-content\/uploads\/2025\/03\/logo-beauty-hub-main.png\",\"width\":1600,\"height\":450,\"caption\":\"Beautyhub\"},\"image\":{\"@id\":\"https:\/\/beautyhubtr.com\/fr\/#\/schema\/logo\/image\/\"}}]}<\/script>\n<!-- \/ Yoast SEO plugin. -->","yoast_head_json":{"title":"Relooking de maman en Turquie - Beautyhub","robots":{"index":"index","follow":"follow","max-snippet":"max-snippet:-1","max-image-preview":"max-image-preview:large","max-video-preview":"max-video-preview:-1"},"canonical":"https:\/\/beautyhubtr.com\/fr\/plastic-surgeries\/mommy-makeover\/","og_locale":"fr_FR","og_type":"article","og_title":"Relooking de maman en Turquie - Beautyhub","og_description":"Qu&rsquo;est-ce qu&rsquo;un Mommy Makeover ? Un Mommy Makeover est une proc\u00e9dure personnalis\u00e9e qui redonne \u00e0 une femme son apparence d\u2019avant la grossesse. Elle rajeunit les seins et le ventre et peut \u00e9galement concerner les bras et les jambes, comme un lifting ou une r\u00e9duction de taille. Un Mommy Makeover est-il fait pour moi ? Un [&hellip;]","og_url":"https:\/\/beautyhubtr.com\/fr\/plastic-surgeries\/mommy-makeover\/","og_site_name":"Beautyhub","article_modified_time":"2025-04-08T10:12:33+00:00","og_image":[{"width":980,"height":629,"url":"https:\/\/beautyhubtr.com\/fr\/wp-content\/uploads\/2025\/03\/Mommy_Makeover-2web-2.webp","type":"image\/webp"}],"twitter_card":"summary_large_image","twitter_misc":{"Dur\u00e9e de lecture estim\u00e9e":"6 minutes"},"schema":{"@context":"https:\/\/schema.org","@graph":[{"@type":"WebPage","@id":"https:\/\/beautyhubtr.com\/fr\/plastic-surgeries\/mommy-makeover\/","url":"https:\/\/beautyhubtr.com\/fr\/plastic-surgeries\/mommy-makeover\/","name":"Relooking de maman en Turquie - Beautyhub","isPartOf":{"@id":"https:\/\/beautyhubtr.com\/fr\/#website"},"primaryImageOfPage":{"@id":"https:\/\/beautyhubtr.com\/fr\/plastic-surgeries\/mommy-makeover\/#primaryimage"},"image":{"@id":"https:\/\/beautyhubtr.com\/fr\/plastic-surgeries\/mommy-makeover\/#primaryimage"},"thumbnailUrl":"https:\/\/web.marstawi.online\/wp-content\/uploads\/2025\/03\/Mommy_Makeover-2web-2.webp","datePublished":"2025-02-04T18:28:32+00:00","dateModified":"2025-04-08T10:12:33+00:00","breadcrumb":{"@id":"https:\/\/beautyhubtr.com\/fr\/plastic-surgeries\/mommy-makeover\/#breadcrumb"},"inLanguage":"fr-FR","potentialAction":[{"@type":"ReadAction","target":["https:\/\/beautyhubtr.com\/fr\/plastic-surgeries\/mommy-makeover\/"]}]},{"@type":"ImageObject","inLanguage":"fr-FR","@id":"https:\/\/beautyhubtr.com\/fr\/plastic-surgeries\/mommy-makeover\/#primaryimage","url":"https:\/\/web.marstawi.online\/wp-content\/uploads\/2025\/03\/Mommy_Makeover-2web-2.webp","contentUrl":"https:\/\/web.marstawi.online\/wp-content\/uploads\/2025\/03\/Mommy_Makeover-2web-2.webp"},{"@type":"BreadcrumbList","@id":"https:\/\/beautyhubtr.com\/fr\/plastic-surgeries\/mommy-makeover\/#breadcrumb","itemListElement":[{"@type":"ListItem","position":1,"name":"Home","item":"https:\/\/beautyhubtr.com\/fr\/"},{"@type":"ListItem","position":2,"name":"Plastic Surgeries en Turquie","item":"https:\/\/beautyhubtr.com\/fr\/plastic-surgeries\/"},{"@type":"ListItem","position":3,"name":"Relooking de maman en Turquie"}]},{"@type":"WebSite","@id":"https:\/\/beautyhubtr.com\/fr\/#website","url":"https:\/\/beautyhubtr.com\/fr\/","name":"Beautyhub","description":"For Hair Transplant and Plastic Surgery.","publisher":{"@id":"https:\/\/beautyhubtr.com\/fr\/#organization"},"potentialAction":[{"@type":"SearchAction","target":{"@type":"EntryPoint","urlTemplate":"https:\/\/beautyhubtr.com\/fr\/?s={search_term_string}"},"query-input":{"@type":"PropertyValueSpecification","valueRequired":true,"valueName":"search_term_string"}}],"inLanguage":"fr-FR"},{"@type":"Organization","@id":"https:\/\/beautyhubtr.com\/fr\/#organization","name":"Beautyhub","url":"https:\/\/beautyhubtr.com\/fr\/","logo":{"@type":"ImageObject","inLanguage":"fr-FR","@id":"https:\/\/beautyhubtr.com\/fr\/#\/schema\/logo\/image\/","url":"https:\/\/beautyhubtr.com\/fr\/wp-content\/uploads\/2025\/03\/logo-beauty-hub-main.png","contentUrl":"https:\/\/beautyhubtr.com\/fr\/wp-content\/uploads\/2025\/03\/logo-beauty-hub-main.png","width":1600,"height":450,"caption":"Beautyhub"},"image":{"@id":"https:\/\/beautyhubtr.com\/fr\/#\/schema\/logo\/image\/"}}]}},"uagb_featured_image_src":{"full":false,"thumbnail":false,"medium":false,"medium_large":false,"large":false,"1536x1536":false,"2048x2048":false},"uagb_author_info":{"display_name":"BeautyHUB","author_link":"https:\/\/beautyhubtr.com\/fr\/author\/marstavi\/"},"uagb_comment_info":0,"uagb_excerpt":"Qu&rsquo;est-ce qu&rsquo;un Mommy Makeover ? Un Mommy Makeover est une proc\u00e9dure personnalis\u00e9e qui redonne \u00e0 une femme son apparence d\u2019avant la grossesse. Elle rajeunit les seins et le ventre et peut \u00e9galement concerner les bras et les jambes, comme un lifting ou une r\u00e9duction de taille. Un Mommy Makeover est-il fait pour moi ? Un\u2026","_links":{"self":[{"href":"https:\/\/beautyhubtr.com\/fr\/wp-json\/wp\/v2\/pages\/699","targetHints":{"allow":["GET"]}}],"collection":[{"href":"https:\/\/beautyhubtr.com\/fr\/wp-json\/wp\/v2\/pages"}],"about":[{"href":"https:\/\/beautyhubtr.com\/fr\/wp-json\/wp\/v2\/types\/page"}],"author":[{"embeddable":true,"href":"https:\/\/beautyhubtr.com\/fr\/wp-json\/wp\/v2\/users\/1"}],"replies":[{"embeddable":true,"href":"https:\/\/beautyhubtr.com\/fr\/wp-json\/wp\/v2\/comments?post=699"}],"version-history":[{"count":5,"href":"https:\/\/beautyhubtr.com\/fr\/wp-json\/wp\/v2\/pages\/699\/revisions"}],"predecessor-version":[{"id":1481,"href":"https:\/\/beautyhubtr.com\/fr\/wp-json\/wp\/v2\/pages\/699\/revisions\/1481"}],"up":[{"embeddable":true,"href":"https:\/\/beautyhubtr.com\/fr\/wp-json\/wp\/v2\/pages\/669"}],"wp:attachment":[{"href":"https:\/\/beautyhubtr.com\/fr\/wp-json\/wp\/v2\/media?parent=699"}],"curies":[{"name":"wp","href":"https:\/\/api.w.org\/{rel}","templated":true}]}}