{"id":697,"date":"2025-02-04T18:27:49","date_gmt":"2025-02-04T18:27:49","guid":{"rendered":"https:\/\/web.marstawi.online\/?page_id=697"},"modified":"2025-04-08T13:11:15","modified_gmt":"2025-04-08T10:11:15","slug":"dhi-hair-transplant","status":"publish","type":"page","link":"https:\/\/beautyhubtr.com\/fr\/hair-transplant\/dhi-hair-transplant\/","title":{"rendered":"Greffe de cheveux DHI en Turquie"},"content":{"rendered":"\n<figure class=\"wp-block-image size-full\"><img loading=\"lazy\" decoding=\"async\" width=\"980\" height=\"653\" src=\"https:\/\/web.marstawi.online\/wp-content\/uploads\/2025\/03\/DHI_Hair_transplant-2web-2.webp\" alt=\"\" class=\"wp-image-887\" srcset=\"https:\/\/beautyhubtr.com\/fr\/wp-content\/uploads\/2025\/03\/DHI_Hair_transplant-2web-2.webp 980w, https:\/\/beautyhubtr.com\/fr\/wp-content\/uploads\/2025\/03\/DHI_Hair_transplant-2web-2-300x200.webp 300w, https:\/\/beautyhubtr.com\/fr\/wp-content\/uploads\/2025\/03\/DHI_Hair_transplant-2web-2-768x512.webp 768w\" sizes=\"auto, (max-width: 980px) 100vw, 980px\" \/><\/figure>\n\n\n\n<h2 class=\"wp-block-heading\"><strong>Qu&rsquo;est-ce que la technique DHI ?<\/strong><\/h2>\n\n\n\n<p>La transplantation directe de cheveux (DHI) est un type avanc\u00e9 de technologie FUE (Extraction d&rsquo;Unit\u00e9 Folliculaire). Dans la FUE traditionnelle, le chirurgien pr\u00e9pare d&rsquo;abord manuellement des canaux dans le cuir chevelu, apr\u00e8s quoi les follicules pileux sont transplant\u00e9s. Cependant, la DHI utilise un outil sp\u00e9cialis\u00e9 appel\u00e9 le stylo implantateur Choi, permettant la cr\u00e9ation simultan\u00e9e de canaux et l&rsquo;implantation de follicules pileux. Cet outil en forme de stylo a une aiguille creuse mesurant 0,5 \u00e0 1,5 mm de diam\u00e8tre.<\/p>\n\n\n\n<h2 class=\"wp-block-heading\"><strong>Comment fonctionne l&rsquo;implantation DHI?<\/strong><\/h2>\n\n\n\n<p>La DHI est une modification de la technique FUE de transplantation capillaire et suit le m\u00eame processus. Les follicules pileux sont extraits d&rsquo;une zone donneuse, g\u00e9n\u00e9ralement \u00e0 l&rsquo;arri\u00e8re de la t\u00eate, puis transplant\u00e9s dans la zone de calvitie. Ces follicules transplant\u00e9s finiront par faire pousser de nouveaux cheveux.<\/p>\n\n\n\n<h2 class=\"wp-block-heading\"><strong>Les \u00e9tapes typiques de la proc\u00e9dure comprennent:<\/strong><\/h2>\n\n\n\n<p>le rasage de la t\u00eate du patient et l&rsquo;administration d&rsquo;un anesth\u00e9sique local, l&rsquo;extraction des follicules pileux de la zone donneuse \u00e0 l&rsquo;aide d&rsquo;un instrument \u00e0 pointe fine, le chargement des follicules pileux dans le stylo implantateur Choi et leur transplantation dans la zone receveuse, l&rsquo;application d&rsquo;une cr\u00e8me antibiotique et de bandages sur la zone trait\u00e9e.<\/p>\n\n\n\n<p>La proc\u00e9dure dure environ 8 heures, selon le nombre de follicules transplant\u00e9s. Les r\u00e9sultats complets peuvent mettre entre 12 et 18 mois \u00e0 appara\u00eetre.<\/p>\n\n\n\n<h2 class=\"wp-block-heading\"><strong>Avantages de la greffe de cheveux Choi<\/strong><\/h2>\n\n\n\n<p>La technique est \u00e0 la pointe de la science en mati\u00e8re de greffe et de restauration capillaire. La technique est minimalement invasive. Les micro-instruments utilis\u00e9s ont un diam\u00e8tre de 1 mm ou moins. La proc\u00e9dure est indolore, avec un temps de r\u00e9cup\u00e9ration plus court. La technique permet un contr\u00f4le total en termes de profondeur, de direction et d&rsquo;angle de placement pour obtenir les r\u00e9sultats les plus naturels.<\/p>\n\n\n\n<h2 class=\"wp-block-heading\"><strong>Qui est le meilleur candidat pour une greffe de cheveux DHI ?<\/strong><\/h2>\n\n\n\n<p>La greffe de cheveux DHI convient mieux aux patients pr\u00e9sentant une perte de cheveux minimale. Il est difficile de r\u00e9aliser la proc\u00e9dure pour plus de 4000 greffes en utilisant la m\u00e9thode DHI.<\/p>\n\n\n\n<p><\/p>\n\n\n\n<div class=\"wp-block-stackable-columns stk-block-columns stk-block stk-b68a3f2\" data-block-id=\"b68a3f2\"><style>.stk-b68a3f2 {margin-bottom:0px !important;}.stk-b68a3f2-column{--stk-columns-spacing:0px !important;}<\/style><div class=\"stk-row stk-inner-blocks stk-block-content stk-content-align stk-b68a3f2-column\">\n<div class=\"wp-block-stackable-column stk-block-column stk-column stk-block stk-d353c8b\" data-v=\"4\" data-block-id=\"d353c8b\"><style>.stk-d353c8b-container{margin-top:0px !important;margin-right:0px !important;margin-bottom:0px !important;margin-left:0px !important;}<\/style><div class=\"stk-column-wrapper stk-block-column__content stk-container stk-d353c8b-container stk--no-background stk--no-padding\"><div class=\"stk-block-content stk-inner-blocks stk-d353c8b-inner-blocks\">\n<h3 class=\"wp-block-heading has-text-align-center\">Nous fournissons le plus haut niveau de satisfaction des services de soins \u00e0 nos patients.<\/h3>\n\n\n\n<h3 class=\"wp-block-heading has-text-align-center\">+90 551 888 20 80<a href=\"tel:+905518882080\"><\/a><\/h3>\n\n\n\n<div class=\"wp-block-uagb-buttons uagb-buttons__outer-wrap uagb-btn__default-btn uagb-btn-tablet__default-btn uagb-btn-mobile__default-btn uagb-block-0185e4b2\"><div class=\"uagb-buttons__wrap uagb-buttons-layout-wrap \">\n<div class=\"wp-block-uagb-buttons-child uagb-buttons__outer-wrap uagb-block-89548b30 wp-block-button\"><div class=\"uagb-button__wrapper\"><a class=\"uagb-buttons-repeater wp-block-button__link\" aria-label=\"\" href=\"https:\/\/beautyhubtr.com\/fr\/consultation\/\" rel=\"follow noopener\" target=\"_self\" role=\"button\"><div class=\"uagb-button__link\">Demander un rendez-vous<\/div><\/a><\/div><\/div>\n<\/div><\/div>\n<\/div><\/div><\/div>\n<\/div><\/div>\n\n\n\n<p><\/p>\n","protected":false},"excerpt":{"rendered":"<p>Qu&rsquo;est-ce que la technique DHI ? La transplantation directe de cheveux (DHI) est un type avanc\u00e9 de technologie FUE (Extraction d&rsquo;Unit\u00e9 Folliculaire). Dans la FUE traditionnelle, le chirurgien pr\u00e9pare d&rsquo;abord manuellement des canaux dans le cuir chevelu, apr\u00e8s quoi les follicules pileux sont transplant\u00e9s. Cependant, la DHI utilise un outil sp\u00e9cialis\u00e9 appel\u00e9 le stylo implantateur [&hellip;]<\/p>\n","protected":false},"author":1,"featured_media":0,"parent":667,"menu_order":0,"comment_status":"closed","ping_status":"closed","template":"","meta":{"_uag_custom_page_level_css":"","footnotes":""},"class_list":["post-697","page","type-page","status-publish","hentry"],"blocksy_meta":[],"yoast_head":"<!-- This site is optimized with the Yoast SEO plugin v24.8.1 - https:\/\/yoast.com\/wordpress\/plugins\/seo\/ -->\n<title>Greffe de cheveux DHI en Turquie - Beautyhub<\/title>\n<meta name=\"robots\" content=\"index, follow, max-snippet:-1, max-image-preview:large, max-video-preview:-1\" \/>\n<link rel=\"canonical\" href=\"https:\/\/beautyhubtr.com\/fr\/hair-transplant\/dhi-hair-transplant\/\" \/>\n<meta property=\"og:locale\" content=\"fr_FR\" \/>\n<meta property=\"og:type\" content=\"article\" \/>\n<meta property=\"og:title\" content=\"Greffe de cheveux DHI en Turquie - Beautyhub\" \/>\n<meta property=\"og:description\" content=\"Qu&rsquo;est-ce que la technique DHI ? La transplantation directe de cheveux (DHI) est un type avanc\u00e9 de technologie FUE (Extraction d&rsquo;Unit\u00e9 Folliculaire). Dans la FUE traditionnelle, le chirurgien pr\u00e9pare d&rsquo;abord manuellement des canaux dans le cuir chevelu, apr\u00e8s quoi les follicules pileux sont transplant\u00e9s. Cependant, la DHI utilise un outil sp\u00e9cialis\u00e9 appel\u00e9 le stylo implantateur [&hellip;]\" \/>\n<meta property=\"og:url\" content=\"https:\/\/beautyhubtr.com\/fr\/hair-transplant\/dhi-hair-transplant\/\" \/>\n<meta property=\"og:site_name\" content=\"Beautyhub\" \/>\n<meta property=\"article:modified_time\" content=\"2025-04-08T10:11:15+00:00\" \/>\n<meta property=\"og:image\" content=\"https:\/\/beautyhubtr.com\/fr\/wp-content\/uploads\/2025\/03\/DHI_Hair_transplant-2web-2.webp\" \/>\n\t<meta property=\"og:image:width\" content=\"980\" \/>\n\t<meta property=\"og:image:height\" content=\"653\" \/>\n\t<meta property=\"og:image:type\" content=\"image\/webp\" \/>\n<meta name=\"twitter:card\" content=\"summary_large_image\" \/>\n<meta name=\"twitter:label1\" content=\"Dur\u00e9e de lecture estim\u00e9e\" \/>\n\t<meta name=\"twitter:data1\" content=\"3 minutes\" \/>\n<script type=\"application\/ld+json\" class=\"yoast-schema-graph\">{\"@context\":\"https:\/\/schema.org\",\"@graph\":[{\"@type\":\"WebPage\",\"@id\":\"https:\/\/beautyhubtr.com\/fr\/hair-transplant\/dhi-hair-transplant\/\",\"url\":\"https:\/\/beautyhubtr.com\/fr\/hair-transplant\/dhi-hair-transplant\/\",\"name\":\"Greffe de cheveux DHI en Turquie - Beautyhub\",\"isPartOf\":{\"@id\":\"https:\/\/beautyhubtr.com\/fr\/#website\"},\"primaryImageOfPage\":{\"@id\":\"https:\/\/beautyhubtr.com\/fr\/hair-transplant\/dhi-hair-transplant\/#primaryimage\"},\"image\":{\"@id\":\"https:\/\/beautyhubtr.com\/fr\/hair-transplant\/dhi-hair-transplant\/#primaryimage\"},\"thumbnailUrl\":\"https:\/\/web.marstawi.online\/wp-content\/uploads\/2025\/03\/DHI_Hair_transplant-2web-2.webp\",\"datePublished\":\"2025-02-04T18:27:49+00:00\",\"dateModified\":\"2025-04-08T10:11:15+00:00\",\"breadcrumb\":{\"@id\":\"https:\/\/beautyhubtr.com\/fr\/hair-transplant\/dhi-hair-transplant\/#breadcrumb\"},\"inLanguage\":\"fr-FR\",\"potentialAction\":[{\"@type\":\"ReadAction\",\"target\":[\"https:\/\/beautyhubtr.com\/fr\/hair-transplant\/dhi-hair-transplant\/\"]}]},{\"@type\":\"ImageObject\",\"inLanguage\":\"fr-FR\",\"@id\":\"https:\/\/beautyhubtr.com\/fr\/hair-transplant\/dhi-hair-transplant\/#primaryimage\",\"url\":\"https:\/\/web.marstawi.online\/wp-content\/uploads\/2025\/03\/DHI_Hair_transplant-2web-2.webp\",\"contentUrl\":\"https:\/\/web.marstawi.online\/wp-content\/uploads\/2025\/03\/DHI_Hair_transplant-2web-2.webp\"},{\"@type\":\"BreadcrumbList\",\"@id\":\"https:\/\/beautyhubtr.com\/fr\/hair-transplant\/dhi-hair-transplant\/#breadcrumb\",\"itemListElement\":[{\"@type\":\"ListItem\",\"position\":1,\"name\":\"Home\",\"item\":\"https:\/\/beautyhubtr.com\/fr\/\"},{\"@type\":\"ListItem\",\"position\":2,\"name\":\"Greffe de cheveux en Turquie\",\"item\":\"https:\/\/beautyhubtr.com\/fr\/hair-transplant\/\"},{\"@type\":\"ListItem\",\"position\":3,\"name\":\"Greffe de cheveux DHI en Turquie\"}]},{\"@type\":\"WebSite\",\"@id\":\"https:\/\/beautyhubtr.com\/fr\/#website\",\"url\":\"https:\/\/beautyhubtr.com\/fr\/\",\"name\":\"Beautyhub\",\"description\":\"For Hair Transplant and Plastic Surgery.\",\"publisher\":{\"@id\":\"https:\/\/beautyhubtr.com\/fr\/#organization\"},\"potentialAction\":[{\"@type\":\"SearchAction\",\"target\":{\"@type\":\"EntryPoint\",\"urlTemplate\":\"https:\/\/beautyhubtr.com\/fr\/?s={search_term_string}\"},\"query-input\":{\"@type\":\"PropertyValueSpecification\",\"valueRequired\":true,\"valueName\":\"search_term_string\"}}],\"inLanguage\":\"fr-FR\"},{\"@type\":\"Organization\",\"@id\":\"https:\/\/beautyhubtr.com\/fr\/#organization\",\"name\":\"Beautyhub\",\"url\":\"https:\/\/beautyhubtr.com\/fr\/\",\"logo\":{\"@type\":\"ImageObject\",\"inLanguage\":\"fr-FR\",\"@id\":\"https:\/\/beautyhubtr.com\/fr\/#\/schema\/logo\/image\/\",\"url\":\"https:\/\/beautyhubtr.com\/fr\/wp-content\/uploads\/2025\/03\/logo-beauty-hub-main.png\",\"contentUrl\":\"https:\/\/beautyhubtr.com\/fr\/wp-content\/uploads\/2025\/03\/logo-beauty-hub-main.png\",\"width\":1600,\"height\":450,\"caption\":\"Beautyhub\"},\"image\":{\"@id\":\"https:\/\/beautyhubtr.com\/fr\/#\/schema\/logo\/image\/\"}}]}<\/script>\n<!-- \/ Yoast SEO plugin. -->","yoast_head_json":{"title":"Greffe de cheveux DHI en Turquie - Beautyhub","robots":{"index":"index","follow":"follow","max-snippet":"max-snippet:-1","max-image-preview":"max-image-preview:large","max-video-preview":"max-video-preview:-1"},"canonical":"https:\/\/beautyhubtr.com\/fr\/hair-transplant\/dhi-hair-transplant\/","og_locale":"fr_FR","og_type":"article","og_title":"Greffe de cheveux DHI en Turquie - Beautyhub","og_description":"Qu&rsquo;est-ce que la technique DHI ? La transplantation directe de cheveux (DHI) est un type avanc\u00e9 de technologie FUE (Extraction d&rsquo;Unit\u00e9 Folliculaire). Dans la FUE traditionnelle, le chirurgien pr\u00e9pare d&rsquo;abord manuellement des canaux dans le cuir chevelu, apr\u00e8s quoi les follicules pileux sont transplant\u00e9s. Cependant, la DHI utilise un outil sp\u00e9cialis\u00e9 appel\u00e9 le stylo implantateur [&hellip;]","og_url":"https:\/\/beautyhubtr.com\/fr\/hair-transplant\/dhi-hair-transplant\/","og_site_name":"Beautyhub","article_modified_time":"2025-04-08T10:11:15+00:00","og_image":[{"width":980,"height":653,"url":"https:\/\/beautyhubtr.com\/fr\/wp-content\/uploads\/2025\/03\/DHI_Hair_transplant-2web-2.webp","type":"image\/webp"}],"twitter_card":"summary_large_image","twitter_misc":{"Dur\u00e9e de lecture estim\u00e9e":"3 minutes"},"schema":{"@context":"https:\/\/schema.org","@graph":[{"@type":"WebPage","@id":"https:\/\/beautyhubtr.com\/fr\/hair-transplant\/dhi-hair-transplant\/","url":"https:\/\/beautyhubtr.com\/fr\/hair-transplant\/dhi-hair-transplant\/","name":"Greffe de cheveux DHI en Turquie - Beautyhub","isPartOf":{"@id":"https:\/\/beautyhubtr.com\/fr\/#website"},"primaryImageOfPage":{"@id":"https:\/\/beautyhubtr.com\/fr\/hair-transplant\/dhi-hair-transplant\/#primaryimage"},"image":{"@id":"https:\/\/beautyhubtr.com\/fr\/hair-transplant\/dhi-hair-transplant\/#primaryimage"},"thumbnailUrl":"https:\/\/web.marstawi.online\/wp-content\/uploads\/2025\/03\/DHI_Hair_transplant-2web-2.webp","datePublished":"2025-02-04T18:27:49+00:00","dateModified":"2025-04-08T10:11:15+00:00","breadcrumb":{"@id":"https:\/\/beautyhubtr.com\/fr\/hair-transplant\/dhi-hair-transplant\/#breadcrumb"},"inLanguage":"fr-FR","potentialAction":[{"@type":"ReadAction","target":["https:\/\/beautyhubtr.com\/fr\/hair-transplant\/dhi-hair-transplant\/"]}]},{"@type":"ImageObject","inLanguage":"fr-FR","@id":"https:\/\/beautyhubtr.com\/fr\/hair-transplant\/dhi-hair-transplant\/#primaryimage","url":"https:\/\/web.marstawi.online\/wp-content\/uploads\/2025\/03\/DHI_Hair_transplant-2web-2.webp","contentUrl":"https:\/\/web.marstawi.online\/wp-content\/uploads\/2025\/03\/DHI_Hair_transplant-2web-2.webp"},{"@type":"BreadcrumbList","@id":"https:\/\/beautyhubtr.com\/fr\/hair-transplant\/dhi-hair-transplant\/#breadcrumb","itemListElement":[{"@type":"ListItem","position":1,"name":"Home","item":"https:\/\/beautyhubtr.com\/fr\/"},{"@type":"ListItem","position":2,"name":"Greffe de cheveux en Turquie","item":"https:\/\/beautyhubtr.com\/fr\/hair-transplant\/"},{"@type":"ListItem","position":3,"name":"Greffe de cheveux DHI en Turquie"}]},{"@type":"WebSite","@id":"https:\/\/beautyhubtr.com\/fr\/#website","url":"https:\/\/beautyhubtr.com\/fr\/","name":"Beautyhub","description":"For Hair Transplant and Plastic Surgery.","publisher":{"@id":"https:\/\/beautyhubtr.com\/fr\/#organization"},"potentialAction":[{"@type":"SearchAction","target":{"@type":"EntryPoint","urlTemplate":"https:\/\/beautyhubtr.com\/fr\/?s={search_term_string}"},"query-input":{"@type":"PropertyValueSpecification","valueRequired":true,"valueName":"search_term_string"}}],"inLanguage":"fr-FR"},{"@type":"Organization","@id":"https:\/\/beautyhubtr.com\/fr\/#organization","name":"Beautyhub","url":"https:\/\/beautyhubtr.com\/fr\/","logo":{"@type":"ImageObject","inLanguage":"fr-FR","@id":"https:\/\/beautyhubtr.com\/fr\/#\/schema\/logo\/image\/","url":"https:\/\/beautyhubtr.com\/fr\/wp-content\/uploads\/2025\/03\/logo-beauty-hub-main.png","contentUrl":"https:\/\/beautyhubtr.com\/fr\/wp-content\/uploads\/2025\/03\/logo-beauty-hub-main.png","width":1600,"height":450,"caption":"Beautyhub"},"image":{"@id":"https:\/\/beautyhubtr.com\/fr\/#\/schema\/logo\/image\/"}}]}},"uagb_featured_image_src":{"full":false,"thumbnail":false,"medium":false,"medium_large":false,"large":false,"1536x1536":false,"2048x2048":false},"uagb_author_info":{"display_name":"BeautyHUB","author_link":"https:\/\/beautyhubtr.com\/fr\/author\/marstavi\/"},"uagb_comment_info":0,"uagb_excerpt":"Qu&rsquo;est-ce que la technique DHI ? La transplantation directe de cheveux (DHI) est un type avanc\u00e9 de technologie FUE (Extraction d&rsquo;Unit\u00e9 Folliculaire). Dans la FUE traditionnelle, le chirurgien pr\u00e9pare d&rsquo;abord manuellement des canaux dans le cuir chevelu, apr\u00e8s quoi les follicules pileux sont transplant\u00e9s. Cependant, la DHI utilise un outil sp\u00e9cialis\u00e9 appel\u00e9 le stylo implantateur\u2026","_links":{"self":[{"href":"https:\/\/beautyhubtr.com\/fr\/wp-json\/wp\/v2\/pages\/697","targetHints":{"allow":["GET"]}}],"collection":[{"href":"https:\/\/beautyhubtr.com\/fr\/wp-json\/wp\/v2\/pages"}],"about":[{"href":"https:\/\/beautyhubtr.com\/fr\/wp-json\/wp\/v2\/types\/page"}],"author":[{"embeddable":true,"href":"https:\/\/beautyhubtr.com\/fr\/wp-json\/wp\/v2\/users\/1"}],"replies":[{"embeddable":true,"href":"https:\/\/beautyhubtr.com\/fr\/wp-json\/wp\/v2\/comments?post=697"}],"version-history":[{"count":6,"href":"https:\/\/beautyhubtr.com\/fr\/wp-json\/wp\/v2\/pages\/697\/revisions"}],"predecessor-version":[{"id":1480,"href":"https:\/\/beautyhubtr.com\/fr\/wp-json\/wp\/v2\/pages\/697\/revisions\/1480"}],"up":[{"embeddable":true,"href":"https:\/\/beautyhubtr.com\/fr\/wp-json\/wp\/v2\/pages\/667"}],"wp:attachment":[{"href":"https:\/\/beautyhubtr.com\/fr\/wp-json\/wp\/v2\/media?parent=697"}],"curies":[{"name":"wp","href":"https:\/\/api.w.org\/{rel}","templated":true}]}}