{"id":695,"date":"2025-02-04T18:27:28","date_gmt":"2025-02-04T18:27:28","guid":{"rendered":"https:\/\/web.marstawi.online\/?page_id=695"},"modified":"2025-04-08T13:09:31","modified_gmt":"2025-04-08T10:09:31","slug":"beard-hair-transplant","status":"publish","type":"page","link":"https:\/\/beautyhubtr.com\/fr\/hair-transplant\/beard-hair-transplant\/","title":{"rendered":"Greffe de barbe en Turquie"},"content":{"rendered":"\n<figure class=\"wp-block-image size-full\"><img loading=\"lazy\" decoding=\"async\" width=\"980\" height=\"654\" src=\"https:\/\/web.marstawi.online\/wp-content\/uploads\/2025\/03\/Beard_Hair_Transplant-2web-22.webp\" alt=\"\" class=\"wp-image-885\" srcset=\"https:\/\/beautyhubtr.com\/fr\/wp-content\/uploads\/2025\/03\/Beard_Hair_Transplant-2web-22.webp 980w, https:\/\/beautyhubtr.com\/fr\/wp-content\/uploads\/2025\/03\/Beard_Hair_Transplant-2web-22-300x200.webp 300w, https:\/\/beautyhubtr.com\/fr\/wp-content\/uploads\/2025\/03\/Beard_Hair_Transplant-2web-22-768x513.webp 768w\" sizes=\"auto, (max-width: 980px) 100vw, 980px\" \/><\/figure>\n\n\n\n<h2 class=\"wp-block-heading\"><strong>Greffe de poils de barbe<\/strong><\/h2>\n\n\n\n<p>La greffe de poils de barbe est une proc\u00e9dure m\u00e9dicale s\u00fbre con\u00e7ue pour aider les hommes \u00e0 faire pousser une moustache ou une barbe plus fournie. Au-del\u00e0 des pr\u00e9f\u00e9rences de style personnel, certaines cultures consid\u00e8rent les poils du visage comme un signe de virilit\u00e9.<\/p>\n\n\n\n<h2 class=\"wp-block-heading\"><strong>&nbsp;Causes de la calvitie de la barbe<\/strong><\/h2>\n\n\n\n<p>Le manque de croissance de la barbe chez les hommes peut \u00eatre attribu\u00e9 \u00e0 divers facteurs, principalement g\u00e9n\u00e9tiques, ainsi qu&rsquo;\u00e0 :<\/p>\n\n\n\n<ul class=\"wp-block-list\">\n<li>\u00c9pilation au laser<\/li>\n\n\n\n<li>Proc\u00e9dures chirurgicales<\/li>\n\n\n\n<li>Br\u00fblures et accidents<\/li>\n\n\n\n<li>Troubles immunitaires<\/li>\n\n\n\n<li>Faibles niveaux de testost\u00e9rone Similitude de la proc\u00e9dure<\/li>\n<\/ul>\n\n\n\n<p>La greffe de poils de barbe est similaire \u00e0 la greffe de cheveux pour la calvitie du cuir chevelu. En utilisant soit la m\u00e9thode FUE (Extraction d&rsquo;Unit\u00e9 Folliculaire) soit la m\u00e9thode DHI (Implantation Directe de Cheveux), des greffons capillaires sont pr\u00e9lev\u00e9s dans la zone donneuse. La proc\u00e9dure est r\u00e9alis\u00e9e sous anesth\u00e9sie locale pour garantir une croissance naturelle et permanente des poils du visage.<\/p>\n\n\n\n<p>Les nouveaux poils de barbe transplant\u00e9s continueront de pousser toute la vie et peuvent \u00eatre ras\u00e9s, taill\u00e9s et styl\u00e9s selon vos d\u00e9sirs.<\/p>\n\n\n\n<h2 class=\"wp-block-heading\"><strong>\u00c9tapes de la procedure<\/strong><\/h2>\n\n\n\n<p>R\u00e9colte Ind\u00e9pendamment de la m\u00e9thode (FUE, DHI ou saphir), la premi\u00e8re \u00e9tape consiste \u00e0 raser la zone donneuse sur la t\u00eate pour voir clairement les follicules pileux. Une anesth\u00e9sie locale est appliqu\u00e9e pour engourdir la zone avant le d\u00e9but de la r\u00e9colte.<\/p>\n\n\n\n<h3 class=\"wp-block-heading\"><strong>Transplantation apr\u00e8s la r\u00e9colte<\/strong><\/h3>\n\n\n\n<p>le chirurgien injecte un anesth\u00e9sique local dans la zone receveuse sur le visage. Chaque follicule pileux est ensuite greff\u00e9 dans la peau du visage pour cr\u00e9er la forme de barbe d\u00e9sir\u00e9e, comme convenu avant la chirurgie.<\/p>\n\n\n\n<h3 class=\"wp-block-heading\"><strong>R\u00e9cup\u00e9ration<\/strong><\/h3>\n\n\n\n<p>La r\u00e9cup\u00e9ration de la chirurgie d&rsquo;implantation de barbe prend g\u00e9n\u00e9ralement un jour. De petites cro\u00fbtes peuvent se former autour des follicules nouvellement transplant\u00e9s mais devraient tomber dans quelques jours. Dans une semaine \u00e0 dix jours, la barbe retrouvera son apparence normale. Il est normal que les nouveaux poils de barbe tombent apr\u00e8s quelques semaines, avec de nouveaux poils qui repoussent \u00e0 leur place.<\/p>\n\n\n\n<h3 class=\"wp-block-heading\"><strong>Candidats id\u00e9aux<\/strong><\/h3>\n\n\n\n<p>Les bons candidats pour cette proc\u00e9dure doivent avoir des follicules pileux sains \u00e0 l&rsquo;arri\u00e8re de la t\u00eate, car cette zone est g\u00e9n\u00e9ralement r\u00e9sistante \u00e0 la calvitie. Le chirurgien greffeur examinera votre cuir chevelu pour s&rsquo;assurer qu&rsquo;il y a suffisamment d&rsquo;unit\u00e9s folliculaires pour la transplantation. S&rsquo;il n&rsquo;y a pas suffisamment de follicules pileux, le m\u00e9decin peut recommander des traitements alternatifs.<\/p>\n\n\n\n<p><\/p>\n\n\n\n<div class=\"wp-block-stackable-columns stk-block-columns stk-block stk-b68a3f2\" data-block-id=\"b68a3f2\"><style>.stk-b68a3f2 {margin-bottom:0px !important;}.stk-b68a3f2-column{--stk-columns-spacing:0px !important;}<\/style><div class=\"stk-row stk-inner-blocks stk-block-content stk-content-align stk-b68a3f2-column\">\n<div class=\"wp-block-stackable-column stk-block-column stk-column stk-block stk-d353c8b\" data-v=\"4\" data-block-id=\"d353c8b\"><style>.stk-d353c8b-container{margin-top:0px !important;margin-right:0px !important;margin-bottom:0px !important;margin-left:0px !important;}<\/style><div class=\"stk-column-wrapper stk-block-column__content stk-container stk-d353c8b-container stk--no-background stk--no-padding\"><div class=\"stk-block-content stk-inner-blocks stk-d353c8b-inner-blocks\">\n<h3 class=\"wp-block-heading has-text-align-center\">Nous fournissons le plus haut niveau de satisfaction des services de soins \u00e0 nos patients.<\/h3>\n\n\n\n<h3 class=\"wp-block-heading has-text-align-center\">+90 551 888 20 80<a href=\"tel:+905518882080\"><\/a><\/h3>\n\n\n\n<div class=\"wp-block-uagb-buttons uagb-buttons__outer-wrap uagb-btn__default-btn uagb-btn-tablet__default-btn uagb-btn-mobile__default-btn uagb-block-0185e4b2\"><div class=\"uagb-buttons__wrap uagb-buttons-layout-wrap \">\n<div class=\"wp-block-uagb-buttons-child uagb-buttons__outer-wrap uagb-block-89548b30 wp-block-button\"><div class=\"uagb-button__wrapper\"><a class=\"uagb-buttons-repeater wp-block-button__link\" aria-label=\"\" href=\"https:\/\/beautyhubtr.com\/fr\/consultation\/\" rel=\"follow noopener\" target=\"_self\" role=\"button\"><div class=\"uagb-button__link\">Demander un rendez-vous<\/div><\/a><\/div><\/div>\n<\/div><\/div>\n<\/div><\/div><\/div>\n<\/div><\/div>\n\n\n\n<p><\/p>\n","protected":false},"excerpt":{"rendered":"<p>Greffe de poils de barbe La greffe de poils de barbe est une proc\u00e9dure m\u00e9dicale s\u00fbre con\u00e7ue pour aider les hommes \u00e0 faire pousser une moustache ou une barbe plus fournie. Au-del\u00e0 des pr\u00e9f\u00e9rences de style personnel, certaines cultures consid\u00e8rent les poils du visage comme un signe de virilit\u00e9. &nbsp;Causes de la calvitie de la [&hellip;]<\/p>\n","protected":false},"author":1,"featured_media":0,"parent":667,"menu_order":0,"comment_status":"closed","ping_status":"closed","template":"","meta":{"_uag_custom_page_level_css":"","footnotes":""},"class_list":["post-695","page","type-page","status-publish","hentry"],"blocksy_meta":[],"yoast_head":"<!-- This site is optimized with the Yoast SEO plugin v24.8.1 - https:\/\/yoast.com\/wordpress\/plugins\/seo\/ -->\n<title>Greffe de barbe en Turquie - Beautyhub<\/title>\n<meta name=\"robots\" content=\"index, follow, max-snippet:-1, max-image-preview:large, max-video-preview:-1\" \/>\n<link rel=\"canonical\" href=\"https:\/\/beautyhubtr.com\/fr\/hair-transplant\/beard-hair-transplant\/\" \/>\n<meta property=\"og:locale\" content=\"fr_FR\" \/>\n<meta property=\"og:type\" content=\"article\" \/>\n<meta property=\"og:title\" content=\"Greffe de barbe en Turquie - Beautyhub\" \/>\n<meta property=\"og:description\" content=\"Greffe de poils de barbe La greffe de poils de barbe est une proc\u00e9dure m\u00e9dicale s\u00fbre con\u00e7ue pour aider les hommes \u00e0 faire pousser une moustache ou une barbe plus fournie. Au-del\u00e0 des pr\u00e9f\u00e9rences de style personnel, certaines cultures consid\u00e8rent les poils du visage comme un signe de virilit\u00e9. &nbsp;Causes de la calvitie de la [&hellip;]\" \/>\n<meta property=\"og:url\" content=\"https:\/\/beautyhubtr.com\/fr\/hair-transplant\/beard-hair-transplant\/\" \/>\n<meta property=\"og:site_name\" content=\"Beautyhub\" \/>\n<meta property=\"article:modified_time\" content=\"2025-04-08T10:09:31+00:00\" \/>\n<meta property=\"og:image\" content=\"https:\/\/beautyhubtr.com\/fr\/wp-content\/uploads\/2025\/03\/Beard_Hair_Transplant-2web-22.webp\" \/>\n\t<meta property=\"og:image:width\" content=\"980\" \/>\n\t<meta property=\"og:image:height\" content=\"654\" \/>\n\t<meta property=\"og:image:type\" content=\"image\/webp\" \/>\n<meta name=\"twitter:card\" content=\"summary_large_image\" \/>\n<meta name=\"twitter:label1\" content=\"Dur\u00e9e de lecture estim\u00e9e\" \/>\n\t<meta name=\"twitter:data1\" content=\"3 minutes\" \/>\n<script type=\"application\/ld+json\" class=\"yoast-schema-graph\">{\"@context\":\"https:\/\/schema.org\",\"@graph\":[{\"@type\":\"WebPage\",\"@id\":\"https:\/\/beautyhubtr.com\/fr\/hair-transplant\/beard-hair-transplant\/\",\"url\":\"https:\/\/beautyhubtr.com\/fr\/hair-transplant\/beard-hair-transplant\/\",\"name\":\"Greffe de barbe en Turquie - Beautyhub\",\"isPartOf\":{\"@id\":\"https:\/\/beautyhubtr.com\/fr\/#website\"},\"primaryImageOfPage\":{\"@id\":\"https:\/\/beautyhubtr.com\/fr\/hair-transplant\/beard-hair-transplant\/#primaryimage\"},\"image\":{\"@id\":\"https:\/\/beautyhubtr.com\/fr\/hair-transplant\/beard-hair-transplant\/#primaryimage\"},\"thumbnailUrl\":\"https:\/\/web.marstawi.online\/wp-content\/uploads\/2025\/03\/Beard_Hair_Transplant-2web-22.webp\",\"datePublished\":\"2025-02-04T18:27:28+00:00\",\"dateModified\":\"2025-04-08T10:09:31+00:00\",\"breadcrumb\":{\"@id\":\"https:\/\/beautyhubtr.com\/fr\/hair-transplant\/beard-hair-transplant\/#breadcrumb\"},\"inLanguage\":\"fr-FR\",\"potentialAction\":[{\"@type\":\"ReadAction\",\"target\":[\"https:\/\/beautyhubtr.com\/fr\/hair-transplant\/beard-hair-transplant\/\"]}]},{\"@type\":\"ImageObject\",\"inLanguage\":\"fr-FR\",\"@id\":\"https:\/\/beautyhubtr.com\/fr\/hair-transplant\/beard-hair-transplant\/#primaryimage\",\"url\":\"https:\/\/web.marstawi.online\/wp-content\/uploads\/2025\/03\/Beard_Hair_Transplant-2web-22.webp\",\"contentUrl\":\"https:\/\/web.marstawi.online\/wp-content\/uploads\/2025\/03\/Beard_Hair_Transplant-2web-22.webp\"},{\"@type\":\"BreadcrumbList\",\"@id\":\"https:\/\/beautyhubtr.com\/fr\/hair-transplant\/beard-hair-transplant\/#breadcrumb\",\"itemListElement\":[{\"@type\":\"ListItem\",\"position\":1,\"name\":\"Home\",\"item\":\"https:\/\/beautyhubtr.com\/fr\/\"},{\"@type\":\"ListItem\",\"position\":2,\"name\":\"Greffe de cheveux en Turquie\",\"item\":\"https:\/\/beautyhubtr.com\/fr\/hair-transplant\/\"},{\"@type\":\"ListItem\",\"position\":3,\"name\":\"Greffe de barbe en Turquie\"}]},{\"@type\":\"WebSite\",\"@id\":\"https:\/\/beautyhubtr.com\/fr\/#website\",\"url\":\"https:\/\/beautyhubtr.com\/fr\/\",\"name\":\"Beautyhub\",\"description\":\"For Hair Transplant and Plastic Surgery.\",\"publisher\":{\"@id\":\"https:\/\/beautyhubtr.com\/fr\/#organization\"},\"potentialAction\":[{\"@type\":\"SearchAction\",\"target\":{\"@type\":\"EntryPoint\",\"urlTemplate\":\"https:\/\/beautyhubtr.com\/fr\/?s={search_term_string}\"},\"query-input\":{\"@type\":\"PropertyValueSpecification\",\"valueRequired\":true,\"valueName\":\"search_term_string\"}}],\"inLanguage\":\"fr-FR\"},{\"@type\":\"Organization\",\"@id\":\"https:\/\/beautyhubtr.com\/fr\/#organization\",\"name\":\"Beautyhub\",\"url\":\"https:\/\/beautyhubtr.com\/fr\/\",\"logo\":{\"@type\":\"ImageObject\",\"inLanguage\":\"fr-FR\",\"@id\":\"https:\/\/beautyhubtr.com\/fr\/#\/schema\/logo\/image\/\",\"url\":\"https:\/\/beautyhubtr.com\/fr\/wp-content\/uploads\/2025\/03\/logo-beauty-hub-main.png\",\"contentUrl\":\"https:\/\/beautyhubtr.com\/fr\/wp-content\/uploads\/2025\/03\/logo-beauty-hub-main.png\",\"width\":1600,\"height\":450,\"caption\":\"Beautyhub\"},\"image\":{\"@id\":\"https:\/\/beautyhubtr.com\/fr\/#\/schema\/logo\/image\/\"}}]}<\/script>\n<!-- \/ Yoast SEO plugin. -->","yoast_head_json":{"title":"Greffe de barbe en Turquie - Beautyhub","robots":{"index":"index","follow":"follow","max-snippet":"max-snippet:-1","max-image-preview":"max-image-preview:large","max-video-preview":"max-video-preview:-1"},"canonical":"https:\/\/beautyhubtr.com\/fr\/hair-transplant\/beard-hair-transplant\/","og_locale":"fr_FR","og_type":"article","og_title":"Greffe de barbe en Turquie - Beautyhub","og_description":"Greffe de poils de barbe La greffe de poils de barbe est une proc\u00e9dure m\u00e9dicale s\u00fbre con\u00e7ue pour aider les hommes \u00e0 faire pousser une moustache ou une barbe plus fournie. Au-del\u00e0 des pr\u00e9f\u00e9rences de style personnel, certaines cultures consid\u00e8rent les poils du visage comme un signe de virilit\u00e9. &nbsp;Causes de la calvitie de la [&hellip;]","og_url":"https:\/\/beautyhubtr.com\/fr\/hair-transplant\/beard-hair-transplant\/","og_site_name":"Beautyhub","article_modified_time":"2025-04-08T10:09:31+00:00","og_image":[{"width":980,"height":654,"url":"https:\/\/beautyhubtr.com\/fr\/wp-content\/uploads\/2025\/03\/Beard_Hair_Transplant-2web-22.webp","type":"image\/webp"}],"twitter_card":"summary_large_image","twitter_misc":{"Dur\u00e9e de lecture estim\u00e9e":"3 minutes"},"schema":{"@context":"https:\/\/schema.org","@graph":[{"@type":"WebPage","@id":"https:\/\/beautyhubtr.com\/fr\/hair-transplant\/beard-hair-transplant\/","url":"https:\/\/beautyhubtr.com\/fr\/hair-transplant\/beard-hair-transplant\/","name":"Greffe de barbe en Turquie - Beautyhub","isPartOf":{"@id":"https:\/\/beautyhubtr.com\/fr\/#website"},"primaryImageOfPage":{"@id":"https:\/\/beautyhubtr.com\/fr\/hair-transplant\/beard-hair-transplant\/#primaryimage"},"image":{"@id":"https:\/\/beautyhubtr.com\/fr\/hair-transplant\/beard-hair-transplant\/#primaryimage"},"thumbnailUrl":"https:\/\/web.marstawi.online\/wp-content\/uploads\/2025\/03\/Beard_Hair_Transplant-2web-22.webp","datePublished":"2025-02-04T18:27:28+00:00","dateModified":"2025-04-08T10:09:31+00:00","breadcrumb":{"@id":"https:\/\/beautyhubtr.com\/fr\/hair-transplant\/beard-hair-transplant\/#breadcrumb"},"inLanguage":"fr-FR","potentialAction":[{"@type":"ReadAction","target":["https:\/\/beautyhubtr.com\/fr\/hair-transplant\/beard-hair-transplant\/"]}]},{"@type":"ImageObject","inLanguage":"fr-FR","@id":"https:\/\/beautyhubtr.com\/fr\/hair-transplant\/beard-hair-transplant\/#primaryimage","url":"https:\/\/web.marstawi.online\/wp-content\/uploads\/2025\/03\/Beard_Hair_Transplant-2web-22.webp","contentUrl":"https:\/\/web.marstawi.online\/wp-content\/uploads\/2025\/03\/Beard_Hair_Transplant-2web-22.webp"},{"@type":"BreadcrumbList","@id":"https:\/\/beautyhubtr.com\/fr\/hair-transplant\/beard-hair-transplant\/#breadcrumb","itemListElement":[{"@type":"ListItem","position":1,"name":"Home","item":"https:\/\/beautyhubtr.com\/fr\/"},{"@type":"ListItem","position":2,"name":"Greffe de cheveux en Turquie","item":"https:\/\/beautyhubtr.com\/fr\/hair-transplant\/"},{"@type":"ListItem","position":3,"name":"Greffe de barbe en Turquie"}]},{"@type":"WebSite","@id":"https:\/\/beautyhubtr.com\/fr\/#website","url":"https:\/\/beautyhubtr.com\/fr\/","name":"Beautyhub","description":"For Hair Transplant and Plastic Surgery.","publisher":{"@id":"https:\/\/beautyhubtr.com\/fr\/#organization"},"potentialAction":[{"@type":"SearchAction","target":{"@type":"EntryPoint","urlTemplate":"https:\/\/beautyhubtr.com\/fr\/?s={search_term_string}"},"query-input":{"@type":"PropertyValueSpecification","valueRequired":true,"valueName":"search_term_string"}}],"inLanguage":"fr-FR"},{"@type":"Organization","@id":"https:\/\/beautyhubtr.com\/fr\/#organization","name":"Beautyhub","url":"https:\/\/beautyhubtr.com\/fr\/","logo":{"@type":"ImageObject","inLanguage":"fr-FR","@id":"https:\/\/beautyhubtr.com\/fr\/#\/schema\/logo\/image\/","url":"https:\/\/beautyhubtr.com\/fr\/wp-content\/uploads\/2025\/03\/logo-beauty-hub-main.png","contentUrl":"https:\/\/beautyhubtr.com\/fr\/wp-content\/uploads\/2025\/03\/logo-beauty-hub-main.png","width":1600,"height":450,"caption":"Beautyhub"},"image":{"@id":"https:\/\/beautyhubtr.com\/fr\/#\/schema\/logo\/image\/"}}]}},"uagb_featured_image_src":{"full":false,"thumbnail":false,"medium":false,"medium_large":false,"large":false,"1536x1536":false,"2048x2048":false},"uagb_author_info":{"display_name":"BeautyHUB","author_link":"https:\/\/beautyhubtr.com\/fr\/author\/marstavi\/"},"uagb_comment_info":0,"uagb_excerpt":"Greffe de poils de barbe La greffe de poils de barbe est une proc\u00e9dure m\u00e9dicale s\u00fbre con\u00e7ue pour aider les hommes \u00e0 faire pousser une moustache ou une barbe plus fournie. Au-del\u00e0 des pr\u00e9f\u00e9rences de style personnel, certaines cultures consid\u00e8rent les poils du visage comme un signe de virilit\u00e9. &nbsp;Causes de la calvitie de la\u2026","_links":{"self":[{"href":"https:\/\/beautyhubtr.com\/fr\/wp-json\/wp\/v2\/pages\/695","targetHints":{"allow":["GET"]}}],"collection":[{"href":"https:\/\/beautyhubtr.com\/fr\/wp-json\/wp\/v2\/pages"}],"about":[{"href":"https:\/\/beautyhubtr.com\/fr\/wp-json\/wp\/v2\/types\/page"}],"author":[{"embeddable":true,"href":"https:\/\/beautyhubtr.com\/fr\/wp-json\/wp\/v2\/users\/1"}],"replies":[{"embeddable":true,"href":"https:\/\/beautyhubtr.com\/fr\/wp-json\/wp\/v2\/comments?post=695"}],"version-history":[{"count":6,"href":"https:\/\/beautyhubtr.com\/fr\/wp-json\/wp\/v2\/pages\/695\/revisions"}],"predecessor-version":[{"id":1478,"href":"https:\/\/beautyhubtr.com\/fr\/wp-json\/wp\/v2\/pages\/695\/revisions\/1478"}],"up":[{"embeddable":true,"href":"https:\/\/beautyhubtr.com\/fr\/wp-json\/wp\/v2\/pages\/667"}],"wp:attachment":[{"href":"https:\/\/beautyhubtr.com\/fr\/wp-json\/wp\/v2\/media?parent=695"}],"curies":[{"name":"wp","href":"https:\/\/api.w.org\/{rel}","templated":true}]}}