{"id":693,"date":"2025-02-04T18:27:06","date_gmt":"2025-02-04T18:27:06","guid":{"rendered":"https:\/\/web.marstawi.online\/?page_id=693"},"modified":"2025-04-07T22:04:06","modified_gmt":"2025-04-07T19:04:06","slug":"eyebrow-transplant","status":"publish","type":"page","link":"https:\/\/beautyhubtr.com\/fr\/hair-transplant\/eyebrow-transplant\/","title":{"rendered":"Greffe de sourcils en Turquie"},"content":{"rendered":"\n<figure class=\"wp-block-image size-full\"><img loading=\"lazy\" decoding=\"async\" width=\"1000\" height=\"688\" src=\"https:\/\/web.marstawi.online\/wp-content\/uploads\/2025\/03\/Eyebrow_Transplant2-web-2.webp\" alt=\"\" class=\"wp-image-883\" srcset=\"https:\/\/beautyhubtr.com\/fr\/wp-content\/uploads\/2025\/03\/Eyebrow_Transplant2-web-2.webp 1000w, https:\/\/beautyhubtr.com\/fr\/wp-content\/uploads\/2025\/03\/Eyebrow_Transplant2-web-2-300x206.webp 300w, https:\/\/beautyhubtr.com\/fr\/wp-content\/uploads\/2025\/03\/Eyebrow_Transplant2-web-2-768x528.webp 768w\" sizes=\"auto, (max-width: 1000px) 100vw, 1000px\" \/><\/figure>\n\n\n\n<h2 class=\"wp-block-heading\"><strong>L&rsquo;importance des sourcils<\/strong><\/h2>\n\n\n\n<p>Les sourcils ont une valeur esth\u00e9tique primordiale sur le visage, car ils jouent un r\u00f4le significatif dans l&rsquo;harmonie faciale en raison de leur emplacement au centre du visage.<\/p>\n\n\n\n<h2 class=\"wp-block-heading\"><strong>Causes de la perte de sourcils<\/strong><\/h2>\n\n\n\n<p>&nbsp;Contrairement \u00e0 la perte de cheveux ailleurs sur le corps, la perte de sourcils peut r\u00e9sulter de divers troubles, comme indiqu\u00e9 ci-dessous :<\/p>\n\n\n\n<p>Maladies de la thyro\u00efde (goitre)<\/p>\n\n\n\n<p>Alop\u00e9cie (casse de cheveux)<\/p>\n\n\n\n<p>Traumatisme<\/p>\n\n\n\n<p>Maladies syst\u00e9miques<\/p>\n\n\n\n<p>Infections<\/p>\n\n\n\n<p>Tatouages<\/p>\n\n\n\n<p>Arrachage et \u00e9pilation r\u00e9currents des cheveux<\/p>\n\n\n\n<p>Conditions cong\u00e9nitales et \u00e0 la naissance<\/p>\n\n\n\n<p>Facteurs g\u00e9n\u00e9tiques<\/p>\n\n\n\n<h2 class=\"wp-block-heading\"><strong>Greffe de sourcil<\/strong><strong>s<\/strong><\/h2>\n\n\n\n<p>La greffe de sourcils est un type sp\u00e9cialis\u00e9 de greffe de cheveux qui utilise la m\u00e9thode FUE pour obtenir des greffons capillaires permanents. Les greffons sont d\u00e9riv\u00e9s de la zone donneuse et doivent \u00eatre des greffons fins, de la taille d&rsquo;un ou de deux cheveux.<\/p>\n\n\n\n<h2 class=\"wp-block-heading\"><strong>Diff\u00e9rences par rapport aux cheveux du cuir chevelu<\/strong><\/h2>\n\n\n\n<p>Les cheveux des sourcils diff\u00e8rent des cheveux du cuir chevelu en raison de la diff\u00e9rence dans le cycle de croissance. Alors que la phase de croissance des cheveux du cuir chevelu prend 2 \u00e0 6 ans, le cycle de croissance des cheveux des sourcils prend environ 4 mois.<\/p>\n\n\n\n<h2 class=\"wp-block-heading\"><strong>Facteurs cl\u00e9s de succ\u00e8s dans la greffe de sourcils<\/strong><\/h2>\n\n\n\n<p>&nbsp;Le succ\u00e8s de la greffe de sourcils est tr\u00e8s d\u00e9licat et d\u00e9pend de l&rsquo;exp\u00e9rience du chirurgien. Les facteurs cl\u00e9s sont les suivants :<\/p>\n\n\n\n<p>Les unit\u00e9s folliculaires les plus fines possibles doivent \u00eatre utilis\u00e9es.<\/p>\n\n\n\n<p>Les follicules extraits doivent \u00eatre correctement distribu\u00e9s et plac\u00e9s.<\/p>\n\n\n\n<p>Les patients doivent suivre les m\u00e9dicaments prescrits et se pr\u00e9senter r\u00e9guli\u00e8rement pour les suivis.<\/p>\n\n\n\n<h2 class=\"wp-block-heading\"><strong>FAQ<\/strong><\/h2>\n\n\n\n<h2 class=\"wp-block-heading\"><strong>Combien de temps durent les greffes de cheveux des sourcils?<\/strong><\/h2>\n\n\n\n<p>Les greffes de cheveux des sourcils sont une solution permanente pour restaurer vos cheveux. Cette proc\u00e9dure utilise la technique FUE (Extraction d&rsquo;Unit\u00e9 Folliculaire), dans laquelle les follicules pileux individuels sont pr\u00e9lev\u00e9s dans la zone donneuse \u00e0 l&rsquo;arri\u00e8re de la t\u00eate pour \u00eatre greff\u00e9s dans la r\u00e9gion des sourcils. \u00c9tant donn\u00e9 que la perte de cheveux des sourcils est g\u00e9n\u00e9ralement caus\u00e9e par un traumatisme ou une \u00e9pilation excessive, il n&rsquo;y a aucune raison pour que vous continuiez \u00e0 perdre vos cheveux dans cette r\u00e9gion particuli\u00e8re.<\/p>\n\n\n\n<h2 class=\"wp-block-heading\"><strong>Les greffes de cheveux des sourcils fonctionnent-elles?<\/strong><\/h2>\n\n\n\n<p>Oui, la chirurgie de greffe de cheveux des sourcils est une proc\u00e9dure s\u00fbre, et les r\u00e9sultats sont fantastiques. Il faut du temps pour que les nouveaux cheveux des sourcils poussent, et les meilleurs r\u00e9sultats peuvent \u00eatre observ\u00e9s un an apr\u00e8s la chirurgie. Une fois que les cheveux poussent, ils doivent \u00eatre taill\u00e9s r\u00e9guli\u00e8rement car ils poussent continuellement, tout comme les cheveux du cuir chevelu. De cette fa\u00e7on, vous pourrez entretenir et fa\u00e7onner vos sourcils en fonction de vos traits du visage.<\/p>\n\n\n\n<h2 class=\"wp-block-heading\"><strong>Combien de temps dure une proc\u00e9dure de greffe de cheveux des sourcils?<\/strong><\/h2>\n\n\n\n<p>La dur\u00e9e d&rsquo;une greffe de cheveux des sourcils varie en fonction du nombre de cheveux \u00e0 transplanter. En moyenne, la proc\u00e9dure dure environ 3 heures, et pour des cas plus importants, elle peut durer environ 5 heures. Votre chirurgien vous donnera une estimation du temps lors de votre consultation.<\/p>\n\n\n\n<h2 class=\"wp-block-heading\"><strong>Les greffes de cheveux des sourcils conviennent-elles aux cheveux afro?<\/strong><\/h2>\n\n\n\n<p>Si vous avez des cheveux afro ou boucl\u00e9s, vous ne serez peut-\u00eatre pas le candidat parfait pour une greffe de cheveux FUE. Les cheveux donneurs pousseront de la m\u00eame mani\u00e8re dans les sourcils, ce qui pourrait donner un aspect peu naturel. Il est pr\u00e9f\u00e9rable de prendre rendez-vous avec l&rsquo;un de nos chirurgiens pour d\u00e9terminer votre admissibilit\u00e9 \u00e0 une greffe de cheveux des sourcils FUE.<\/p>\n\n\n\n<h2 class=\"wp-block-heading\"><strong>Les greffes de sourcils continuent-elles de pousser?<\/strong><\/h2>\n\n\n\n<p>Oui, les cheveux donneurs utilis\u00e9s dans les greffes de sourcils proviennent de votre cuir chevelu, donc le cycle de croissance des cheveux est pr\u00e9serv\u00e9. Finalement, les cheveux transplant\u00e9s pousseront sur toute la longueur de vos cheveux du cuir chevelu, et ils devront \u00eatre taill\u00e9s r\u00e9guli\u00e8rement, g\u00e9n\u00e9ralement une fois par mois. Finalement, la fr\u00e9quence diminuera.<\/p>\n\n\n\n<h2 class=\"wp-block-heading\"><strong>D&rsquo;o\u00f9 proviennent les cheveux utilis\u00e9s dans les greffes de sourcils?<\/strong><\/h2>\n\n\n\n<p>Les cheveux donneurs utilis\u00e9s pour les greffes de sourcils proviennent g\u00e9n\u00e9ralement de l&rsquo;arri\u00e8re de la t\u00eate, du c\u00f4t\u00e9 de la t\u00eate ou au-dessus de l&rsquo;oreille. La zone donneuse peut avoir besoin d&rsquo;\u00eatre ras\u00e9e, et nos chirurgiens le feront de mani\u00e8re aussi discr\u00e8te que possible afin que cela soit \u00e0 peine visible.<\/p>\n\n\n\n<p>Les cheveux commenceront \u00e0 repousser normalement dans les semaines suivant la proc\u00e9dure, et vous n&rsquo;aurez que des cicatrices minimes qui ne sont g\u00e9n\u00e9ralement pas visibles.<\/p>\n\n\n\n<h2 class=\"wp-block-heading\"><strong>Quand puis-je reprendre le travail apr\u00e8s une greffe de cheveux des sourcils ?<\/strong><\/h2>\n\n\n\n<p>La plupart des patients se sentent pr\u00eats \u00e0 reprendre le travail dans un d\u00e9lai de 1 \u00e0 2 jours une fois que tout gonflement et toute g\u00eane initiale ont diminu\u00e9. Cependant, \u00e9tant donn\u00e9 que la proc\u00e9dure est r\u00e9alis\u00e9e sur une zone pro\u00e9minente de votre visage, vous voudrez peut-\u00eatre attendre que les r\u00e9sultats ne soient pas aussi visibles, en particulier si vous avez un travail impliquant des clients ou une activit\u00e9 physique. De nombreux patients prennent environ une semaine de cong\u00e9, tandis que ceux qui travaillent dans des environnements de bureau ou qui travaillent \u00e0 domicile peuvent revenir plus t\u00f4t.<\/p>\n\n\n\n<h2 class=\"wp-block-heading\"><strong>Aurai-je des cicatrices?<\/strong><\/h2>\n\n\n\n<p>L&rsquo;instrument utilis\u00e9 pour enlever les follicules pileux de la zone donneuse est tr\u00e8s petit, et le nombre de cheveux utilis\u00e9s dans une greffe ne laissera aucune cicatrice visible. Nos m\u00e9decins hautement exp\u00e9riment\u00e9s utilisent des techniques qui minimisent toute cicatrice visible, donc vous n&rsquo;aurez aucune cicatrice visible sur vos sourcils.<\/p>\n\n\n\n<h2 class=\"wp-block-heading\"><strong>Quels sont les risques et les complications potentiels ?<\/strong><\/h2>\n\n\n\n<p>&nbsp;Comme pour toute intervention esth\u00e9tique, il existe quelques risques mineurs, et notre \u00e9quipe fait de son mieux pour les minimiser. Vous pouvez \u00e9prouver un l\u00e9ger rougissement de la zone o\u00f9 la transplantation a eu lieu ; cela se r\u00e9sout souvent en quelques jours. Il existe un risque l\u00e9ger d&rsquo;infection, bien que nos proc\u00e9dures de suivi soient con\u00e7ues pour le maintenir aussi minime que possible. Notre \u00e9quipe vous guidera tout au long du processus de soins postop\u00e9ratoires et sera disponible pour r\u00e9pondre \u00e0 toutes vos questions afin de vous fournir un soutien complet pendant votre r\u00e9tablissement.<\/p>\n\n\n\n<p><\/p>\n\n\n\n<div class=\"wp-block-stackable-columns stk-block-columns stk-block stk-b68a3f2\" data-block-id=\"b68a3f2\"><style>.stk-b68a3f2 {margin-bottom:0px !important;}.stk-b68a3f2-column{--stk-columns-spacing:0px !important;}<\/style><div class=\"stk-row stk-inner-blocks stk-block-content stk-content-align stk-b68a3f2-column\">\n<div class=\"wp-block-stackable-column stk-block-column stk-column stk-block stk-d353c8b\" data-v=\"4\" data-block-id=\"d353c8b\"><style>.stk-d353c8b-container{margin-top:0px !important;margin-right:0px !important;margin-bottom:0px !important;margin-left:0px !important;}<\/style><div class=\"stk-column-wrapper stk-block-column__content stk-container stk-d353c8b-container stk--no-background stk--no-padding\"><div class=\"stk-block-content stk-inner-blocks stk-d353c8b-inner-blocks\">\n<h3 class=\"wp-block-heading has-text-align-center\">Nous fournissons le plus haut niveau de satisfaction des services de soins \u00e0 nos patients.<\/h3>\n\n\n\n<h3 class=\"wp-block-heading has-text-align-center\">+90 551 888 20 80<a href=\"tel:+905518882080\"><\/a><\/h3>\n\n\n\n<div class=\"wp-block-uagb-buttons uagb-buttons__outer-wrap uagb-btn__default-btn uagb-btn-tablet__default-btn uagb-btn-mobile__default-btn uagb-block-0185e4b2\"><div class=\"uagb-buttons__wrap uagb-buttons-layout-wrap \">\n<div class=\"wp-block-uagb-buttons-child uagb-buttons__outer-wrap uagb-block-89548b30 wp-block-button\"><div class=\"uagb-button__wrapper\"><a class=\"uagb-buttons-repeater wp-block-button__link\" aria-label=\"\" href=\"https:\/\/beautyhubtr.com\/fr\/consultation\/\" rel=\"follow noopener\" target=\"_self\" role=\"button\"><div class=\"uagb-button__link\">Demander un rendez-vous<\/div><\/a><\/div><\/div>\n<\/div><\/div>\n<\/div><\/div><\/div>\n<\/div><\/div>\n\n\n\n<p><\/p>\n","protected":false},"excerpt":{"rendered":"<p>L&rsquo;importance des sourcils Les sourcils ont une valeur esth\u00e9tique primordiale sur le visage, car ils jouent un r\u00f4le significatif dans l&rsquo;harmonie faciale en raison de leur emplacement au centre du visage. Causes de la perte de sourcils &nbsp;Contrairement \u00e0 la perte de cheveux ailleurs sur le corps, la perte de sourcils peut r\u00e9sulter de divers [&hellip;]<\/p>\n","protected":false},"author":1,"featured_media":0,"parent":667,"menu_order":0,"comment_status":"closed","ping_status":"closed","template":"","meta":{"_uag_custom_page_level_css":"","footnotes":""},"class_list":["post-693","page","type-page","status-publish","hentry"],"blocksy_meta":[],"yoast_head":"<!-- This site is optimized with the Yoast SEO plugin v24.8.1 - https:\/\/yoast.com\/wordpress\/plugins\/seo\/ -->\n<title>Greffe de sourcils en Turquie - Beautyhub<\/title>\n<meta name=\"robots\" content=\"index, follow, max-snippet:-1, max-image-preview:large, max-video-preview:-1\" \/>\n<link rel=\"canonical\" href=\"https:\/\/beautyhubtr.com\/fr\/hair-transplant\/eyebrow-transplant\/\" \/>\n<meta property=\"og:locale\" content=\"fr_FR\" \/>\n<meta property=\"og:type\" content=\"article\" \/>\n<meta property=\"og:title\" content=\"Greffe de sourcils en Turquie - Beautyhub\" \/>\n<meta property=\"og:description\" content=\"L&rsquo;importance des sourcils Les sourcils ont une valeur esth\u00e9tique primordiale sur le visage, car ils jouent un r\u00f4le significatif dans l&rsquo;harmonie faciale en raison de leur emplacement au centre du visage. Causes de la perte de sourcils &nbsp;Contrairement \u00e0 la perte de cheveux ailleurs sur le corps, la perte de sourcils peut r\u00e9sulter de divers [&hellip;]\" \/>\n<meta property=\"og:url\" content=\"https:\/\/beautyhubtr.com\/fr\/hair-transplant\/eyebrow-transplant\/\" \/>\n<meta property=\"og:site_name\" content=\"Beautyhub\" \/>\n<meta property=\"article:modified_time\" content=\"2025-04-07T19:04:06+00:00\" \/>\n<meta property=\"og:image\" content=\"https:\/\/beautyhubtr.com\/fr\/wp-content\/uploads\/2025\/03\/Eyebrow_Transplant2-web-2.webp\" \/>\n\t<meta property=\"og:image:width\" content=\"1000\" \/>\n\t<meta property=\"og:image:height\" content=\"688\" \/>\n\t<meta property=\"og:image:type\" content=\"image\/webp\" \/>\n<meta name=\"twitter:card\" content=\"summary_large_image\" \/>\n<meta name=\"twitter:label1\" content=\"Dur\u00e9e de lecture estim\u00e9e\" \/>\n\t<meta name=\"twitter:data1\" content=\"6 minutes\" \/>\n<script type=\"application\/ld+json\" class=\"yoast-schema-graph\">{\"@context\":\"https:\/\/schema.org\",\"@graph\":[{\"@type\":\"WebPage\",\"@id\":\"https:\/\/beautyhubtr.com\/fr\/hair-transplant\/eyebrow-transplant\/\",\"url\":\"https:\/\/beautyhubtr.com\/fr\/hair-transplant\/eyebrow-transplant\/\",\"name\":\"Greffe de sourcils en Turquie - Beautyhub\",\"isPartOf\":{\"@id\":\"https:\/\/beautyhubtr.com\/fr\/#website\"},\"primaryImageOfPage\":{\"@id\":\"https:\/\/beautyhubtr.com\/fr\/hair-transplant\/eyebrow-transplant\/#primaryimage\"},\"image\":{\"@id\":\"https:\/\/beautyhubtr.com\/fr\/hair-transplant\/eyebrow-transplant\/#primaryimage\"},\"thumbnailUrl\":\"https:\/\/web.marstawi.online\/wp-content\/uploads\/2025\/03\/Eyebrow_Transplant2-web-2.webp\",\"datePublished\":\"2025-02-04T18:27:06+00:00\",\"dateModified\":\"2025-04-07T19:04:06+00:00\",\"breadcrumb\":{\"@id\":\"https:\/\/beautyhubtr.com\/fr\/hair-transplant\/eyebrow-transplant\/#breadcrumb\"},\"inLanguage\":\"fr-FR\",\"potentialAction\":[{\"@type\":\"ReadAction\",\"target\":[\"https:\/\/beautyhubtr.com\/fr\/hair-transplant\/eyebrow-transplant\/\"]}]},{\"@type\":\"ImageObject\",\"inLanguage\":\"fr-FR\",\"@id\":\"https:\/\/beautyhubtr.com\/fr\/hair-transplant\/eyebrow-transplant\/#primaryimage\",\"url\":\"https:\/\/web.marstawi.online\/wp-content\/uploads\/2025\/03\/Eyebrow_Transplant2-web-2.webp\",\"contentUrl\":\"https:\/\/web.marstawi.online\/wp-content\/uploads\/2025\/03\/Eyebrow_Transplant2-web-2.webp\"},{\"@type\":\"BreadcrumbList\",\"@id\":\"https:\/\/beautyhubtr.com\/fr\/hair-transplant\/eyebrow-transplant\/#breadcrumb\",\"itemListElement\":[{\"@type\":\"ListItem\",\"position\":1,\"name\":\"Home\",\"item\":\"https:\/\/beautyhubtr.com\/fr\/\"},{\"@type\":\"ListItem\",\"position\":2,\"name\":\"Greffe de cheveux en Turquie\",\"item\":\"https:\/\/beautyhubtr.com\/fr\/hair-transplant\/\"},{\"@type\":\"ListItem\",\"position\":3,\"name\":\"Greffe de sourcils en Turquie\"}]},{\"@type\":\"WebSite\",\"@id\":\"https:\/\/beautyhubtr.com\/fr\/#website\",\"url\":\"https:\/\/beautyhubtr.com\/fr\/\",\"name\":\"Beautyhub\",\"description\":\"For Hair Transplant and Plastic Surgery.\",\"publisher\":{\"@id\":\"https:\/\/beautyhubtr.com\/fr\/#organization\"},\"potentialAction\":[{\"@type\":\"SearchAction\",\"target\":{\"@type\":\"EntryPoint\",\"urlTemplate\":\"https:\/\/beautyhubtr.com\/fr\/?s={search_term_string}\"},\"query-input\":{\"@type\":\"PropertyValueSpecification\",\"valueRequired\":true,\"valueName\":\"search_term_string\"}}],\"inLanguage\":\"fr-FR\"},{\"@type\":\"Organization\",\"@id\":\"https:\/\/beautyhubtr.com\/fr\/#organization\",\"name\":\"Beautyhub\",\"url\":\"https:\/\/beautyhubtr.com\/fr\/\",\"logo\":{\"@type\":\"ImageObject\",\"inLanguage\":\"fr-FR\",\"@id\":\"https:\/\/beautyhubtr.com\/fr\/#\/schema\/logo\/image\/\",\"url\":\"https:\/\/beautyhubtr.com\/fr\/wp-content\/uploads\/2025\/03\/logo-beauty-hub-main.png\",\"contentUrl\":\"https:\/\/beautyhubtr.com\/fr\/wp-content\/uploads\/2025\/03\/logo-beauty-hub-main.png\",\"width\":1600,\"height\":450,\"caption\":\"Beautyhub\"},\"image\":{\"@id\":\"https:\/\/beautyhubtr.com\/fr\/#\/schema\/logo\/image\/\"}}]}<\/script>\n<!-- \/ Yoast SEO plugin. -->","yoast_head_json":{"title":"Greffe de sourcils en Turquie - Beautyhub","robots":{"index":"index","follow":"follow","max-snippet":"max-snippet:-1","max-image-preview":"max-image-preview:large","max-video-preview":"max-video-preview:-1"},"canonical":"https:\/\/beautyhubtr.com\/fr\/hair-transplant\/eyebrow-transplant\/","og_locale":"fr_FR","og_type":"article","og_title":"Greffe de sourcils en Turquie - Beautyhub","og_description":"L&rsquo;importance des sourcils Les sourcils ont une valeur esth\u00e9tique primordiale sur le visage, car ils jouent un r\u00f4le significatif dans l&rsquo;harmonie faciale en raison de leur emplacement au centre du visage. Causes de la perte de sourcils &nbsp;Contrairement \u00e0 la perte de cheveux ailleurs sur le corps, la perte de sourcils peut r\u00e9sulter de divers [&hellip;]","og_url":"https:\/\/beautyhubtr.com\/fr\/hair-transplant\/eyebrow-transplant\/","og_site_name":"Beautyhub","article_modified_time":"2025-04-07T19:04:06+00:00","og_image":[{"width":1000,"height":688,"url":"https:\/\/beautyhubtr.com\/fr\/wp-content\/uploads\/2025\/03\/Eyebrow_Transplant2-web-2.webp","type":"image\/webp"}],"twitter_card":"summary_large_image","twitter_misc":{"Dur\u00e9e de lecture estim\u00e9e":"6 minutes"},"schema":{"@context":"https:\/\/schema.org","@graph":[{"@type":"WebPage","@id":"https:\/\/beautyhubtr.com\/fr\/hair-transplant\/eyebrow-transplant\/","url":"https:\/\/beautyhubtr.com\/fr\/hair-transplant\/eyebrow-transplant\/","name":"Greffe de sourcils en Turquie - Beautyhub","isPartOf":{"@id":"https:\/\/beautyhubtr.com\/fr\/#website"},"primaryImageOfPage":{"@id":"https:\/\/beautyhubtr.com\/fr\/hair-transplant\/eyebrow-transplant\/#primaryimage"},"image":{"@id":"https:\/\/beautyhubtr.com\/fr\/hair-transplant\/eyebrow-transplant\/#primaryimage"},"thumbnailUrl":"https:\/\/web.marstawi.online\/wp-content\/uploads\/2025\/03\/Eyebrow_Transplant2-web-2.webp","datePublished":"2025-02-04T18:27:06+00:00","dateModified":"2025-04-07T19:04:06+00:00","breadcrumb":{"@id":"https:\/\/beautyhubtr.com\/fr\/hair-transplant\/eyebrow-transplant\/#breadcrumb"},"inLanguage":"fr-FR","potentialAction":[{"@type":"ReadAction","target":["https:\/\/beautyhubtr.com\/fr\/hair-transplant\/eyebrow-transplant\/"]}]},{"@type":"ImageObject","inLanguage":"fr-FR","@id":"https:\/\/beautyhubtr.com\/fr\/hair-transplant\/eyebrow-transplant\/#primaryimage","url":"https:\/\/web.marstawi.online\/wp-content\/uploads\/2025\/03\/Eyebrow_Transplant2-web-2.webp","contentUrl":"https:\/\/web.marstawi.online\/wp-content\/uploads\/2025\/03\/Eyebrow_Transplant2-web-2.webp"},{"@type":"BreadcrumbList","@id":"https:\/\/beautyhubtr.com\/fr\/hair-transplant\/eyebrow-transplant\/#breadcrumb","itemListElement":[{"@type":"ListItem","position":1,"name":"Home","item":"https:\/\/beautyhubtr.com\/fr\/"},{"@type":"ListItem","position":2,"name":"Greffe de cheveux en Turquie","item":"https:\/\/beautyhubtr.com\/fr\/hair-transplant\/"},{"@type":"ListItem","position":3,"name":"Greffe de sourcils en Turquie"}]},{"@type":"WebSite","@id":"https:\/\/beautyhubtr.com\/fr\/#website","url":"https:\/\/beautyhubtr.com\/fr\/","name":"Beautyhub","description":"For Hair Transplant and Plastic Surgery.","publisher":{"@id":"https:\/\/beautyhubtr.com\/fr\/#organization"},"potentialAction":[{"@type":"SearchAction","target":{"@type":"EntryPoint","urlTemplate":"https:\/\/beautyhubtr.com\/fr\/?s={search_term_string}"},"query-input":{"@type":"PropertyValueSpecification","valueRequired":true,"valueName":"search_term_string"}}],"inLanguage":"fr-FR"},{"@type":"Organization","@id":"https:\/\/beautyhubtr.com\/fr\/#organization","name":"Beautyhub","url":"https:\/\/beautyhubtr.com\/fr\/","logo":{"@type":"ImageObject","inLanguage":"fr-FR","@id":"https:\/\/beautyhubtr.com\/fr\/#\/schema\/logo\/image\/","url":"https:\/\/beautyhubtr.com\/fr\/wp-content\/uploads\/2025\/03\/logo-beauty-hub-main.png","contentUrl":"https:\/\/beautyhubtr.com\/fr\/wp-content\/uploads\/2025\/03\/logo-beauty-hub-main.png","width":1600,"height":450,"caption":"Beautyhub"},"image":{"@id":"https:\/\/beautyhubtr.com\/fr\/#\/schema\/logo\/image\/"}}]}},"uagb_featured_image_src":{"full":false,"thumbnail":false,"medium":false,"medium_large":false,"large":false,"1536x1536":false,"2048x2048":false},"uagb_author_info":{"display_name":"BeautyHUB","author_link":"https:\/\/beautyhubtr.com\/fr\/author\/marstavi\/"},"uagb_comment_info":0,"uagb_excerpt":"L&rsquo;importance des sourcils Les sourcils ont une valeur esth\u00e9tique primordiale sur le visage, car ils jouent un r\u00f4le significatif dans l&rsquo;harmonie faciale en raison de leur emplacement au centre du visage. Causes de la perte de sourcils &nbsp;Contrairement \u00e0 la perte de cheveux ailleurs sur le corps, la perte de sourcils peut r\u00e9sulter de divers\u2026","_links":{"self":[{"href":"https:\/\/beautyhubtr.com\/fr\/wp-json\/wp\/v2\/pages\/693","targetHints":{"allow":["GET"]}}],"collection":[{"href":"https:\/\/beautyhubtr.com\/fr\/wp-json\/wp\/v2\/pages"}],"about":[{"href":"https:\/\/beautyhubtr.com\/fr\/wp-json\/wp\/v2\/types\/page"}],"author":[{"embeddable":true,"href":"https:\/\/beautyhubtr.com\/fr\/wp-json\/wp\/v2\/users\/1"}],"replies":[{"embeddable":true,"href":"https:\/\/beautyhubtr.com\/fr\/wp-json\/wp\/v2\/comments?post=693"}],"version-history":[{"count":6,"href":"https:\/\/beautyhubtr.com\/fr\/wp-json\/wp\/v2\/pages\/693\/revisions"}],"predecessor-version":[{"id":1477,"href":"https:\/\/beautyhubtr.com\/fr\/wp-json\/wp\/v2\/pages\/693\/revisions\/1477"}],"up":[{"embeddable":true,"href":"https:\/\/beautyhubtr.com\/fr\/wp-json\/wp\/v2\/pages\/667"}],"wp:attachment":[{"href":"https:\/\/beautyhubtr.com\/fr\/wp-json\/wp\/v2\/media?parent=693"}],"curies":[{"name":"wp","href":"https:\/\/api.w.org\/{rel}","templated":true}]}}