{"id":691,"date":"2025-02-04T18:26:42","date_gmt":"2025-02-04T18:26:42","guid":{"rendered":"https:\/\/web.marstawi.online\/?page_id=691"},"modified":"2025-04-07T19:20:23","modified_gmt":"2025-04-07T16:20:23","slug":"sapphire-hair-transplant","status":"publish","type":"page","link":"https:\/\/beautyhubtr.com\/fr\/hair-transplant\/sapphire-hair-transplant\/","title":{"rendered":"Greffe de cheveux saphir en Turquie"},"content":{"rendered":"\n<figure class=\"wp-block-image size-full\"><img loading=\"lazy\" decoding=\"async\" width=\"768\" height=\"432\" src=\"https:\/\/web.marstawi.online\/wp-content\/uploads\/2025\/03\/Sapphire_hair_transplant-2-web-2.webp\" alt=\"\" class=\"wp-image-880\" srcset=\"https:\/\/beautyhubtr.com\/fr\/wp-content\/uploads\/2025\/03\/Sapphire_hair_transplant-2-web-2.webp 768w, https:\/\/beautyhubtr.com\/fr\/wp-content\/uploads\/2025\/03\/Sapphire_hair_transplant-2-web-2-300x169.webp 300w\" sizes=\"auto, (max-width: 768px) 100vw, 768px\" \/><\/figure>\n\n\n\n<h2 class=\"wp-block-heading\"><strong>La greffe de cheveux en saphir en Turquie<\/strong><\/h2>\n\n\n\n<p>La greffe de cheveux en saphir est une m\u00e9thode innovante de greffe de cheveux FUE, qui implique l&rsquo;utilisation de lames en saphir pour ouvrir des micro-canaux dans la zone receveuse. Toutes les lames sont fabriqu\u00e9es \u00e0 partir d&rsquo;un seul cristal de saphir synth\u00e9tique, une pierre \u00e0 base d&rsquo;oxyde d&rsquo;aluminium.<\/p>\n\n\n\n<h2 class=\"wp-block-heading\"><strong>Avantages de la greffe de cheveux en saphir:<\/strong><\/h2>\n\n\n\n<h3 class=\"wp-block-heading\"><strong><em>Durabilit\u00e9 et nettet\u00e9<\/em><\/strong><em>:<\/em><\/h3>\n\n\n\n<p>Les lames en saphir sont beaucoup plus durables que les lames en acier, et leur nettet\u00e9 reste pendant une p\u00e9riode plus longue en raison de leur technologie de pointe.&nbsp;<strong><em>Pr\u00e9cision et dommages tissulaires minimes<\/em><\/strong><em>:<\/em>&nbsp;Les lames en saphir ont une surface dure et lisse qui peut faire des coupes pr\u00e9cises avec un minimum de dommages tissulaires et entra\u00eene une r\u00e9cup\u00e9ration plus rapide.<\/p>\n\n\n\n<h3 class=\"wp-block-heading\"><strong><em>&nbsp;Lames en forme de V<\/em>:<\/strong><\/h3>\n\n\n\n<p>En raison de la forme en V de ses pointes, la lame en saphir peut faire des incisions plus fr\u00e9quentes, donc le r\u00e9sultat est plus dense et naturel par rapport au r\u00e9sultat d&rsquo;une FUE traditionnelle.<\/p>\n\n\n\n<h3 class=\"wp-block-heading\"><strong><em>Flexibilit\u00e9 dans l&rsquo;angle de transplantation<\/em>:<\/strong><\/h3>\n\n\n\n<p>Les lames en saphir offrent une meilleure flexibilit\u00e9 en ce qui concerne la d\u00e9termination de l&rsquo;angle de transplantation.<\/p>\n\n\n\n<h3 class=\"wp-block-heading\"><strong><em>Hypoallerg\u00e9nique<\/em><\/strong>:<\/h3>\n\n\n\n<p>Ces lames ne provoquent aucune r\u00e9action allergique ; ainsi, elles sont le meilleur choix pour les patients allergiques \u00e0 l&rsquo;acier.<\/p>\n\n\n\n<p><\/p>\n\n\n\n<div class=\"wp-block-stackable-columns stk-block-columns stk-block stk-b68a3f2\" data-block-id=\"b68a3f2\"><style>.stk-b68a3f2 {margin-bottom:0px !important;}.stk-b68a3f2-column{--stk-columns-spacing:0px !important;}<\/style><div class=\"stk-row stk-inner-blocks stk-block-content stk-content-align stk-b68a3f2-column\">\n<div class=\"wp-block-stackable-column stk-block-column stk-column stk-block stk-d353c8b\" data-v=\"4\" data-block-id=\"d353c8b\"><style>.stk-d353c8b-container{margin-top:0px !important;margin-right:0px !important;margin-bottom:0px !important;margin-left:0px !important;}<\/style><div class=\"stk-column-wrapper stk-block-column__content stk-container stk-d353c8b-container stk--no-background stk--no-padding\"><div class=\"stk-block-content stk-inner-blocks stk-d353c8b-inner-blocks\">\n<h3 class=\"wp-block-heading has-text-align-center\">Nous fournissons le plus haut niveau de satisfaction des services de soins \u00e0 nos patients.<\/h3>\n\n\n\n<h3 class=\"wp-block-heading has-text-align-center\">+90 551 888 20 80<a href=\"tel:+905518882080\"><\/a><\/h3>\n\n\n\n<div class=\"wp-block-uagb-buttons uagb-buttons__outer-wrap uagb-btn__default-btn uagb-btn-tablet__default-btn uagb-btn-mobile__default-btn uagb-block-0185e4b2\"><div class=\"uagb-buttons__wrap uagb-buttons-layout-wrap \">\n<div class=\"wp-block-uagb-buttons-child uagb-buttons__outer-wrap uagb-block-89548b30 wp-block-button\"><div class=\"uagb-button__wrapper\"><a class=\"uagb-buttons-repeater wp-block-button__link\" aria-label=\"\" href=\"https:\/\/beautyhubtr.com\/fr\/consultation\/\" rel=\"follow noopener\" target=\"_self\" role=\"button\"><div class=\"uagb-button__link\">Demander un rendez-vous<\/div><\/a><\/div><\/div>\n<\/div><\/div>\n<\/div><\/div><\/div>\n<\/div><\/div>\n\n\n\n<p><\/p>\n","protected":false},"excerpt":{"rendered":"<p>La greffe de cheveux en saphir en Turquie La greffe de cheveux en saphir est une m\u00e9thode innovante de greffe de cheveux FUE, qui implique l&rsquo;utilisation de lames en saphir pour ouvrir des micro-canaux dans la zone receveuse. Toutes les lames sont fabriqu\u00e9es \u00e0 partir d&rsquo;un seul cristal de saphir synth\u00e9tique, une pierre \u00e0 base [&hellip;]<\/p>\n","protected":false},"author":1,"featured_media":0,"parent":667,"menu_order":0,"comment_status":"closed","ping_status":"closed","template":"","meta":{"_uag_custom_page_level_css":"","footnotes":""},"class_list":["post-691","page","type-page","status-publish","hentry"],"blocksy_meta":[],"yoast_head":"<!-- This site is optimized with the Yoast SEO plugin v24.8.1 - https:\/\/yoast.com\/wordpress\/plugins\/seo\/ -->\n<title>Greffe de cheveux saphir en Turquie - Beautyhub<\/title>\n<meta name=\"robots\" content=\"index, follow, max-snippet:-1, max-image-preview:large, max-video-preview:-1\" \/>\n<link rel=\"canonical\" href=\"https:\/\/beautyhubtr.com\/fr\/hair-transplant\/sapphire-hair-transplant\/\" \/>\n<meta property=\"og:locale\" content=\"fr_FR\" \/>\n<meta property=\"og:type\" content=\"article\" \/>\n<meta property=\"og:title\" content=\"Greffe de cheveux saphir en Turquie - Beautyhub\" \/>\n<meta property=\"og:description\" content=\"La greffe de cheveux en saphir en Turquie La greffe de cheveux en saphir est une m\u00e9thode innovante de greffe de cheveux FUE, qui implique l&rsquo;utilisation de lames en saphir pour ouvrir des micro-canaux dans la zone receveuse. Toutes les lames sont fabriqu\u00e9es \u00e0 partir d&rsquo;un seul cristal de saphir synth\u00e9tique, une pierre \u00e0 base [&hellip;]\" \/>\n<meta property=\"og:url\" content=\"https:\/\/beautyhubtr.com\/fr\/hair-transplant\/sapphire-hair-transplant\/\" \/>\n<meta property=\"og:site_name\" content=\"Beautyhub\" \/>\n<meta property=\"article:modified_time\" content=\"2025-04-07T16:20:23+00:00\" \/>\n<meta property=\"og:image\" content=\"https:\/\/beautyhubtr.com\/fr\/wp-content\/uploads\/2025\/03\/Sapphire_hair_transplant-2-web-2.webp\" \/>\n\t<meta property=\"og:image:width\" content=\"768\" \/>\n\t<meta property=\"og:image:height\" content=\"432\" \/>\n\t<meta property=\"og:image:type\" content=\"image\/webp\" \/>\n<meta name=\"twitter:card\" content=\"summary_large_image\" \/>\n<meta name=\"twitter:label1\" content=\"Dur\u00e9e de lecture estim\u00e9e\" \/>\n\t<meta name=\"twitter:data1\" content=\"2 minutes\" \/>\n<script type=\"application\/ld+json\" class=\"yoast-schema-graph\">{\"@context\":\"https:\/\/schema.org\",\"@graph\":[{\"@type\":\"WebPage\",\"@id\":\"https:\/\/beautyhubtr.com\/fr\/hair-transplant\/sapphire-hair-transplant\/\",\"url\":\"https:\/\/beautyhubtr.com\/fr\/hair-transplant\/sapphire-hair-transplant\/\",\"name\":\"Greffe de cheveux saphir en Turquie - Beautyhub\",\"isPartOf\":{\"@id\":\"https:\/\/beautyhubtr.com\/fr\/#website\"},\"primaryImageOfPage\":{\"@id\":\"https:\/\/beautyhubtr.com\/fr\/hair-transplant\/sapphire-hair-transplant\/#primaryimage\"},\"image\":{\"@id\":\"https:\/\/beautyhubtr.com\/fr\/hair-transplant\/sapphire-hair-transplant\/#primaryimage\"},\"thumbnailUrl\":\"https:\/\/web.marstawi.online\/wp-content\/uploads\/2025\/03\/Sapphire_hair_transplant-2-web-2.webp\",\"datePublished\":\"2025-02-04T18:26:42+00:00\",\"dateModified\":\"2025-04-07T16:20:23+00:00\",\"breadcrumb\":{\"@id\":\"https:\/\/beautyhubtr.com\/fr\/hair-transplant\/sapphire-hair-transplant\/#breadcrumb\"},\"inLanguage\":\"fr-FR\",\"potentialAction\":[{\"@type\":\"ReadAction\",\"target\":[\"https:\/\/beautyhubtr.com\/fr\/hair-transplant\/sapphire-hair-transplant\/\"]}]},{\"@type\":\"ImageObject\",\"inLanguage\":\"fr-FR\",\"@id\":\"https:\/\/beautyhubtr.com\/fr\/hair-transplant\/sapphire-hair-transplant\/#primaryimage\",\"url\":\"https:\/\/web.marstawi.online\/wp-content\/uploads\/2025\/03\/Sapphire_hair_transplant-2-web-2.webp\",\"contentUrl\":\"https:\/\/web.marstawi.online\/wp-content\/uploads\/2025\/03\/Sapphire_hair_transplant-2-web-2.webp\"},{\"@type\":\"BreadcrumbList\",\"@id\":\"https:\/\/beautyhubtr.com\/fr\/hair-transplant\/sapphire-hair-transplant\/#breadcrumb\",\"itemListElement\":[{\"@type\":\"ListItem\",\"position\":1,\"name\":\"Home\",\"item\":\"https:\/\/beautyhubtr.com\/fr\/\"},{\"@type\":\"ListItem\",\"position\":2,\"name\":\"Greffe de cheveux en Turquie\",\"item\":\"https:\/\/beautyhubtr.com\/fr\/hair-transplant\/\"},{\"@type\":\"ListItem\",\"position\":3,\"name\":\"Greffe de cheveux saphir en Turquie\"}]},{\"@type\":\"WebSite\",\"@id\":\"https:\/\/beautyhubtr.com\/fr\/#website\",\"url\":\"https:\/\/beautyhubtr.com\/fr\/\",\"name\":\"Beautyhub\",\"description\":\"For Hair Transplant and Plastic Surgery.\",\"publisher\":{\"@id\":\"https:\/\/beautyhubtr.com\/fr\/#organization\"},\"potentialAction\":[{\"@type\":\"SearchAction\",\"target\":{\"@type\":\"EntryPoint\",\"urlTemplate\":\"https:\/\/beautyhubtr.com\/fr\/?s={search_term_string}\"},\"query-input\":{\"@type\":\"PropertyValueSpecification\",\"valueRequired\":true,\"valueName\":\"search_term_string\"}}],\"inLanguage\":\"fr-FR\"},{\"@type\":\"Organization\",\"@id\":\"https:\/\/beautyhubtr.com\/fr\/#organization\",\"name\":\"Beautyhub\",\"url\":\"https:\/\/beautyhubtr.com\/fr\/\",\"logo\":{\"@type\":\"ImageObject\",\"inLanguage\":\"fr-FR\",\"@id\":\"https:\/\/beautyhubtr.com\/fr\/#\/schema\/logo\/image\/\",\"url\":\"https:\/\/beautyhubtr.com\/fr\/wp-content\/uploads\/2025\/03\/logo-beauty-hub-main.png\",\"contentUrl\":\"https:\/\/beautyhubtr.com\/fr\/wp-content\/uploads\/2025\/03\/logo-beauty-hub-main.png\",\"width\":1600,\"height\":450,\"caption\":\"Beautyhub\"},\"image\":{\"@id\":\"https:\/\/beautyhubtr.com\/fr\/#\/schema\/logo\/image\/\"}}]}<\/script>\n<!-- \/ Yoast SEO plugin. -->","yoast_head_json":{"title":"Greffe de cheveux saphir en Turquie - Beautyhub","robots":{"index":"index","follow":"follow","max-snippet":"max-snippet:-1","max-image-preview":"max-image-preview:large","max-video-preview":"max-video-preview:-1"},"canonical":"https:\/\/beautyhubtr.com\/fr\/hair-transplant\/sapphire-hair-transplant\/","og_locale":"fr_FR","og_type":"article","og_title":"Greffe de cheveux saphir en Turquie - Beautyhub","og_description":"La greffe de cheveux en saphir en Turquie La greffe de cheveux en saphir est une m\u00e9thode innovante de greffe de cheveux FUE, qui implique l&rsquo;utilisation de lames en saphir pour ouvrir des micro-canaux dans la zone receveuse. Toutes les lames sont fabriqu\u00e9es \u00e0 partir d&rsquo;un seul cristal de saphir synth\u00e9tique, une pierre \u00e0 base [&hellip;]","og_url":"https:\/\/beautyhubtr.com\/fr\/hair-transplant\/sapphire-hair-transplant\/","og_site_name":"Beautyhub","article_modified_time":"2025-04-07T16:20:23+00:00","og_image":[{"width":768,"height":432,"url":"https:\/\/beautyhubtr.com\/fr\/wp-content\/uploads\/2025\/03\/Sapphire_hair_transplant-2-web-2.webp","type":"image\/webp"}],"twitter_card":"summary_large_image","twitter_misc":{"Dur\u00e9e de lecture estim\u00e9e":"2 minutes"},"schema":{"@context":"https:\/\/schema.org","@graph":[{"@type":"WebPage","@id":"https:\/\/beautyhubtr.com\/fr\/hair-transplant\/sapphire-hair-transplant\/","url":"https:\/\/beautyhubtr.com\/fr\/hair-transplant\/sapphire-hair-transplant\/","name":"Greffe de cheveux saphir en Turquie - Beautyhub","isPartOf":{"@id":"https:\/\/beautyhubtr.com\/fr\/#website"},"primaryImageOfPage":{"@id":"https:\/\/beautyhubtr.com\/fr\/hair-transplant\/sapphire-hair-transplant\/#primaryimage"},"image":{"@id":"https:\/\/beautyhubtr.com\/fr\/hair-transplant\/sapphire-hair-transplant\/#primaryimage"},"thumbnailUrl":"https:\/\/web.marstawi.online\/wp-content\/uploads\/2025\/03\/Sapphire_hair_transplant-2-web-2.webp","datePublished":"2025-02-04T18:26:42+00:00","dateModified":"2025-04-07T16:20:23+00:00","breadcrumb":{"@id":"https:\/\/beautyhubtr.com\/fr\/hair-transplant\/sapphire-hair-transplant\/#breadcrumb"},"inLanguage":"fr-FR","potentialAction":[{"@type":"ReadAction","target":["https:\/\/beautyhubtr.com\/fr\/hair-transplant\/sapphire-hair-transplant\/"]}]},{"@type":"ImageObject","inLanguage":"fr-FR","@id":"https:\/\/beautyhubtr.com\/fr\/hair-transplant\/sapphire-hair-transplant\/#primaryimage","url":"https:\/\/web.marstawi.online\/wp-content\/uploads\/2025\/03\/Sapphire_hair_transplant-2-web-2.webp","contentUrl":"https:\/\/web.marstawi.online\/wp-content\/uploads\/2025\/03\/Sapphire_hair_transplant-2-web-2.webp"},{"@type":"BreadcrumbList","@id":"https:\/\/beautyhubtr.com\/fr\/hair-transplant\/sapphire-hair-transplant\/#breadcrumb","itemListElement":[{"@type":"ListItem","position":1,"name":"Home","item":"https:\/\/beautyhubtr.com\/fr\/"},{"@type":"ListItem","position":2,"name":"Greffe de cheveux en Turquie","item":"https:\/\/beautyhubtr.com\/fr\/hair-transplant\/"},{"@type":"ListItem","position":3,"name":"Greffe de cheveux saphir en Turquie"}]},{"@type":"WebSite","@id":"https:\/\/beautyhubtr.com\/fr\/#website","url":"https:\/\/beautyhubtr.com\/fr\/","name":"Beautyhub","description":"For Hair Transplant and Plastic Surgery.","publisher":{"@id":"https:\/\/beautyhubtr.com\/fr\/#organization"},"potentialAction":[{"@type":"SearchAction","target":{"@type":"EntryPoint","urlTemplate":"https:\/\/beautyhubtr.com\/fr\/?s={search_term_string}"},"query-input":{"@type":"PropertyValueSpecification","valueRequired":true,"valueName":"search_term_string"}}],"inLanguage":"fr-FR"},{"@type":"Organization","@id":"https:\/\/beautyhubtr.com\/fr\/#organization","name":"Beautyhub","url":"https:\/\/beautyhubtr.com\/fr\/","logo":{"@type":"ImageObject","inLanguage":"fr-FR","@id":"https:\/\/beautyhubtr.com\/fr\/#\/schema\/logo\/image\/","url":"https:\/\/beautyhubtr.com\/fr\/wp-content\/uploads\/2025\/03\/logo-beauty-hub-main.png","contentUrl":"https:\/\/beautyhubtr.com\/fr\/wp-content\/uploads\/2025\/03\/logo-beauty-hub-main.png","width":1600,"height":450,"caption":"Beautyhub"},"image":{"@id":"https:\/\/beautyhubtr.com\/fr\/#\/schema\/logo\/image\/"}}]}},"uagb_featured_image_src":{"full":false,"thumbnail":false,"medium":false,"medium_large":false,"large":false,"1536x1536":false,"2048x2048":false},"uagb_author_info":{"display_name":"BeautyHUB","author_link":"https:\/\/beautyhubtr.com\/fr\/author\/marstavi\/"},"uagb_comment_info":0,"uagb_excerpt":"La greffe de cheveux en saphir en Turquie La greffe de cheveux en saphir est une m\u00e9thode innovante de greffe de cheveux FUE, qui implique l&rsquo;utilisation de lames en saphir pour ouvrir des micro-canaux dans la zone receveuse. Toutes les lames sont fabriqu\u00e9es \u00e0 partir d&rsquo;un seul cristal de saphir synth\u00e9tique, une pierre \u00e0 base\u2026","_links":{"self":[{"href":"https:\/\/beautyhubtr.com\/fr\/wp-json\/wp\/v2\/pages\/691","targetHints":{"allow":["GET"]}}],"collection":[{"href":"https:\/\/beautyhubtr.com\/fr\/wp-json\/wp\/v2\/pages"}],"about":[{"href":"https:\/\/beautyhubtr.com\/fr\/wp-json\/wp\/v2\/types\/page"}],"author":[{"embeddable":true,"href":"https:\/\/beautyhubtr.com\/fr\/wp-json\/wp\/v2\/users\/1"}],"replies":[{"embeddable":true,"href":"https:\/\/beautyhubtr.com\/fr\/wp-json\/wp\/v2\/comments?post=691"}],"version-history":[{"count":7,"href":"https:\/\/beautyhubtr.com\/fr\/wp-json\/wp\/v2\/pages\/691\/revisions"}],"predecessor-version":[{"id":1476,"href":"https:\/\/beautyhubtr.com\/fr\/wp-json\/wp\/v2\/pages\/691\/revisions\/1476"}],"up":[{"embeddable":true,"href":"https:\/\/beautyhubtr.com\/fr\/wp-json\/wp\/v2\/pages\/667"}],"wp:attachment":[{"href":"https:\/\/beautyhubtr.com\/fr\/wp-json\/wp\/v2\/media?parent=691"}],"curies":[{"name":"wp","href":"https:\/\/api.w.org\/{rel}","templated":true}]}}