{"id":689,"date":"2025-02-04T18:25:49","date_gmt":"2025-02-04T18:25:49","guid":{"rendered":"https:\/\/web.marstawi.online\/?page_id=689"},"modified":"2025-04-06T19:08:23","modified_gmt":"2025-04-06T16:08:23","slug":"zirconium-crowns","status":"publish","type":"page","link":"https:\/\/beautyhubtr.com\/fr\/hollywood-smile\/zirconium-crowns\/","title":{"rendered":"Les couronnes en zircone en Turquie"},"content":{"rendered":"\n<figure class=\"wp-block-image size-full\"><img loading=\"lazy\" decoding=\"async\" width=\"800\" height=\"591\" src=\"https:\/\/web.marstawi.online\/wp-content\/uploads\/2025\/03\/Zirconium_Crowns-2web-22.webp\" alt=\"\" class=\"wp-image-875\" srcset=\"https:\/\/beautyhubtr.com\/fr\/wp-content\/uploads\/2025\/03\/Zirconium_Crowns-2web-22.webp 800w, https:\/\/beautyhubtr.com\/fr\/wp-content\/uploads\/2025\/03\/Zirconium_Crowns-2web-22-300x222.webp 300w, https:\/\/beautyhubtr.com\/fr\/wp-content\/uploads\/2025\/03\/Zirconium_Crowns-2web-22-768x567.webp 768w\" sizes=\"auto, (max-width: 800px) 100vw, 800px\" \/><\/figure>\n\n\n\n<p>Une couronne est un capuchon qui recouvre enti\u00e8rement une dent ou un implant dentaire. Elle est souvent recommand\u00e9e par les dentistes pour r\u00e9parer une dent cass\u00e9e, faible ou malform\u00e9e, ainsi que pour cacher les dents tr\u00e8s us\u00e9es ou d\u00e9color\u00e9es. Elles sont \u00e9galement utilis\u00e9es avec des bridges pour renforcer plusieurs dents.<\/p>\n\n\n\n<p>Divers mat\u00e9riaux peuvent \u00eatre utilis\u00e9s pour les couronnes, tels que la c\u00e9ramique, les m\u00e9taux, etc. L&rsquo;une des options contemporaines disponibles sur le march\u00e9 est une couronne en zircone, fabriqu\u00e9e \u00e0 partir de dioxyde de zirconium, une substance c\u00e9ramique solide.<\/p>\n\n\n\n<h2 class=\"wp-block-heading\"><strong>Caract\u00e9ristiques des couronnes en zircone :<\/strong><\/h2>\n\n\n\n<h3 class=\"wp-block-heading\"><strong>R\u00e9sistance:<\/strong><\/h3>\n\n\n\n<p>Les couronnes en zircone sont extr\u00eamement solides et peuvent \u00eatre utilis\u00e9es pour les molaires car elles supportent beaucoup de force de mastication. En raison de leur r\u00e9sistance, le dentiste n&rsquo;a pas \u00e0 pr\u00e9parer beaucoup de la dent.<\/p>\n\n\n\n<h3 class=\"wp-block-heading\">Long\u00e9vit\u00e9 :<\/h3>\n\n\n\n<p>Une \u00e9tude de 2017 publi\u00e9e dans le&nbsp;<em>Journal of Dentistry<\/em>&nbsp;a montr\u00e9 que les couronnes \u00e0 base de zircone se comportent de mani\u00e8re similaire aux couronnes \u00e0 base de m\u00e9tal sur une p\u00e9riode de cinq ans. Les couronnes en zircone monolithique sont particuli\u00e8rement solides.<\/p>\n\n\n\n<h3 class=\"wp-block-heading\"><strong>Biocompatibilit\u00e9<\/strong>:<\/h3>\n\n\n\n<p>Les couronnes en zircone ont tendance \u00e0 provoquer moins de r\u00e9actions immunitaires ou d&rsquo;inflammation. Une \u00e9tude in vitro de 2016 indique en outre qu&rsquo;elles ont une cytotoxicit\u00e9 minimale.<\/p>\n\n\n\n<h3 class=\"wp-block-heading\"><strong>Proc\u00e9dure en une journ\u00e9e<\/strong>&nbsp;:<\/h3>\n\n\n\n<p>De nombreux dentistes peuvent fabriquer des couronnes en zircone dans leur cabinet \u00e0 l&rsquo;aide de la technologie CAO\/FAO. Ils ont la capacit\u00e9 de fabriquer et de fixer des couronnes en une seule visite, ce qui leur fait gagner du temps et au patient avec des visites multiples. Cependant, tous les cabinets dentaires ne sont pas \u00e9quip\u00e9s de cette technologie.<\/p>\n\n\n\n<h3 class=\"wp-block-heading\"><strong>Couronnes en zircone avec porcelaine:<\/strong><\/h3>\n\n\n\n<p>L&rsquo;oxyde de zirconium est opaque. L&rsquo;\u00e9l\u00e9ment principal est qu&rsquo;il se m\u00e9lange avec les dents naturelles. Certains dentistes ajoutent une couche de porcelaine sur la zircone. En cons\u00e9quence, elle a l&rsquo;air plus naturelle car elle se m\u00e9lange avec les dents environnantes. Cependant, la couche de porcelaine peut rendre la couronne plus sujette \u00e0 l&rsquo;\u00e9caillage ou \u00e0 la fissuration.<\/p>\n\n\n\n<h3 class=\"wp-block-heading\"><strong>Autres types de couronnes:<\/strong><\/h3>\n\n\n\n<p>D&rsquo;autres mat\u00e9riaux couramment utilis\u00e9s pour les couronnes sont la c\u00e9ramique, la porcelaine, le m\u00e9tal, la r\u00e9sine composite et diverses combinaisons comme la porcelaine fritt\u00e9e sur m\u00e9tal (PFM). Le mat\u00e9rial le plus appropri\u00e9 pour votre couronne d\u00e9pend de plusieurs facteurs comme la quantit\u00e9 de dent naturelle restante, la position et la fonction de la dent, la visibilit\u00e9 de la gencive lors du sourire ou de la parole, et la couleur des dents environnantes.<\/p>\n\n\n\n<h2 class=\"wp-block-heading\"><strong>La proc\u00e9dure:<\/strong><\/h2>\n\n\n\n<p>Il existe deux principales proc\u00e9dures pour poser des couronnes : une proc\u00e9dure en deux visites et une proc\u00e9dure en une seule journ\u00e9e.<\/p>\n\n\n\n<ol class=\"wp-block-list\">\n<li><strong>Proc\u00e9dure en deux visites<\/strong>\u00a0:<\/li>\n<\/ol>\n\n\n\n<ul class=\"wp-block-list\">\n<li>Prendre une radiographie de la bouche et pr\u00e9parer les dents, \u00e9ventuellement sous anesth\u00e9sie locale.<\/li>\n\n\n\n<li>Retirer une partie de la couche externe de la dent si n\u00e9cessaire.<\/li>\n\n\n\n<li>Faire un moule des dents.<\/li>\n\n\n\n<li>Placer une couronne temporaire sur la dent.<\/li>\n\n\n\n<li>Cr\u00e9er la couronne \u00e0 partir du moule dans un laboratoire dentaire.<\/li>\n\n\n\n<li>Revenir pour une deuxi\u00e8me visite afin de cimenter la couronne permanente sur la dent.<\/li>\n<\/ul>\n\n\n\n<ol start=\"2\" class=\"wp-block-list\">\n<li><strong>Proc\u00e9dure en une seule journ\u00e9e:<\/strong><\/li>\n<\/ol>\n\n\n\n<ul class=\"wp-block-list\">\n<li>Examiner la bouche et prendre des photographies num\u00e9riques, pr\u00e9parer les dents sous anesth\u00e9sie locale.<\/li>\n\n\n\n<li>La couronne est cr\u00e9\u00e9e dans le cabinet \u00e0 l&rsquo;aide d&rsquo;un scan num\u00e9rique.<\/li>\n\n\n\n<li>Cimenter la couronne en place.<\/li>\n\n\n\n<li>Cela permet d&rsquo;effectuer toute la proc\u00e9dure en une seule visite si le dentiste est comp\u00e9tent et dispose de l&rsquo;\u00e9quipement n\u00e9cessaire pour fabriquer des couronnes en zircone dans son cabinet.<\/li>\n<\/ul>\n\n\n\n<p><\/p>\n\n\n\n<div class=\"wp-block-stackable-columns stk-block-columns stk-block stk-b68a3f2\" data-block-id=\"b68a3f2\"><style>.stk-b68a3f2 {margin-bottom:0px !important;}.stk-b68a3f2-column{--stk-columns-spacing:0px !important;}<\/style><div class=\"stk-row stk-inner-blocks stk-block-content stk-content-align stk-b68a3f2-column\">\n<div class=\"wp-block-stackable-column stk-block-column stk-column stk-block stk-d353c8b\" data-v=\"4\" data-block-id=\"d353c8b\"><style>.stk-d353c8b-container{margin-top:0px !important;margin-right:0px !important;margin-bottom:0px !important;margin-left:0px !important;}<\/style><div class=\"stk-column-wrapper stk-block-column__content stk-container stk-d353c8b-container stk--no-background stk--no-padding\"><div class=\"stk-block-content stk-inner-blocks stk-d353c8b-inner-blocks\">\n<h3 class=\"wp-block-heading has-text-align-center\">Nous fournissons le plus haut niveau de satisfaction des services de soins \u00e0 nos patients.<\/h3>\n\n\n\n<h3 class=\"wp-block-heading has-text-align-center\">+90 551 888 20 80<a href=\"tel:+905518882080\"><\/a><\/h3>\n\n\n\n<div class=\"wp-block-uagb-buttons uagb-buttons__outer-wrap uagb-btn__default-btn uagb-btn-tablet__default-btn uagb-btn-mobile__default-btn uagb-block-0185e4b2\"><div class=\"uagb-buttons__wrap uagb-buttons-layout-wrap \">\n<div class=\"wp-block-uagb-buttons-child uagb-buttons__outer-wrap uagb-block-89548b30 wp-block-button\"><div class=\"uagb-button__wrapper\"><a class=\"uagb-buttons-repeater wp-block-button__link\" aria-label=\"\" href=\"https:\/\/beautyhubtr.com\/fr\/consultation\/\" rel=\"follow noopener\" target=\"_self\" role=\"button\"><div class=\"uagb-button__link\">Demander un rendez-vous<\/div><\/a><\/div><\/div>\n<\/div><\/div>\n<\/div><\/div><\/div>\n<\/div><\/div>\n\n\n\n<p><\/p>\n","protected":false},"excerpt":{"rendered":"<p>Une couronne est un capuchon qui recouvre enti\u00e8rement une dent ou un implant dentaire. Elle est souvent recommand\u00e9e par les dentistes pour r\u00e9parer une dent cass\u00e9e, faible ou malform\u00e9e, ainsi que pour cacher les dents tr\u00e8s us\u00e9es ou d\u00e9color\u00e9es. Elles sont \u00e9galement utilis\u00e9es avec des bridges pour renforcer plusieurs dents. Divers mat\u00e9riaux peuvent \u00eatre utilis\u00e9s [&hellip;]<\/p>\n","protected":false},"author":1,"featured_media":0,"parent":665,"menu_order":0,"comment_status":"closed","ping_status":"closed","template":"","meta":{"_uag_custom_page_level_css":"","footnotes":""},"class_list":["post-689","page","type-page","status-publish","hentry"],"blocksy_meta":[],"yoast_head":"<!-- This site is optimized with the Yoast SEO plugin v24.8.1 - https:\/\/yoast.com\/wordpress\/plugins\/seo\/ -->\n<title>Les couronnes en zircone en Turquie - Beautyhub<\/title>\n<meta name=\"robots\" content=\"index, follow, max-snippet:-1, max-image-preview:large, max-video-preview:-1\" \/>\n<link rel=\"canonical\" href=\"https:\/\/beautyhubtr.com\/fr\/hollywood-smile\/zirconium-crowns\/\" \/>\n<meta property=\"og:locale\" content=\"fr_FR\" \/>\n<meta property=\"og:type\" content=\"article\" \/>\n<meta property=\"og:title\" content=\"Les couronnes en zircone en Turquie - Beautyhub\" \/>\n<meta property=\"og:description\" content=\"Une couronne est un capuchon qui recouvre enti\u00e8rement une dent ou un implant dentaire. Elle est souvent recommand\u00e9e par les dentistes pour r\u00e9parer une dent cass\u00e9e, faible ou malform\u00e9e, ainsi que pour cacher les dents tr\u00e8s us\u00e9es ou d\u00e9color\u00e9es. Elles sont \u00e9galement utilis\u00e9es avec des bridges pour renforcer plusieurs dents. Divers mat\u00e9riaux peuvent \u00eatre utilis\u00e9s [&hellip;]\" \/>\n<meta property=\"og:url\" content=\"https:\/\/beautyhubtr.com\/fr\/hollywood-smile\/zirconium-crowns\/\" \/>\n<meta property=\"og:site_name\" content=\"Beautyhub\" \/>\n<meta property=\"article:modified_time\" content=\"2025-04-06T16:08:23+00:00\" \/>\n<meta property=\"og:image\" content=\"https:\/\/beautyhubtr.com\/fr\/wp-content\/uploads\/2025\/03\/Zirconium_Crowns-2web-22.webp\" \/>\n\t<meta property=\"og:image:width\" content=\"800\" \/>\n\t<meta property=\"og:image:height\" content=\"591\" \/>\n\t<meta property=\"og:image:type\" content=\"image\/webp\" \/>\n<meta name=\"twitter:card\" content=\"summary_large_image\" \/>\n<meta name=\"twitter:label1\" content=\"Dur\u00e9e de lecture estim\u00e9e\" \/>\n\t<meta name=\"twitter:data1\" content=\"4 minutes\" \/>\n<script type=\"application\/ld+json\" class=\"yoast-schema-graph\">{\"@context\":\"https:\/\/schema.org\",\"@graph\":[{\"@type\":\"WebPage\",\"@id\":\"https:\/\/beautyhubtr.com\/fr\/hollywood-smile\/zirconium-crowns\/\",\"url\":\"https:\/\/beautyhubtr.com\/fr\/hollywood-smile\/zirconium-crowns\/\",\"name\":\"Les couronnes en zircone en Turquie - Beautyhub\",\"isPartOf\":{\"@id\":\"https:\/\/beautyhubtr.com\/fr\/#website\"},\"primaryImageOfPage\":{\"@id\":\"https:\/\/beautyhubtr.com\/fr\/hollywood-smile\/zirconium-crowns\/#primaryimage\"},\"image\":{\"@id\":\"https:\/\/beautyhubtr.com\/fr\/hollywood-smile\/zirconium-crowns\/#primaryimage\"},\"thumbnailUrl\":\"https:\/\/web.marstawi.online\/wp-content\/uploads\/2025\/03\/Zirconium_Crowns-2web-22.webp\",\"datePublished\":\"2025-02-04T18:25:49+00:00\",\"dateModified\":\"2025-04-06T16:08:23+00:00\",\"breadcrumb\":{\"@id\":\"https:\/\/beautyhubtr.com\/fr\/hollywood-smile\/zirconium-crowns\/#breadcrumb\"},\"inLanguage\":\"fr-FR\",\"potentialAction\":[{\"@type\":\"ReadAction\",\"target\":[\"https:\/\/beautyhubtr.com\/fr\/hollywood-smile\/zirconium-crowns\/\"]}]},{\"@type\":\"ImageObject\",\"inLanguage\":\"fr-FR\",\"@id\":\"https:\/\/beautyhubtr.com\/fr\/hollywood-smile\/zirconium-crowns\/#primaryimage\",\"url\":\"https:\/\/web.marstawi.online\/wp-content\/uploads\/2025\/03\/Zirconium_Crowns-2web-22.webp\",\"contentUrl\":\"https:\/\/web.marstawi.online\/wp-content\/uploads\/2025\/03\/Zirconium_Crowns-2web-22.webp\"},{\"@type\":\"BreadcrumbList\",\"@id\":\"https:\/\/beautyhubtr.com\/fr\/hollywood-smile\/zirconium-crowns\/#breadcrumb\",\"itemListElement\":[{\"@type\":\"ListItem\",\"position\":1,\"name\":\"Home\",\"item\":\"https:\/\/beautyhubtr.com\/fr\/\"},{\"@type\":\"ListItem\",\"position\":2,\"name\":\"Hollywood Smile en Turquie\",\"item\":\"https:\/\/beautyhubtr.com\/fr\/hollywood-smile\/\"},{\"@type\":\"ListItem\",\"position\":3,\"name\":\"Les couronnes en zircone en Turquie\"}]},{\"@type\":\"WebSite\",\"@id\":\"https:\/\/beautyhubtr.com\/fr\/#website\",\"url\":\"https:\/\/beautyhubtr.com\/fr\/\",\"name\":\"Beautyhub\",\"description\":\"For Hair Transplant and Plastic Surgery.\",\"publisher\":{\"@id\":\"https:\/\/beautyhubtr.com\/fr\/#organization\"},\"potentialAction\":[{\"@type\":\"SearchAction\",\"target\":{\"@type\":\"EntryPoint\",\"urlTemplate\":\"https:\/\/beautyhubtr.com\/fr\/?s={search_term_string}\"},\"query-input\":{\"@type\":\"PropertyValueSpecification\",\"valueRequired\":true,\"valueName\":\"search_term_string\"}}],\"inLanguage\":\"fr-FR\"},{\"@type\":\"Organization\",\"@id\":\"https:\/\/beautyhubtr.com\/fr\/#organization\",\"name\":\"Beautyhub\",\"url\":\"https:\/\/beautyhubtr.com\/fr\/\",\"logo\":{\"@type\":\"ImageObject\",\"inLanguage\":\"fr-FR\",\"@id\":\"https:\/\/beautyhubtr.com\/fr\/#\/schema\/logo\/image\/\",\"url\":\"https:\/\/beautyhubtr.com\/fr\/wp-content\/uploads\/2025\/03\/logo-beauty-hub-main.png\",\"contentUrl\":\"https:\/\/beautyhubtr.com\/fr\/wp-content\/uploads\/2025\/03\/logo-beauty-hub-main.png\",\"width\":1600,\"height\":450,\"caption\":\"Beautyhub\"},\"image\":{\"@id\":\"https:\/\/beautyhubtr.com\/fr\/#\/schema\/logo\/image\/\"}}]}<\/script>\n<!-- \/ Yoast SEO plugin. -->","yoast_head_json":{"title":"Les couronnes en zircone en Turquie - Beautyhub","robots":{"index":"index","follow":"follow","max-snippet":"max-snippet:-1","max-image-preview":"max-image-preview:large","max-video-preview":"max-video-preview:-1"},"canonical":"https:\/\/beautyhubtr.com\/fr\/hollywood-smile\/zirconium-crowns\/","og_locale":"fr_FR","og_type":"article","og_title":"Les couronnes en zircone en Turquie - Beautyhub","og_description":"Une couronne est un capuchon qui recouvre enti\u00e8rement une dent ou un implant dentaire. Elle est souvent recommand\u00e9e par les dentistes pour r\u00e9parer une dent cass\u00e9e, faible ou malform\u00e9e, ainsi que pour cacher les dents tr\u00e8s us\u00e9es ou d\u00e9color\u00e9es. Elles sont \u00e9galement utilis\u00e9es avec des bridges pour renforcer plusieurs dents. Divers mat\u00e9riaux peuvent \u00eatre utilis\u00e9s [&hellip;]","og_url":"https:\/\/beautyhubtr.com\/fr\/hollywood-smile\/zirconium-crowns\/","og_site_name":"Beautyhub","article_modified_time":"2025-04-06T16:08:23+00:00","og_image":[{"width":800,"height":591,"url":"https:\/\/beautyhubtr.com\/fr\/wp-content\/uploads\/2025\/03\/Zirconium_Crowns-2web-22.webp","type":"image\/webp"}],"twitter_card":"summary_large_image","twitter_misc":{"Dur\u00e9e de lecture estim\u00e9e":"4 minutes"},"schema":{"@context":"https:\/\/schema.org","@graph":[{"@type":"WebPage","@id":"https:\/\/beautyhubtr.com\/fr\/hollywood-smile\/zirconium-crowns\/","url":"https:\/\/beautyhubtr.com\/fr\/hollywood-smile\/zirconium-crowns\/","name":"Les couronnes en zircone en Turquie - Beautyhub","isPartOf":{"@id":"https:\/\/beautyhubtr.com\/fr\/#website"},"primaryImageOfPage":{"@id":"https:\/\/beautyhubtr.com\/fr\/hollywood-smile\/zirconium-crowns\/#primaryimage"},"image":{"@id":"https:\/\/beautyhubtr.com\/fr\/hollywood-smile\/zirconium-crowns\/#primaryimage"},"thumbnailUrl":"https:\/\/web.marstawi.online\/wp-content\/uploads\/2025\/03\/Zirconium_Crowns-2web-22.webp","datePublished":"2025-02-04T18:25:49+00:00","dateModified":"2025-04-06T16:08:23+00:00","breadcrumb":{"@id":"https:\/\/beautyhubtr.com\/fr\/hollywood-smile\/zirconium-crowns\/#breadcrumb"},"inLanguage":"fr-FR","potentialAction":[{"@type":"ReadAction","target":["https:\/\/beautyhubtr.com\/fr\/hollywood-smile\/zirconium-crowns\/"]}]},{"@type":"ImageObject","inLanguage":"fr-FR","@id":"https:\/\/beautyhubtr.com\/fr\/hollywood-smile\/zirconium-crowns\/#primaryimage","url":"https:\/\/web.marstawi.online\/wp-content\/uploads\/2025\/03\/Zirconium_Crowns-2web-22.webp","contentUrl":"https:\/\/web.marstawi.online\/wp-content\/uploads\/2025\/03\/Zirconium_Crowns-2web-22.webp"},{"@type":"BreadcrumbList","@id":"https:\/\/beautyhubtr.com\/fr\/hollywood-smile\/zirconium-crowns\/#breadcrumb","itemListElement":[{"@type":"ListItem","position":1,"name":"Home","item":"https:\/\/beautyhubtr.com\/fr\/"},{"@type":"ListItem","position":2,"name":"Hollywood Smile en Turquie","item":"https:\/\/beautyhubtr.com\/fr\/hollywood-smile\/"},{"@type":"ListItem","position":3,"name":"Les couronnes en zircone en Turquie"}]},{"@type":"WebSite","@id":"https:\/\/beautyhubtr.com\/fr\/#website","url":"https:\/\/beautyhubtr.com\/fr\/","name":"Beautyhub","description":"For Hair Transplant and Plastic Surgery.","publisher":{"@id":"https:\/\/beautyhubtr.com\/fr\/#organization"},"potentialAction":[{"@type":"SearchAction","target":{"@type":"EntryPoint","urlTemplate":"https:\/\/beautyhubtr.com\/fr\/?s={search_term_string}"},"query-input":{"@type":"PropertyValueSpecification","valueRequired":true,"valueName":"search_term_string"}}],"inLanguage":"fr-FR"},{"@type":"Organization","@id":"https:\/\/beautyhubtr.com\/fr\/#organization","name":"Beautyhub","url":"https:\/\/beautyhubtr.com\/fr\/","logo":{"@type":"ImageObject","inLanguage":"fr-FR","@id":"https:\/\/beautyhubtr.com\/fr\/#\/schema\/logo\/image\/","url":"https:\/\/beautyhubtr.com\/fr\/wp-content\/uploads\/2025\/03\/logo-beauty-hub-main.png","contentUrl":"https:\/\/beautyhubtr.com\/fr\/wp-content\/uploads\/2025\/03\/logo-beauty-hub-main.png","width":1600,"height":450,"caption":"Beautyhub"},"image":{"@id":"https:\/\/beautyhubtr.com\/fr\/#\/schema\/logo\/image\/"}}]}},"uagb_featured_image_src":{"full":false,"thumbnail":false,"medium":false,"medium_large":false,"large":false,"1536x1536":false,"2048x2048":false},"uagb_author_info":{"display_name":"BeautyHUB","author_link":"https:\/\/beautyhubtr.com\/fr\/author\/marstavi\/"},"uagb_comment_info":0,"uagb_excerpt":"Une couronne est un capuchon qui recouvre enti\u00e8rement une dent ou un implant dentaire. Elle est souvent recommand\u00e9e par les dentistes pour r\u00e9parer une dent cass\u00e9e, faible ou malform\u00e9e, ainsi que pour cacher les dents tr\u00e8s us\u00e9es ou d\u00e9color\u00e9es. Elles sont \u00e9galement utilis\u00e9es avec des bridges pour renforcer plusieurs dents. Divers mat\u00e9riaux peuvent \u00eatre utilis\u00e9s\u2026","_links":{"self":[{"href":"https:\/\/beautyhubtr.com\/fr\/wp-json\/wp\/v2\/pages\/689","targetHints":{"allow":["GET"]}}],"collection":[{"href":"https:\/\/beautyhubtr.com\/fr\/wp-json\/wp\/v2\/pages"}],"about":[{"href":"https:\/\/beautyhubtr.com\/fr\/wp-json\/wp\/v2\/types\/page"}],"author":[{"embeddable":true,"href":"https:\/\/beautyhubtr.com\/fr\/wp-json\/wp\/v2\/users\/1"}],"replies":[{"embeddable":true,"href":"https:\/\/beautyhubtr.com\/fr\/wp-json\/wp\/v2\/comments?post=689"}],"version-history":[{"count":6,"href":"https:\/\/beautyhubtr.com\/fr\/wp-json\/wp\/v2\/pages\/689\/revisions"}],"predecessor-version":[{"id":1475,"href":"https:\/\/beautyhubtr.com\/fr\/wp-json\/wp\/v2\/pages\/689\/revisions\/1475"}],"up":[{"embeddable":true,"href":"https:\/\/beautyhubtr.com\/fr\/wp-json\/wp\/v2\/pages\/665"}],"wp:attachment":[{"href":"https:\/\/beautyhubtr.com\/fr\/wp-json\/wp\/v2\/media?parent=689"}],"curies":[{"name":"wp","href":"https:\/\/api.w.org\/{rel}","templated":true}]}}