{"id":687,"date":"2025-02-04T18:25:28","date_gmt":"2025-02-04T18:25:28","guid":{"rendered":"https:\/\/web.marstawi.online\/?page_id=687"},"modified":"2025-04-06T19:05:36","modified_gmt":"2025-04-06T16:05:36","slug":"e-max-crowns","status":"publish","type":"page","link":"https:\/\/beautyhubtr.com\/fr\/hollywood-smile\/e-max-crowns\/","title":{"rendered":"Couronne E-max en Turquie"},"content":{"rendered":"\n<figure class=\"wp-block-image size-full\"><img loading=\"lazy\" decoding=\"async\" width=\"800\" height=\"533\" src=\"https:\/\/web.marstawi.online\/wp-content\/uploads\/2025\/03\/E-max_Crowns-web-232-1.webp\" alt=\"\" class=\"wp-image-873\" srcset=\"https:\/\/beautyhubtr.com\/fr\/wp-content\/uploads\/2025\/03\/E-max_Crowns-web-232-1.webp 800w, https:\/\/beautyhubtr.com\/fr\/wp-content\/uploads\/2025\/03\/E-max_Crowns-web-232-1-300x200.webp 300w, https:\/\/beautyhubtr.com\/fr\/wp-content\/uploads\/2025\/03\/E-max_Crowns-web-232-1-768x512.webp 768w\" sizes=\"auto, (max-width: 800px) 100vw, 800px\" \/><\/figure>\n\n\n\n<h2 class=\"wp-block-heading\"><strong>Qu&rsquo;est-ce qu&rsquo;une couronne E-max ?<\/strong><\/h2>\n\n\n\n<p>&nbsp;Une couronne E-max est une restauration dentaire fabriqu\u00e9e \u00e0 partir d&rsquo;un seul bloc de disilicate de lithium, un mat\u00e9rial&nbsp;tout c\u00e9ramique solide et esth\u00e9tiquement plaisant. Elles sont principalement utilis\u00e9es pour la restauration des dents ant\u00e9rieures.<\/p>\n\n\n\n<h2 class=\"wp-block-heading\"><strong>Le syst\u00e8me E-max<\/strong><\/h2>\n\n\n\n<p>Le syst\u00e8me E-max utilise du verre de disilicate de lithium, qui comprend du quartz, du dioxyde de lithium, de l&rsquo;oxyde de phosphore, de l&rsquo;oxyde d&rsquo;aluminium, de l&rsquo;oxyde de potassium et des \u00e9l\u00e9ments traces. Les couronnes sont produites \u00e0 partir d&rsquo;un seul bloc de c\u00e9ramique ; ainsi, elles poss\u00e8dent une grande force et durabilit\u00e9. Elles peuvent \u00eatre fabriqu\u00e9es en utilisant la technologie de CAO\/FAO en une seule visite dentaire.<\/p>\n\n\n\n<h2 class=\"wp-block-heading\"><strong>Popularit\u00e9 et utilisations<\/strong><\/h2>\n\n\n\n<p>Les couronnes E-max sont devenues tr\u00e8s populaires dans la dentisterie esth\u00e9tique car elles offrent d&rsquo;excellentes propri\u00e9t\u00e9s esth\u00e9tiques, une grande force et durabilit\u00e9. Elles sont utilis\u00e9es dans les couronnes ant\u00e9rieures, les facettes et les bridges de courte port\u00e9e pour la restauration des dents ant\u00e9rieures.<\/p>\n\n\n\n<h2 class=\"wp-block-heading\"><strong>Avantages des couronnes E-max<\/strong><\/h2>\n\n\n\n<h3 class=\"wp-block-heading\"><strong>Meilleure adaptation et apparence:<\/strong><\/h3>\n\n\n\n<p>Les couronnes E-max sont plus translucides ; ainsi, elles se rapprochent plus d&rsquo;une dent naturelle en apparence ; par cons\u00e9quent, elles sont parfaites dans la restauration des dents ant\u00e9rieures. Elles sont plus transparentes que les couronnes en zircone.<\/p>\n\n\n\n<h3 class=\"wp-block-heading\"><strong>Proth\u00e8ses enti\u00e8rement c\u00e9ramiques<\/strong>&nbsp;:<\/h3>\n\n\n\n<p>Les proth\u00e8ses E-max ne contiennent pas d&rsquo;alliages m\u00e9talliques ; ainsi, elles \u00e9liminent la ligne grise inesth\u00e9tique souvent laiss\u00e9e au niveau de la gencive par les couronnes \u00e0 base de m\u00e9tal.<\/p>\n\n\n\n<h3 class=\"wp-block-heading\"><strong>Robustesse:<\/strong><\/h3>\n\n\n\n<p>Les couronnes E-max sont fabriqu\u00e9es \u00e0 partir de disilicate de lithium, ce qui les rend hautement r\u00e9sistantes aux fissures et aux cassures, avec moins de fragments que les couronnes en zircone.<\/p>\n\n\n\n<h3 class=\"wp-block-heading\"><strong>Production rapide<\/strong>&nbsp;:<\/h3>\n\n\n\n<p>Les couronnes E-max peuvent \u00eatre produites rapidement en utilisant la fraiseuse CAO\/FAO \u00e0 partir de blocs monolithiques de haute qualit\u00e9. Le dentiste pr\u00e9pare la dent, prend une empreinte num\u00e9rique, et la couronne est pr\u00eate \u00e0 \u00eatre ciment\u00e9e en une seule s\u00e9ance.<\/p>\n\n\n\n<h3 class=\"wp-block-heading\"><strong>Pr\u00e9servation de la structure dentaire<\/strong>&nbsp;:<\/h3>\n\n\n\n<p>La force des couronnes E-max permet de les r\u00e9aliser avec des sections fines n\u00e9cessitant un retrait minimal de la structure dentaire naturelle, ce qui est b\u00e9n\u00e9fique pour la sant\u00e9 buccale.<\/p>\n\n\n\n<h3 class=\"wp-block-heading\"><strong>Nombreuses options de restauration :<\/strong><\/h3>\n\n\n\n<p>Le syst\u00e8me E-max peut \u00eatre utilis\u00e9 non seulement dans les couronnes mais aussi dans les facettes, les inlays, les onlays, les incrustations et les bridges de courte port\u00e9e pour les dents ant\u00e9rieures.<\/p>\n\n\n\n<h2 class=\"wp-block-heading\"><strong>Qui est un bon candidat pour une couronne E-max ?<\/strong><\/h2>\n\n\n\n<p>Les couronnes E-max sont une excellente solution esth\u00e9tique pour :<\/p>\n\n\n\n<ul class=\"wp-block-list\">\n<li>Les dents croches : Restaure la structure et la forme ; plus pour les dents ant\u00e9rieures<\/li>\n\n\n\n<li>Les dents trait\u00e9es par endodontie : Fournit force et beaut\u00e9 aux dents fragiles<\/li>\n\n\n\n<li>Les dents cass\u00e9es : Restaure les dents cass\u00e9es par la carie ou un traumatisme<\/li>\n<\/ul>\n\n\n\n<h2 class=\"wp-block-heading\"><strong>Pr\u00e9paration des couronnes E-max<\/strong><\/h2>\n\n\n\n<p>Les couronnes E-max peuvent \u00eatre fabriqu\u00e9es dans un laboratoire dentaire ou directement dans la clinique. Pour les couronnes r\u00e9alis\u00e9es en une journ\u00e9e :<\/p>\n\n\n\n<ul class=\"wp-block-list\">\n<li>Le dentiste retire une fine couche de la dent.<\/li>\n\n\n\n<li>Des empreintes num\u00e9riques sont prises via une cam\u00e9ra intra-orale.<\/li>\n\n\n\n<li>L&#8217;empreinte est trait\u00e9e par ordinateur pour la fraiseuse.<\/li>\n\n\n\n<li>Une fraiseuse fa\u00e7onne la couronne \u00e0 partir d&rsquo;un bloc de disilicate de lithium.<\/li>\n\n\n\n<li>Le dentiste ajuste et colle la couronne sur la dent. Cela peut g\u00e9n\u00e9ralement se faire en 1 \u00e0 2 heures.<\/li>\n<\/ul>\n\n\n\n<h2 class=\"wp-block-heading\"><strong>Questions fr\u00e9quemment pos\u00e9es<\/strong><\/h2>\n\n\n\n<p>Les couronnes E-max sont-elles bonnes ? Oui, les couronnes E-max sont durables, ont un aspect naturel et n\u00e9cessitent un retrait minimal de la dent. Consultez votre dentiste pour d\u00e9terminer si elles conviennent \u00e0 vos besoins dentaires.<\/p>\n\n\n\n<p>Combien de temps durent les couronnes E-max ? Avec des soins appropri\u00e9s, les couronnes E-max peuvent durer significativement plus longtemps que la moyenne de 5 \u00e0 15 ans.<\/p>\n\n\n\n<p>Les couronnes E-max peuvent-elles se tacher ? Non, elles ne se tachent pas facilement. Cependant, une d\u00e9coloration superficielle due \u00e0 des aliments comme le caf\u00e9 ou le vin rouge peut \u00eatre \u00e9limin\u00e9e avec un nettoyage professionnel.<\/p>\n\n\n\n<p>Les couronnes E-max peuvent-elles \u00eatre blanchies ? Non, les couronnes ne peuvent pas \u00eatre blanchies. Un nettoyage professionnel et un blanchiment des dents doivent \u00eatre effectu\u00e9s avant de s\u00e9lectionner la teinte de la couronne.<\/p>\n\n\n\n<p><\/p>\n\n\n\n<div class=\"wp-block-stackable-columns stk-block-columns stk-block stk-b68a3f2\" data-block-id=\"b68a3f2\"><style>.stk-b68a3f2 {margin-bottom:0px !important;}.stk-b68a3f2-column{--stk-columns-spacing:0px !important;}<\/style><div class=\"stk-row stk-inner-blocks stk-block-content stk-content-align stk-b68a3f2-column\">\n<div class=\"wp-block-stackable-column stk-block-column stk-column stk-block stk-d353c8b\" data-v=\"4\" data-block-id=\"d353c8b\"><style>.stk-d353c8b-container{margin-top:0px !important;margin-right:0px !important;margin-bottom:0px !important;margin-left:0px !important;}<\/style><div class=\"stk-column-wrapper stk-block-column__content stk-container stk-d353c8b-container stk--no-background stk--no-padding\"><div class=\"stk-block-content stk-inner-blocks stk-d353c8b-inner-blocks\">\n<h3 class=\"wp-block-heading has-text-align-center\">Nous fournissons le plus haut niveau de satisfaction des services de soins \u00e0 nos patients.<\/h3>\n\n\n\n<h3 class=\"wp-block-heading has-text-align-center\">+90 551 888 20 80<a href=\"tel:+905518882080\"><\/a><\/h3>\n\n\n\n<div class=\"wp-block-uagb-buttons uagb-buttons__outer-wrap uagb-btn__default-btn uagb-btn-tablet__default-btn uagb-btn-mobile__default-btn uagb-block-0185e4b2\"><div class=\"uagb-buttons__wrap uagb-buttons-layout-wrap \">\n<div class=\"wp-block-uagb-buttons-child uagb-buttons__outer-wrap uagb-block-89548b30 wp-block-button\"><div class=\"uagb-button__wrapper\"><a class=\"uagb-buttons-repeater wp-block-button__link\" aria-label=\"\" href=\"https:\/\/beautyhubtr.com\/fr\/consultation\/\" rel=\"follow noopener\" target=\"_self\" role=\"button\"><div class=\"uagb-button__link\">Demander un rendez-vous<\/div><\/a><\/div><\/div>\n<\/div><\/div>\n<\/div><\/div><\/div>\n<\/div><\/div>\n\n\n\n<p><\/p>\n","protected":false},"excerpt":{"rendered":"<p>Qu&rsquo;est-ce qu&rsquo;une couronne E-max ? &nbsp;Une couronne E-max est une restauration dentaire fabriqu\u00e9e \u00e0 partir d&rsquo;un seul bloc de disilicate de lithium, un mat\u00e9rial&nbsp;tout c\u00e9ramique solide et esth\u00e9tiquement plaisant. Elles sont principalement utilis\u00e9es pour la restauration des dents ant\u00e9rieures. Le syst\u00e8me E-max Le syst\u00e8me E-max utilise du verre de disilicate de lithium, qui comprend du [&hellip;]<\/p>\n","protected":false},"author":1,"featured_media":0,"parent":665,"menu_order":0,"comment_status":"closed","ping_status":"closed","template":"","meta":{"_uag_custom_page_level_css":"","footnotes":""},"class_list":["post-687","page","type-page","status-publish","hentry"],"blocksy_meta":[],"yoast_head":"<!-- This site is optimized with the Yoast SEO plugin v24.8.1 - https:\/\/yoast.com\/wordpress\/plugins\/seo\/ -->\n<title>Couronne E-max en Turquie - Beautyhub<\/title>\n<meta name=\"robots\" content=\"index, follow, max-snippet:-1, max-image-preview:large, max-video-preview:-1\" \/>\n<link rel=\"canonical\" href=\"https:\/\/beautyhubtr.com\/fr\/hollywood-smile\/e-max-crowns\/\" \/>\n<meta property=\"og:locale\" content=\"fr_FR\" \/>\n<meta property=\"og:type\" content=\"article\" \/>\n<meta property=\"og:title\" content=\"Couronne E-max en Turquie - Beautyhub\" \/>\n<meta property=\"og:description\" content=\"Qu&rsquo;est-ce qu&rsquo;une couronne E-max ? &nbsp;Une couronne E-max est une restauration dentaire fabriqu\u00e9e \u00e0 partir d&rsquo;un seul bloc de disilicate de lithium, un mat\u00e9rial&nbsp;tout c\u00e9ramique solide et esth\u00e9tiquement plaisant. Elles sont principalement utilis\u00e9es pour la restauration des dents ant\u00e9rieures. Le syst\u00e8me E-max Le syst\u00e8me E-max utilise du verre de disilicate de lithium, qui comprend du [&hellip;]\" \/>\n<meta property=\"og:url\" content=\"https:\/\/beautyhubtr.com\/fr\/hollywood-smile\/e-max-crowns\/\" \/>\n<meta property=\"og:site_name\" content=\"Beautyhub\" \/>\n<meta property=\"article:modified_time\" content=\"2025-04-06T16:05:36+00:00\" \/>\n<meta property=\"og:image\" content=\"https:\/\/beautyhubtr.com\/fr\/wp-content\/uploads\/2025\/03\/E-max_Crowns-web-232-1.webp\" \/>\n\t<meta property=\"og:image:width\" content=\"800\" \/>\n\t<meta property=\"og:image:height\" content=\"533\" \/>\n\t<meta property=\"og:image:type\" content=\"image\/webp\" \/>\n<meta name=\"twitter:card\" content=\"summary_large_image\" \/>\n<meta name=\"twitter:label1\" content=\"Dur\u00e9e de lecture estim\u00e9e\" \/>\n\t<meta name=\"twitter:data1\" content=\"4 minutes\" \/>\n<script type=\"application\/ld+json\" class=\"yoast-schema-graph\">{\"@context\":\"https:\/\/schema.org\",\"@graph\":[{\"@type\":\"WebPage\",\"@id\":\"https:\/\/beautyhubtr.com\/fr\/hollywood-smile\/e-max-crowns\/\",\"url\":\"https:\/\/beautyhubtr.com\/fr\/hollywood-smile\/e-max-crowns\/\",\"name\":\"Couronne E-max en Turquie - Beautyhub\",\"isPartOf\":{\"@id\":\"https:\/\/beautyhubtr.com\/fr\/#website\"},\"primaryImageOfPage\":{\"@id\":\"https:\/\/beautyhubtr.com\/fr\/hollywood-smile\/e-max-crowns\/#primaryimage\"},\"image\":{\"@id\":\"https:\/\/beautyhubtr.com\/fr\/hollywood-smile\/e-max-crowns\/#primaryimage\"},\"thumbnailUrl\":\"https:\/\/web.marstawi.online\/wp-content\/uploads\/2025\/03\/E-max_Crowns-web-232-1.webp\",\"datePublished\":\"2025-02-04T18:25:28+00:00\",\"dateModified\":\"2025-04-06T16:05:36+00:00\",\"breadcrumb\":{\"@id\":\"https:\/\/beautyhubtr.com\/fr\/hollywood-smile\/e-max-crowns\/#breadcrumb\"},\"inLanguage\":\"fr-FR\",\"potentialAction\":[{\"@type\":\"ReadAction\",\"target\":[\"https:\/\/beautyhubtr.com\/fr\/hollywood-smile\/e-max-crowns\/\"]}]},{\"@type\":\"ImageObject\",\"inLanguage\":\"fr-FR\",\"@id\":\"https:\/\/beautyhubtr.com\/fr\/hollywood-smile\/e-max-crowns\/#primaryimage\",\"url\":\"https:\/\/web.marstawi.online\/wp-content\/uploads\/2025\/03\/E-max_Crowns-web-232-1.webp\",\"contentUrl\":\"https:\/\/web.marstawi.online\/wp-content\/uploads\/2025\/03\/E-max_Crowns-web-232-1.webp\"},{\"@type\":\"BreadcrumbList\",\"@id\":\"https:\/\/beautyhubtr.com\/fr\/hollywood-smile\/e-max-crowns\/#breadcrumb\",\"itemListElement\":[{\"@type\":\"ListItem\",\"position\":1,\"name\":\"Home\",\"item\":\"https:\/\/beautyhubtr.com\/fr\/\"},{\"@type\":\"ListItem\",\"position\":2,\"name\":\"Hollywood Smile en Turquie\",\"item\":\"https:\/\/beautyhubtr.com\/fr\/hollywood-smile\/\"},{\"@type\":\"ListItem\",\"position\":3,\"name\":\"Couronne E-max en Turquie\"}]},{\"@type\":\"WebSite\",\"@id\":\"https:\/\/beautyhubtr.com\/fr\/#website\",\"url\":\"https:\/\/beautyhubtr.com\/fr\/\",\"name\":\"Beautyhub\",\"description\":\"For Hair Transplant and Plastic Surgery.\",\"publisher\":{\"@id\":\"https:\/\/beautyhubtr.com\/fr\/#organization\"},\"potentialAction\":[{\"@type\":\"SearchAction\",\"target\":{\"@type\":\"EntryPoint\",\"urlTemplate\":\"https:\/\/beautyhubtr.com\/fr\/?s={search_term_string}\"},\"query-input\":{\"@type\":\"PropertyValueSpecification\",\"valueRequired\":true,\"valueName\":\"search_term_string\"}}],\"inLanguage\":\"fr-FR\"},{\"@type\":\"Organization\",\"@id\":\"https:\/\/beautyhubtr.com\/fr\/#organization\",\"name\":\"Beautyhub\",\"url\":\"https:\/\/beautyhubtr.com\/fr\/\",\"logo\":{\"@type\":\"ImageObject\",\"inLanguage\":\"fr-FR\",\"@id\":\"https:\/\/beautyhubtr.com\/fr\/#\/schema\/logo\/image\/\",\"url\":\"https:\/\/beautyhubtr.com\/fr\/wp-content\/uploads\/2025\/03\/logo-beauty-hub-main.png\",\"contentUrl\":\"https:\/\/beautyhubtr.com\/fr\/wp-content\/uploads\/2025\/03\/logo-beauty-hub-main.png\",\"width\":1600,\"height\":450,\"caption\":\"Beautyhub\"},\"image\":{\"@id\":\"https:\/\/beautyhubtr.com\/fr\/#\/schema\/logo\/image\/\"}}]}<\/script>\n<!-- \/ Yoast SEO plugin. -->","yoast_head_json":{"title":"Couronne E-max en Turquie - Beautyhub","robots":{"index":"index","follow":"follow","max-snippet":"max-snippet:-1","max-image-preview":"max-image-preview:large","max-video-preview":"max-video-preview:-1"},"canonical":"https:\/\/beautyhubtr.com\/fr\/hollywood-smile\/e-max-crowns\/","og_locale":"fr_FR","og_type":"article","og_title":"Couronne E-max en Turquie - Beautyhub","og_description":"Qu&rsquo;est-ce qu&rsquo;une couronne E-max ? &nbsp;Une couronne E-max est une restauration dentaire fabriqu\u00e9e \u00e0 partir d&rsquo;un seul bloc de disilicate de lithium, un mat\u00e9rial&nbsp;tout c\u00e9ramique solide et esth\u00e9tiquement plaisant. Elles sont principalement utilis\u00e9es pour la restauration des dents ant\u00e9rieures. Le syst\u00e8me E-max Le syst\u00e8me E-max utilise du verre de disilicate de lithium, qui comprend du [&hellip;]","og_url":"https:\/\/beautyhubtr.com\/fr\/hollywood-smile\/e-max-crowns\/","og_site_name":"Beautyhub","article_modified_time":"2025-04-06T16:05:36+00:00","og_image":[{"width":800,"height":533,"url":"https:\/\/beautyhubtr.com\/fr\/wp-content\/uploads\/2025\/03\/E-max_Crowns-web-232-1.webp","type":"image\/webp"}],"twitter_card":"summary_large_image","twitter_misc":{"Dur\u00e9e de lecture estim\u00e9e":"4 minutes"},"schema":{"@context":"https:\/\/schema.org","@graph":[{"@type":"WebPage","@id":"https:\/\/beautyhubtr.com\/fr\/hollywood-smile\/e-max-crowns\/","url":"https:\/\/beautyhubtr.com\/fr\/hollywood-smile\/e-max-crowns\/","name":"Couronne E-max en Turquie - Beautyhub","isPartOf":{"@id":"https:\/\/beautyhubtr.com\/fr\/#website"},"primaryImageOfPage":{"@id":"https:\/\/beautyhubtr.com\/fr\/hollywood-smile\/e-max-crowns\/#primaryimage"},"image":{"@id":"https:\/\/beautyhubtr.com\/fr\/hollywood-smile\/e-max-crowns\/#primaryimage"},"thumbnailUrl":"https:\/\/web.marstawi.online\/wp-content\/uploads\/2025\/03\/E-max_Crowns-web-232-1.webp","datePublished":"2025-02-04T18:25:28+00:00","dateModified":"2025-04-06T16:05:36+00:00","breadcrumb":{"@id":"https:\/\/beautyhubtr.com\/fr\/hollywood-smile\/e-max-crowns\/#breadcrumb"},"inLanguage":"fr-FR","potentialAction":[{"@type":"ReadAction","target":["https:\/\/beautyhubtr.com\/fr\/hollywood-smile\/e-max-crowns\/"]}]},{"@type":"ImageObject","inLanguage":"fr-FR","@id":"https:\/\/beautyhubtr.com\/fr\/hollywood-smile\/e-max-crowns\/#primaryimage","url":"https:\/\/web.marstawi.online\/wp-content\/uploads\/2025\/03\/E-max_Crowns-web-232-1.webp","contentUrl":"https:\/\/web.marstawi.online\/wp-content\/uploads\/2025\/03\/E-max_Crowns-web-232-1.webp"},{"@type":"BreadcrumbList","@id":"https:\/\/beautyhubtr.com\/fr\/hollywood-smile\/e-max-crowns\/#breadcrumb","itemListElement":[{"@type":"ListItem","position":1,"name":"Home","item":"https:\/\/beautyhubtr.com\/fr\/"},{"@type":"ListItem","position":2,"name":"Hollywood Smile en Turquie","item":"https:\/\/beautyhubtr.com\/fr\/hollywood-smile\/"},{"@type":"ListItem","position":3,"name":"Couronne E-max en Turquie"}]},{"@type":"WebSite","@id":"https:\/\/beautyhubtr.com\/fr\/#website","url":"https:\/\/beautyhubtr.com\/fr\/","name":"Beautyhub","description":"For Hair Transplant and Plastic Surgery.","publisher":{"@id":"https:\/\/beautyhubtr.com\/fr\/#organization"},"potentialAction":[{"@type":"SearchAction","target":{"@type":"EntryPoint","urlTemplate":"https:\/\/beautyhubtr.com\/fr\/?s={search_term_string}"},"query-input":{"@type":"PropertyValueSpecification","valueRequired":true,"valueName":"search_term_string"}}],"inLanguage":"fr-FR"},{"@type":"Organization","@id":"https:\/\/beautyhubtr.com\/fr\/#organization","name":"Beautyhub","url":"https:\/\/beautyhubtr.com\/fr\/","logo":{"@type":"ImageObject","inLanguage":"fr-FR","@id":"https:\/\/beautyhubtr.com\/fr\/#\/schema\/logo\/image\/","url":"https:\/\/beautyhubtr.com\/fr\/wp-content\/uploads\/2025\/03\/logo-beauty-hub-main.png","contentUrl":"https:\/\/beautyhubtr.com\/fr\/wp-content\/uploads\/2025\/03\/logo-beauty-hub-main.png","width":1600,"height":450,"caption":"Beautyhub"},"image":{"@id":"https:\/\/beautyhubtr.com\/fr\/#\/schema\/logo\/image\/"}}]}},"uagb_featured_image_src":{"full":false,"thumbnail":false,"medium":false,"medium_large":false,"large":false,"1536x1536":false,"2048x2048":false},"uagb_author_info":{"display_name":"BeautyHUB","author_link":"https:\/\/beautyhubtr.com\/fr\/author\/marstavi\/"},"uagb_comment_info":0,"uagb_excerpt":"Qu&rsquo;est-ce qu&rsquo;une couronne E-max ? &nbsp;Une couronne E-max est une restauration dentaire fabriqu\u00e9e \u00e0 partir d&rsquo;un seul bloc de disilicate de lithium, un mat\u00e9rial&nbsp;tout c\u00e9ramique solide et esth\u00e9tiquement plaisant. Elles sont principalement utilis\u00e9es pour la restauration des dents ant\u00e9rieures. Le syst\u00e8me E-max Le syst\u00e8me E-max utilise du verre de disilicate de lithium, qui comprend du\u2026","_links":{"self":[{"href":"https:\/\/beautyhubtr.com\/fr\/wp-json\/wp\/v2\/pages\/687","targetHints":{"allow":["GET"]}}],"collection":[{"href":"https:\/\/beautyhubtr.com\/fr\/wp-json\/wp\/v2\/pages"}],"about":[{"href":"https:\/\/beautyhubtr.com\/fr\/wp-json\/wp\/v2\/types\/page"}],"author":[{"embeddable":true,"href":"https:\/\/beautyhubtr.com\/fr\/wp-json\/wp\/v2\/users\/1"}],"replies":[{"embeddable":true,"href":"https:\/\/beautyhubtr.com\/fr\/wp-json\/wp\/v2\/comments?post=687"}],"version-history":[{"count":6,"href":"https:\/\/beautyhubtr.com\/fr\/wp-json\/wp\/v2\/pages\/687\/revisions"}],"predecessor-version":[{"id":1473,"href":"https:\/\/beautyhubtr.com\/fr\/wp-json\/wp\/v2\/pages\/687\/revisions\/1473"}],"up":[{"embeddable":true,"href":"https:\/\/beautyhubtr.com\/fr\/wp-json\/wp\/v2\/pages\/665"}],"wp:attachment":[{"href":"https:\/\/beautyhubtr.com\/fr\/wp-json\/wp\/v2\/media?parent=687"}],"curies":[{"name":"wp","href":"https:\/\/api.w.org\/{rel}","templated":true}]}}