{"id":683,"date":"2025-02-04T18:24:45","date_gmt":"2025-02-04T18:24:45","guid":{"rendered":"https:\/\/web.marstawi.online\/?page_id=683"},"modified":"2025-04-06T19:06:08","modified_gmt":"2025-04-06T16:06:08","slug":"dental-implants","status":"publish","type":"page","link":"https:\/\/beautyhubtr.com\/fr\/hollywood-smile\/dental-implants\/","title":{"rendered":"Implants dentaires en Turquie"},"content":{"rendered":"\n<figure class=\"wp-block-image aligncenter size-full\"><img loading=\"lazy\" decoding=\"async\" width=\"980\" height=\"735\" src=\"https:\/\/web.marstawi.online\/wp-content\/uploads\/2025\/02\/zxczadsdsada-we2e2.webp\" alt=\"\" class=\"wp-image-830\" srcset=\"https:\/\/beautyhubtr.com\/fr\/wp-content\/uploads\/2025\/02\/zxczadsdsada-we2e2.webp 980w, https:\/\/beautyhubtr.com\/fr\/wp-content\/uploads\/2025\/02\/zxczadsdsada-we2e2-300x225.webp 300w, https:\/\/beautyhubtr.com\/fr\/wp-content\/uploads\/2025\/02\/zxczadsdsada-we2e2-768x576.webp 768w\" sizes=\"auto, (max-width: 980px) 100vw, 980px\" \/><\/figure>\n\n\n\n<p>Malgr\u00e9 le developpement&nbsp;en mati\u00e8re de soins dentaires, des millions de personnes continuent de perdre des dents, principalement en raison de caries, de maladies des gencives ou des accidents. Traditionnellement, les traitements les plus courants pour les dents manquantes \u00e9taient les bridges et les proth\u00e8ses dentaires, mais les implants dentaires sont d\u00e9sormais une option plus moderne pour le remplacement des dents.<\/p>\n\n\n\n<h2 class=\"wp-block-heading\">Qu&rsquo;est-ce que les implants dentaires ?<\/h2>\n\n\n\n<p>Les implants dentaires sont des remplacements artificiels de dents qui sont mis en place \u00e0 la place des racines dentaires. Ce sont des fondations solides et durables qui offrent des dents de remplacement, fix\u00e9es en permanence ou amovibles, ressemblant et se sentant comme vos dents naturelles.<\/p>\n\n\n\n<h2 class=\"wp-block-heading\">Avantages des implants dentaires<\/h2>\n\n\n\n<p>Il y a plusieurs avantages associ\u00e9s aux implants dentaires, notamment :<\/p>\n\n\n\n<p><strong>Am\u00e9lioration de l&rsquo;apparence<\/strong>&nbsp;: Ils ressemblent et se sentent comme vos vraies dents et sont con\u00e7us pour se fusionner avec votre os, de sorte qu&rsquo;ils ne bougeront pas dans votre bouche comme les proth\u00e8ses dentaires.<\/p>\n\n\n\n<p><strong>Am\u00e9lioration de la parole<\/strong>&nbsp;: Vous pourrez parler avec confiance car les implants dentaires n&rsquo;entra\u00eeneront pas de marmonnement ou de b\u00e9gaiement comme le font les proth\u00e8ses dentaires mal ajust\u00e9es.<\/p>\n\n\n\n<p><strong>Confort<\/strong>&nbsp;: Comme les implants dentaires deviennent une partie de votre bouche, la douleur associ\u00e9e aux proth\u00e8ses amovibles dispara\u00eet.<\/p>\n\n\n\n<p><strong>Facilit\u00e9 de manger<\/strong>&nbsp;: Les implants dentaires fonctionnent comme vos dents naturelles. Vous pourrez manger vos plats pr\u00e9f\u00e9r\u00e9s sans douleur ni difficult\u00e9.<\/p>\n\n\n\n<p><strong>Commodit\u00e9<\/strong>&nbsp;: Les implants dentaires \u00e9liminent les tracas des proth\u00e8ses amovibles et des adh\u00e9sifs qui peuvent \u00eatre assez salissants.<\/p>\n\n\n\n<p><strong>Estime de soi renforc\u00e9e<\/strong>&nbsp;: Les implants dentaires peuvent restaurer votre sourire, ce qui peut \u00e9galement restaurer votre confiance en vous.<\/p>\n\n\n\n<p><strong>Durabilit\u00e9<\/strong>&nbsp;: Si vous en prenez soin correctement, les implants dentaires sont incroyablement durables et peuvent m\u00eame durer toute une vie.<\/p>\n\n\n\n<p><strong>Meilleure sant\u00e9 bucco-dentaire<\/strong>&nbsp;: Contrairement aux bridges soutenus par des dents, les implants dentaires ne n\u00e9cessitent pas de modification de vos autres dents. Ils offrent \u00e9galement une meilleure hygi\u00e8ne buccale puisque vous pourrez brosser vos dents normalement, avec un acc\u00e8s plus facile entre vos dents.<\/p>\n\n\n\n<h2 class=\"wp-block-heading\">Taux de succ\u00e8s des implants dentaires<\/h2>\n\n\n\n<p>Le taux de succ\u00e8s des implants dentaires d\u00e9pend de l&rsquo;endroit o\u00f9 les implants sont plac\u00e9s dans la m\u00e2choire. En generale, ils ont un taux de succ\u00e8s allant jusqu&rsquo;\u00e0 98 %. Si vous prenez bien soin de vos implants, ils dureront probablement toute une vie.<\/p>\n\n\n\n<h2 class=\"wp-block-heading\">Qui peut obtenir des implants dentaires ?<\/h2>\n\n\n\n<p>Les candidats pour les implants dentaires sont g\u00e9n\u00e9ralement des individus suffisamment en bonne sant\u00e9 pour subir une extraction dentaire ou une chirurgie orale de routine. Des gencives saines et une quantit\u00e9 suffisante d&rsquo;os sont n\u00e9cessaires pour maintenir l&rsquo;implant. Une bonne hygi\u00e8ne buccale et des visites dentaires r\u00e9guli\u00e8res sont tr\u00e8s importantes. Les personnes qui fument beaucoup, qui ont des troubles chroniques non contr\u00f4l\u00e9s comme le diab\u00e8te ou les maladies cardiaques, ou qui ont eu une radioth\u00e9rapie \u00e0 la t\u00eate ou au cou devront \u00eatre \u00e9valu\u00e9es individuellement. Demandez \u00e0 votre dentiste si vous \u00eates un candidat pour les implants.<\/p>\n\n\n\n<h2 class=\"wp-block-heading\">La proc\u00e9dure de l&rsquo;implant dentaire<\/h2>\n\n\n\n<p>Obtenir un implant dentaire n\u00e9cessite plusieurs proc\u00e9dures :<\/p>\n\n\n\n<p><strong>Plan de traitement personnalis\u00e9<\/strong>&nbsp;: Il est personnalis\u00e9 pour r\u00e9pondre \u00e0 vos besoins sp\u00e9cifiques par une \u00e9quipe de chirurgiens buccaux et de dentistes restaurateurs form\u00e9s.<\/p>\n\n\n\n<p><strong>Placement de l&rsquo;implant<\/strong>&nbsp;: Un petit poteau en titane (l&rsquo;implant) est plac\u00e9 chirurgicalement dans la cavit\u00e9 de la dent. \u00c0 mesure que l&rsquo;os de la m\u00e2choire gu\u00e9rit, il va cro\u00eetre autour du poteau implant\u00e9, le maintenant fermement en place. Ce processus de gu\u00e9rison peut prendre de 6 \u00e0 12 semaines.<\/p>\n\n\n\n<p><strong>Placement de l&rsquo;abutment<\/strong>&nbsp;: Une fois que l&rsquo;implant s&rsquo;est int\u00e9gr\u00e9 avec succ\u00e8s \u00e0 l&rsquo;os de la m\u00e2choire, un pilier (un petit poteau de connexion) est attach\u00e9 pour connecter la nouvelle dent.<\/p>\n\n\n\n<p><strong>Nouvelles dents<\/strong>&nbsp;: Des impressions de vos dents sont prises pour cr\u00e9er un mod\u00e8le de votre nouvelle dent ou de vos nouvelles dents. Une couronne (une dent artificielle) est ensuite attach\u00e9e au pilier. Dans certains cas, les attaches sur l&rsquo;implant soutiendront une proth\u00e8se amovible au lieu de couronnes individuelles.<\/p>\n\n\n\n<p><strong>Apparence naturelle<\/strong>&nbsp;: Le dentiste s&rsquo;assurera que la couleur de vos nouvelles dents correspond le plus possible \u00e0 celle de vos dents naturelles. Comme l&rsquo;implant dentaire est fix\u00e9 \u00e0 votre m\u00e2choire, il ressemble, se sent et fonctionne comme vos dents naturelles.<\/p>\n\n\n\n<p><strong>Douleur et inconfort<\/strong>: La plupart des patients rapportent qu&rsquo;il y a tr\u00e8s peu d&rsquo;inconfort pendant la proc\u00e9dure et celle-ci peut \u00eatre r\u00e9alis\u00e9e sous anesth\u00e9sie locale dans la zone o\u00f9 l&rsquo;implant sera plac\u00e9. Les douleurs post-proc\u00e9dure peuvent, dans la plupart des cas, \u00eatre g\u00e9r\u00e9es avec des analg\u00e9siques en vente libre comme le Tylenol ou le Motrin.<\/p>\n\n\n\n<p><\/p>\n\n\n\n<div class=\"wp-block-stackable-columns stk-block-columns stk-block stk-b68a3f2\" data-block-id=\"b68a3f2\"><style>.stk-b68a3f2 {margin-bottom:0px !important;}.stk-b68a3f2-column{--stk-columns-spacing:0px !important;}<\/style><div class=\"stk-row stk-inner-blocks stk-block-content stk-content-align stk-b68a3f2-column\">\n<div class=\"wp-block-stackable-column stk-block-column stk-column stk-block stk-d353c8b\" data-v=\"4\" data-block-id=\"d353c8b\"><style>.stk-d353c8b-container{margin-top:0px !important;margin-right:0px !important;margin-bottom:0px !important;margin-left:0px !important;}<\/style><div class=\"stk-column-wrapper stk-block-column__content stk-container stk-d353c8b-container stk--no-background stk--no-padding\"><div class=\"stk-block-content stk-inner-blocks stk-d353c8b-inner-blocks\">\n<h3 class=\"wp-block-heading has-text-align-center\">Nous fournissons le plus haut niveau de satisfaction des services de soins \u00e0 nos patients.<\/h3>\n\n\n\n<h3 class=\"wp-block-heading has-text-align-center\">+90 551 888 20 80<a href=\"tel:+905518882080\"><\/a><\/h3>\n\n\n\n<div class=\"wp-block-uagb-buttons uagb-buttons__outer-wrap uagb-btn__default-btn uagb-btn-tablet__default-btn uagb-btn-mobile__default-btn uagb-block-0185e4b2\"><div class=\"uagb-buttons__wrap uagb-buttons-layout-wrap \">\n<div class=\"wp-block-uagb-buttons-child uagb-buttons__outer-wrap uagb-block-89548b30 wp-block-button\"><div class=\"uagb-button__wrapper\"><a class=\"uagb-buttons-repeater wp-block-button__link\" aria-label=\"\" href=\"https:\/\/beautyhubtr.com\/fr\/consultation\/\" rel=\"follow noopener\" target=\"_self\" role=\"button\"><div class=\"uagb-button__link\">Demander un rendez-vous<\/div><\/a><\/div><\/div>\n<\/div><\/div>\n<\/div><\/div><\/div>\n<\/div><\/div>\n\n\n\n<p><\/p>\n\n\n\n<p><\/p>\n","protected":false},"excerpt":{"rendered":"<p>Malgr\u00e9 le developpement&nbsp;en mati\u00e8re de soins dentaires, des millions de personnes continuent de perdre des dents, principalement en raison de caries, de maladies des gencives ou des accidents. Traditionnellement, les traitements les plus courants pour les dents manquantes \u00e9taient les bridges et les proth\u00e8ses dentaires, mais les implants dentaires sont d\u00e9sormais une option plus moderne [&hellip;]<\/p>\n","protected":false},"author":1,"featured_media":0,"parent":665,"menu_order":0,"comment_status":"closed","ping_status":"closed","template":"","meta":{"_uag_custom_page_level_css":"","footnotes":""},"class_list":["post-683","page","type-page","status-publish","hentry"],"blocksy_meta":{"has_hero_section":"enabled","hero_section":"type-2","pageTitleOverlay":{"background_type":"color","background_pattern":"type-1","background_image":{"attachment_id":null,"x":0,"y":0},"gradient":"linear-gradient(135deg,rgba(6,147,227,1) 0%,rgb(155,81,224) 100%)","background_repeat":"repeat","background_size":"auto","background_attachment":"scroll","patternColor":{"default":{"color":"#e5e7ea"}},"overlayColor":{"default":{"color":"CT_CSS_SKIP_RULE"}},"backgroundColor":{"default":{"color":"rgba(18, 20, 26, 0)"}}},"page_title_bg_type":"featured_image","custom_hero_background":{"attachment_id":829,"url":"https:\/\/web.marstawi.online\/wp-content\/uploads\/2025\/02\/banner-for-services-header-web-21-1024x133.webp"},"styles_descriptor":{"styles":{"desktop":"[data-prefix=\"single_page\"] .entry-header .page-title {--theme-font-size:30px;--theme-heading-color:var(--theme-palette-color-8);} [data-prefix=\"single_page\"] .entry-header .entry-meta {--theme-font-weight:600;--theme-text-transform:uppercase;--theme-font-size:12px;--theme-line-height:1.3;} [data-prefix=\"single_page\"] .entry-header .ct-breadcrumbs {--theme-text-color:var(--theme-palette-color-8);--theme-link-initial-color:var(--theme-palette-color-8);--theme-link-hover-color:var(--theme-palette-color-8);} [data-prefix=\"single_page\"] .hero-section[data-type=\"type-2\"] {--alignment:start;background-position:1% 16%;background-repeat:repeat-x;background-color:var(--theme-palette-color-8);background-image:url(https:\/\/web.marstawi.online\/wp-content\/uploads\/2025\/02\/banner-for-services-header-web-21.webp);--container-padding:50px 0px;} [data-prefix=\"single_page\"] .hero-section[data-type=\"type-2\"] > figure .ct-media-container:after {background-color:rgba(18, 20, 26, 0);}","tablet":"","mobile":""},"google_fonts":{"Lexend":["n4","n6"]},"version":6},"hero_alignment2":"start","hero_structure":"normal","page_structure_type":"type-1","hero_elements":[{"id":"custom_title","enabled":true,"heading_tag":"h1","title":"Home","__id":"2WtZHfhcJ4KeiqtTthRy4"},{"id":"custom_description","enabled":false,"description_visibility":{"desktop":true,"tablet":true,"mobile":false},"__id":"ZkWmKD316g_TWfWdRftOE"},{"id":"custom_meta","enabled":false,"meta_elements":[{"id":"author","enabled":true,"label":"By","has_author_avatar":"yes","avatar_size":25},{"id":"post_date","enabled":true,"label":"On","date_format_source":"default","date_format":"M j, Y"},{"id":"updated_date","enabled":false,"label":"On","date_format_source":"default","date_format":"M j, Y"},{"id":"categories","enabled":false,"label":"In","style":"simple"},{"id":"comments","enabled":true}],"page_meta_elements":{"joined":true,"articles_count":true,"comments":true},"__id":"pGSlZcdwgcmArz1trHsVK"},{"id":"breadcrumbs","enabled":true,"__id":"4WWgOOHycm9jtBWGG475f"}],"breadcrumbsFontColor":{"default":{"color":"var(--theme-palette-color-8)"},"initial":{"color":"var(--theme-palette-color-8)"},"hover":{"color":"var(--theme-palette-color-8)"}},"pageTitleFontColor":{"default":{"color":"var(--theme-palette-color-8)"}},"pageTitleBackground":{"background_type":"image","background_pattern":"type-1","background_image":{"attachment_id":829,"x":0.01,"y":0.16,"url":"https:\/\/web.marstawi.online\/wp-content\/uploads\/2025\/02\/banner-for-services-header-web-21-1024x133.webp"},"gradient":"linear-gradient(135deg,rgba(6,147,227,1) 0%,rgb(155,81,224) 100%)","background_repeat":"repeat-x","background_size":"auto","background_attachment":"scroll","patternColor":{"default":{"color":"#e5e7ea"}},"overlayColor":{"default":{"color":"CT_CSS_SKIP_RULE"}},"backgroundColor":{"default":{"color":"var(--theme-palette-color-8)"}}},"vertical_spacing_source":"custom","content_area_spacing":"none","pageTitlePadding":{"state":2,"values":[{"value":50,"unit":"px"},{"value":"auto","unit":""},{"value":50,"unit":"px"},{"value":"auto","unit":""}],"custom":""}},"yoast_head":"<!-- This site is optimized with the Yoast SEO plugin v24.8.1 - https:\/\/yoast.com\/wordpress\/plugins\/seo\/ -->\n<title>Implants dentaires en Turquie - Beautyhub<\/title>\n<meta name=\"robots\" content=\"index, follow, max-snippet:-1, max-image-preview:large, max-video-preview:-1\" \/>\n<link rel=\"canonical\" href=\"https:\/\/beautyhubtr.com\/fr\/hollywood-smile\/dental-implants\/\" \/>\n<meta property=\"og:locale\" content=\"fr_FR\" \/>\n<meta property=\"og:type\" content=\"article\" \/>\n<meta property=\"og:title\" content=\"Implants dentaires en Turquie - Beautyhub\" \/>\n<meta property=\"og:description\" content=\"Malgr\u00e9 le developpement&nbsp;en mati\u00e8re de soins dentaires, des millions de personnes continuent de perdre des dents, principalement en raison de caries, de maladies des gencives ou des accidents. Traditionnellement, les traitements les plus courants pour les dents manquantes \u00e9taient les bridges et les proth\u00e8ses dentaires, mais les implants dentaires sont d\u00e9sormais une option plus moderne [&hellip;]\" \/>\n<meta property=\"og:url\" content=\"https:\/\/beautyhubtr.com\/fr\/hollywood-smile\/dental-implants\/\" \/>\n<meta property=\"og:site_name\" content=\"Beautyhub\" \/>\n<meta property=\"article:modified_time\" content=\"2025-04-06T16:06:08+00:00\" \/>\n<meta property=\"og:image\" content=\"https:\/\/beautyhubtr.com\/fr\/wp-content\/uploads\/2025\/02\/zxczadsdsada-we2e2.webp\" \/>\n\t<meta property=\"og:image:width\" content=\"980\" \/>\n\t<meta property=\"og:image:height\" content=\"735\" \/>\n\t<meta property=\"og:image:type\" content=\"image\/webp\" \/>\n<meta name=\"twitter:card\" content=\"summary_large_image\" \/>\n<meta name=\"twitter:label1\" content=\"Dur\u00e9e de lecture estim\u00e9e\" \/>\n\t<meta name=\"twitter:data1\" content=\"5 minutes\" \/>\n<script type=\"application\/ld+json\" class=\"yoast-schema-graph\">{\"@context\":\"https:\/\/schema.org\",\"@graph\":[{\"@type\":\"WebPage\",\"@id\":\"https:\/\/beautyhubtr.com\/fr\/hollywood-smile\/dental-implants\/\",\"url\":\"https:\/\/beautyhubtr.com\/fr\/hollywood-smile\/dental-implants\/\",\"name\":\"Implants dentaires en Turquie - Beautyhub\",\"isPartOf\":{\"@id\":\"https:\/\/beautyhubtr.com\/fr\/#website\"},\"primaryImageOfPage\":{\"@id\":\"https:\/\/beautyhubtr.com\/fr\/hollywood-smile\/dental-implants\/#primaryimage\"},\"image\":{\"@id\":\"https:\/\/beautyhubtr.com\/fr\/hollywood-smile\/dental-implants\/#primaryimage\"},\"thumbnailUrl\":\"https:\/\/web.marstawi.online\/wp-content\/uploads\/2025\/02\/zxczadsdsada-we2e2.webp\",\"datePublished\":\"2025-02-04T18:24:45+00:00\",\"dateModified\":\"2025-04-06T16:06:08+00:00\",\"breadcrumb\":{\"@id\":\"https:\/\/beautyhubtr.com\/fr\/hollywood-smile\/dental-implants\/#breadcrumb\"},\"inLanguage\":\"fr-FR\",\"potentialAction\":[{\"@type\":\"ReadAction\",\"target\":[\"https:\/\/beautyhubtr.com\/fr\/hollywood-smile\/dental-implants\/\"]}]},{\"@type\":\"ImageObject\",\"inLanguage\":\"fr-FR\",\"@id\":\"https:\/\/beautyhubtr.com\/fr\/hollywood-smile\/dental-implants\/#primaryimage\",\"url\":\"https:\/\/web.marstawi.online\/wp-content\/uploads\/2025\/02\/zxczadsdsada-we2e2.webp\",\"contentUrl\":\"https:\/\/web.marstawi.online\/wp-content\/uploads\/2025\/02\/zxczadsdsada-we2e2.webp\"},{\"@type\":\"BreadcrumbList\",\"@id\":\"https:\/\/beautyhubtr.com\/fr\/hollywood-smile\/dental-implants\/#breadcrumb\",\"itemListElement\":[{\"@type\":\"ListItem\",\"position\":1,\"name\":\"Home\",\"item\":\"https:\/\/beautyhubtr.com\/fr\/\"},{\"@type\":\"ListItem\",\"position\":2,\"name\":\"Hollywood Smile en Turquie\",\"item\":\"https:\/\/beautyhubtr.com\/fr\/hollywood-smile\/\"},{\"@type\":\"ListItem\",\"position\":3,\"name\":\"Implants dentaires en Turquie\"}]},{\"@type\":\"WebSite\",\"@id\":\"https:\/\/beautyhubtr.com\/fr\/#website\",\"url\":\"https:\/\/beautyhubtr.com\/fr\/\",\"name\":\"Beautyhub\",\"description\":\"For Hair Transplant and Plastic Surgery.\",\"publisher\":{\"@id\":\"https:\/\/beautyhubtr.com\/fr\/#organization\"},\"potentialAction\":[{\"@type\":\"SearchAction\",\"target\":{\"@type\":\"EntryPoint\",\"urlTemplate\":\"https:\/\/beautyhubtr.com\/fr\/?s={search_term_string}\"},\"query-input\":{\"@type\":\"PropertyValueSpecification\",\"valueRequired\":true,\"valueName\":\"search_term_string\"}}],\"inLanguage\":\"fr-FR\"},{\"@type\":\"Organization\",\"@id\":\"https:\/\/beautyhubtr.com\/fr\/#organization\",\"name\":\"Beautyhub\",\"url\":\"https:\/\/beautyhubtr.com\/fr\/\",\"logo\":{\"@type\":\"ImageObject\",\"inLanguage\":\"fr-FR\",\"@id\":\"https:\/\/beautyhubtr.com\/fr\/#\/schema\/logo\/image\/\",\"url\":\"https:\/\/beautyhubtr.com\/fr\/wp-content\/uploads\/2025\/03\/logo-beauty-hub-main.png\",\"contentUrl\":\"https:\/\/beautyhubtr.com\/fr\/wp-content\/uploads\/2025\/03\/logo-beauty-hub-main.png\",\"width\":1600,\"height\":450,\"caption\":\"Beautyhub\"},\"image\":{\"@id\":\"https:\/\/beautyhubtr.com\/fr\/#\/schema\/logo\/image\/\"}}]}<\/script>\n<!-- \/ Yoast SEO plugin. -->","yoast_head_json":{"title":"Implants dentaires en Turquie - Beautyhub","robots":{"index":"index","follow":"follow","max-snippet":"max-snippet:-1","max-image-preview":"max-image-preview:large","max-video-preview":"max-video-preview:-1"},"canonical":"https:\/\/beautyhubtr.com\/fr\/hollywood-smile\/dental-implants\/","og_locale":"fr_FR","og_type":"article","og_title":"Implants dentaires en Turquie - Beautyhub","og_description":"Malgr\u00e9 le developpement&nbsp;en mati\u00e8re de soins dentaires, des millions de personnes continuent de perdre des dents, principalement en raison de caries, de maladies des gencives ou des accidents. Traditionnellement, les traitements les plus courants pour les dents manquantes \u00e9taient les bridges et les proth\u00e8ses dentaires, mais les implants dentaires sont d\u00e9sormais une option plus moderne [&hellip;]","og_url":"https:\/\/beautyhubtr.com\/fr\/hollywood-smile\/dental-implants\/","og_site_name":"Beautyhub","article_modified_time":"2025-04-06T16:06:08+00:00","og_image":[{"width":980,"height":735,"url":"https:\/\/beautyhubtr.com\/fr\/wp-content\/uploads\/2025\/02\/zxczadsdsada-we2e2.webp","type":"image\/webp"}],"twitter_card":"summary_large_image","twitter_misc":{"Dur\u00e9e de lecture estim\u00e9e":"5 minutes"},"schema":{"@context":"https:\/\/schema.org","@graph":[{"@type":"WebPage","@id":"https:\/\/beautyhubtr.com\/fr\/hollywood-smile\/dental-implants\/","url":"https:\/\/beautyhubtr.com\/fr\/hollywood-smile\/dental-implants\/","name":"Implants dentaires en Turquie - Beautyhub","isPartOf":{"@id":"https:\/\/beautyhubtr.com\/fr\/#website"},"primaryImageOfPage":{"@id":"https:\/\/beautyhubtr.com\/fr\/hollywood-smile\/dental-implants\/#primaryimage"},"image":{"@id":"https:\/\/beautyhubtr.com\/fr\/hollywood-smile\/dental-implants\/#primaryimage"},"thumbnailUrl":"https:\/\/web.marstawi.online\/wp-content\/uploads\/2025\/02\/zxczadsdsada-we2e2.webp","datePublished":"2025-02-04T18:24:45+00:00","dateModified":"2025-04-06T16:06:08+00:00","breadcrumb":{"@id":"https:\/\/beautyhubtr.com\/fr\/hollywood-smile\/dental-implants\/#breadcrumb"},"inLanguage":"fr-FR","potentialAction":[{"@type":"ReadAction","target":["https:\/\/beautyhubtr.com\/fr\/hollywood-smile\/dental-implants\/"]}]},{"@type":"ImageObject","inLanguage":"fr-FR","@id":"https:\/\/beautyhubtr.com\/fr\/hollywood-smile\/dental-implants\/#primaryimage","url":"https:\/\/web.marstawi.online\/wp-content\/uploads\/2025\/02\/zxczadsdsada-we2e2.webp","contentUrl":"https:\/\/web.marstawi.online\/wp-content\/uploads\/2025\/02\/zxczadsdsada-we2e2.webp"},{"@type":"BreadcrumbList","@id":"https:\/\/beautyhubtr.com\/fr\/hollywood-smile\/dental-implants\/#breadcrumb","itemListElement":[{"@type":"ListItem","position":1,"name":"Home","item":"https:\/\/beautyhubtr.com\/fr\/"},{"@type":"ListItem","position":2,"name":"Hollywood Smile en Turquie","item":"https:\/\/beautyhubtr.com\/fr\/hollywood-smile\/"},{"@type":"ListItem","position":3,"name":"Implants dentaires en Turquie"}]},{"@type":"WebSite","@id":"https:\/\/beautyhubtr.com\/fr\/#website","url":"https:\/\/beautyhubtr.com\/fr\/","name":"Beautyhub","description":"For Hair Transplant and Plastic Surgery.","publisher":{"@id":"https:\/\/beautyhubtr.com\/fr\/#organization"},"potentialAction":[{"@type":"SearchAction","target":{"@type":"EntryPoint","urlTemplate":"https:\/\/beautyhubtr.com\/fr\/?s={search_term_string}"},"query-input":{"@type":"PropertyValueSpecification","valueRequired":true,"valueName":"search_term_string"}}],"inLanguage":"fr-FR"},{"@type":"Organization","@id":"https:\/\/beautyhubtr.com\/fr\/#organization","name":"Beautyhub","url":"https:\/\/beautyhubtr.com\/fr\/","logo":{"@type":"ImageObject","inLanguage":"fr-FR","@id":"https:\/\/beautyhubtr.com\/fr\/#\/schema\/logo\/image\/","url":"https:\/\/beautyhubtr.com\/fr\/wp-content\/uploads\/2025\/03\/logo-beauty-hub-main.png","contentUrl":"https:\/\/beautyhubtr.com\/fr\/wp-content\/uploads\/2025\/03\/logo-beauty-hub-main.png","width":1600,"height":450,"caption":"Beautyhub"},"image":{"@id":"https:\/\/beautyhubtr.com\/fr\/#\/schema\/logo\/image\/"}}]}},"uagb_featured_image_src":{"full":false,"thumbnail":false,"medium":false,"medium_large":false,"large":false,"1536x1536":false,"2048x2048":false},"uagb_author_info":{"display_name":"BeautyHUB","author_link":"https:\/\/beautyhubtr.com\/fr\/author\/marstavi\/"},"uagb_comment_info":0,"uagb_excerpt":"Malgr\u00e9 le developpement&nbsp;en mati\u00e8re de soins dentaires, des millions de personnes continuent de perdre des dents, principalement en raison de caries, de maladies des gencives ou des accidents. Traditionnellement, les traitements les plus courants pour les dents manquantes \u00e9taient les bridges et les proth\u00e8ses dentaires, mais les implants dentaires sont d\u00e9sormais une option plus moderne\u2026","_links":{"self":[{"href":"https:\/\/beautyhubtr.com\/fr\/wp-json\/wp\/v2\/pages\/683","targetHints":{"allow":["GET"]}}],"collection":[{"href":"https:\/\/beautyhubtr.com\/fr\/wp-json\/wp\/v2\/pages"}],"about":[{"href":"https:\/\/beautyhubtr.com\/fr\/wp-json\/wp\/v2\/types\/page"}],"author":[{"embeddable":true,"href":"https:\/\/beautyhubtr.com\/fr\/wp-json\/wp\/v2\/users\/1"}],"replies":[{"embeddable":true,"href":"https:\/\/beautyhubtr.com\/fr\/wp-json\/wp\/v2\/comments?post=683"}],"version-history":[{"count":13,"href":"https:\/\/beautyhubtr.com\/fr\/wp-json\/wp\/v2\/pages\/683\/revisions"}],"predecessor-version":[{"id":1474,"href":"https:\/\/beautyhubtr.com\/fr\/wp-json\/wp\/v2\/pages\/683\/revisions\/1474"}],"up":[{"embeddable":true,"href":"https:\/\/beautyhubtr.com\/fr\/wp-json\/wp\/v2\/pages\/665"}],"wp:attachment":[{"href":"https:\/\/beautyhubtr.com\/fr\/wp-json\/wp\/v2\/media?parent=683"}],"curies":[{"name":"wp","href":"https:\/\/api.w.org\/{rel}","templated":true}]}}