{"id":3,"date":"2025-02-03T16:59:45","date_gmt":"2025-02-03T16:59:45","guid":{"rendered":"https:\/\/web.marstawi.online\/?page_id=3"},"modified":"2025-04-05T18:06:13","modified_gmt":"2025-04-05T15:06:13","slug":"privacy-policy","status":"publish","type":"page","link":"https:\/\/beautyhubtr.com\/fr\/privacy-policy\/","title":{"rendered":"Politique de confidentialit\u00e9"},"content":{"rendered":"\n<h1 class=\"wp-block-heading\">Politique de confidentialit\u00e9<\/h1>\n\n\n\n<p><strong>Beautyhub<\/strong>&nbsp;(&lsquo;nous&rsquo;, &lsquo;notre&rsquo;, ou &lsquo;nos&rsquo;) g\u00e8re le site Web Beautyhub (le &lsquo;Service&rsquo;).<\/p>\n\n\n\n<p>Cette page d\u00e9crit nos politiques concernant la collecte, l&rsquo;utilisation et la divulgation des donn\u00e9es personnelles lorsque vous utilisez notre Service.<\/p>\n\n\n\n<p>Vos informations seront uniquement utilis\u00e9es et partag\u00e9es comme d\u00e9crit dans cette Politique de confidentialit\u00e9.<\/p>\n\n\n\n<p>Nous collectons et utilisons vos informations personnelles pour fournir et am\u00e9liorer le Service. En utilisant le Service, vous acceptez la collecte et l&rsquo;utilisation des informations conform\u00e9ment \u00e0 cette politique. Sauf indication contraire, les termes de cette Politique de confidentialit\u00e9 ont les m\u00eames significations que dans nos Termes et Conditions, disponibles sur&nbsp;<a href=\"https:\/\/beautyhub.com\/\">Beautyhub<\/a>.<\/p>\n\n\n\n<h2 class=\"wp-block-heading\">Collecte et utilisation des informations<\/h2>\n\n\n\n<p>Lors de l&rsquo;utilisation de notre Service, il peut vous \u00eatre demand\u00e9 de fournir certaines informations personnellement identifiables qui peuvent \u00eatre utilis\u00e9es pour vous contacter ou vous identifier. Cela peut inclure, sans s&rsquo;y limiter :<\/p>\n\n\n\n<ul class=\"wp-block-list\">\n<li>Nom<\/li>\n\n\n\n<li>Adresse e-mail<\/li>\n\n\n\n<li>Num\u00e9ro de t\u00e9l\u00e9phone<\/li>\n<\/ul>\n\n\n\n<h2 class=\"wp-block-heading\">Donn\u00e9es de journal<\/h2>\n\n\n\n<p>Nous recueillons des informations que votre navigateur envoie chaque fois que vous visitez notre Service (&lsquo;Donn\u00e9es de journal&rsquo;). Ces donn\u00e9es de journal peuvent inclure des d\u00e9tails tels que l&rsquo;adresse IP de votre ordinateur, le type et la version de votre navigateur, les pages de notre Service que vous visitez, la date et l&rsquo;heure de votre visite, le temps pass\u00e9 sur ces pages et d&rsquo;autres statistiques.<\/p>\n\n\n\n<h2 class=\"wp-block-heading\">Cookies<\/h2>\n\n\n\n<p>Les cookies sont de petits fichiers de donn\u00e9es, souvent incluant un identifiant unique anonyme, envoy\u00e9s d&rsquo;un site Web \u00e0 votre navigateur et stock\u00e9s sur le disque dur de votre appareil.<\/p>\n\n\n\n<p>Nous utilisons des cookies pour collecter des informations. Vous pouvez configurer votre navigateur pour refuser tous les cookies ou pour indiquer lorsqu&rsquo;un cookie est envoy\u00e9. Cependant, refuser les cookies peut limiter votre capacit\u00e9 \u00e0 utiliser certaines parties de notre Service.<\/p>\n\n\n\n<h2 class=\"wp-block-heading\">Fournisseurs de services<\/h2>\n\n\n\n<p>Nous pouvons engager des soci\u00e9t\u00e9s tierces et des individus pour soutenir notre Service. Ces tiers peuvent effectuer des t\u00e2ches en notre nom, fournir le Service, effectuer des t\u00e2ches li\u00e9es au Service ou nous aider \u00e0 analyser l&rsquo;utilisation de notre Service.<\/p>\n\n\n\n<p>Ces tiers ont acc\u00e8s \u00e0 vos informations personnelles uniquement pour effectuer ces t\u00e2ches en notre nom et sont contractuellement tenus de ne pas les divulguer ou les utiliser \u00e0 d&rsquo;autres fins.<\/p>\n\n\n\n<h2 class=\"wp-block-heading\">S\u00e9curit\u00e9<\/h2>\n\n\n\n<p>La s\u00e9curit\u00e9 de vos informations personnelles est cruciale pour nous, mais n&rsquo;oubliez pas qu&rsquo;aucune m\u00e9thode de transmission sur Internet ou de stockage \u00e9lectronique n&rsquo;est totalement s\u00e9curis\u00e9e. Bien que nous nous efforcions d&rsquo;utiliser des moyens commercialement acceptables pour prot\u00e9ger vos informations personnelles, nous ne pouvons pas garantir leur s\u00e9curit\u00e9 absolue.<\/p>\n\n\n\n<h2 class=\"wp-block-heading\">Liens vers d&rsquo;autres sites<\/h2>\n\n\n\n<p>Notre Service peut inclure des liens vers d&rsquo;autres sites Web non exploit\u00e9s par nous. Si vous cliquez sur un lien tiers, vous serez dirig\u00e9 vers le site de ce tiers. Nous vous recommandons vivement de lire la Politique de confidentialit\u00e9 de chaque site que vous visitez.<\/p>\n\n\n\n<p>Nous n&rsquo;avons aucun contr\u00f4le sur et n&rsquo;assumons aucune responsabilit\u00e9 pour le contenu, les politiques de confidentialit\u00e9 ou les pratiques de tout site ou service tiers.<\/p>\n\n\n\n<h2 class=\"wp-block-heading\">Confidentialit\u00e9 des enfants<\/h2>\n\n\n\n<p>Notre Service n&rsquo;est pas destin\u00e9 aux personnes de moins de 18 ans (&lsquo;Enfants&rsquo;).<\/p>\n\n\n\n<p>Nous ne collectons pas sciemment des informations personnellement identifiables aupr\u00e8s d&rsquo;enfants de moins de 18 ans. Si vous \u00eates parent ou tuteur et que vous apprenez que votre enfant nous a fourni des informations personnelles, veuillez nous contacter. Si nous d\u00e9couvrons qu&rsquo;un enfant de moins de 18 ans nous a fourni des informations personnelles, nous supprimerons rapidement ces donn\u00e9es de nos serveurs.<\/p>\n\n\n\n<h2 class=\"wp-block-heading\">Conformit\u00e9 aux lois<\/h2>\n\n\n\n<p>Nous divulguerons vos informations personnelles si la loi ou une citation \u00e0 compara\u00eetre l&rsquo;exige.<\/p>\n\n\n\n<h2 class=\"wp-block-heading\">Modifications de cette Politique de confidentialit\u00e9<\/h2>\n\n\n\n<p>Nous pouvons mettre \u00e0 jour notre Politique de confidentialit\u00e9 p\u00e9riodiquement. Toute modification sera publi\u00e9e sur cette page.<\/p>\n\n\n\n<p>Nous vous conseillons de consulter cette Politique de confidentialit\u00e9 de temps \u00e0 autre pour toute mise \u00e0 jour. Les modifications de cette Politique de confidentialit\u00e9 prennent effet lorsqu&rsquo;elles sont publi\u00e9es sur cette page.<\/p>\n\n\n\n<h2 class=\"wp-block-heading\">Contactez-nous<\/h2>\n\n\n\n<p>Pour toute question concernant cette Politique de confidentialit\u00e9, veuillez nous contacter.<\/p>\n\n\n\n<p><\/p>\n\n\n\n<div class=\"wp-block-stackable-columns stk-block-columns stk-block stk-b68a3f2\" data-block-id=\"b68a3f2\"><style>.stk-b68a3f2 {margin-bottom:0px !important;}.stk-b68a3f2-column{--stk-columns-spacing:0px !important;}<\/style><div class=\"stk-row stk-inner-blocks stk-block-content stk-content-align stk-b68a3f2-column\">\n<div class=\"wp-block-stackable-column stk-block-column stk-column stk-block stk-d353c8b\" data-v=\"4\" data-block-id=\"d353c8b\"><style>.stk-d353c8b-container{margin-top:0px !important;margin-right:0px !important;margin-bottom:0px !important;margin-left:0px !important;}<\/style><div class=\"stk-column-wrapper stk-block-column__content stk-container stk-d353c8b-container stk--no-background stk--no-padding\"><div class=\"stk-block-content stk-inner-blocks stk-d353c8b-inner-blocks\">\n<h3 class=\"wp-block-heading has-text-align-center\">Nous fournissons le plus haut niveau de satisfaction des services de soins \u00e0 nos patients.<\/h3>\n\n\n\n<h3 class=\"wp-block-heading has-text-align-center\">+90 551 888 20 80<a href=\"tel:+905518882080\"><\/a><\/h3>\n\n\n\n<div class=\"wp-block-uagb-buttons uagb-buttons__outer-wrap uagb-btn__default-btn uagb-btn-tablet__default-btn uagb-btn-mobile__default-btn uagb-block-0185e4b2\"><div class=\"uagb-buttons__wrap uagb-buttons-layout-wrap \">\n<div class=\"wp-block-uagb-buttons-child uagb-buttons__outer-wrap uagb-block-89548b30 wp-block-button\"><div class=\"uagb-button__wrapper\"><a class=\"uagb-buttons-repeater wp-block-button__link\" aria-label=\"\" href=\"https:\/\/beautyhubtr.com\/fr\/consultation\/\" rel=\"follow noopener\" target=\"_self\" role=\"button\"><div class=\"uagb-button__link\">Demander un rendez-vous<\/div><\/a><\/div><\/div>\n<\/div><\/div>\n<\/div><\/div><\/div>\n<\/div><\/div>\n\n\n\n<p><\/p>\n","protected":false},"excerpt":{"rendered":"<p>Politique de confidentialit\u00e9 Beautyhub&nbsp;(&lsquo;nous&rsquo;, &lsquo;notre&rsquo;, ou &lsquo;nos&rsquo;) g\u00e8re le site Web Beautyhub (le &lsquo;Service&rsquo;). Cette page d\u00e9crit nos politiques concernant la collecte, l&rsquo;utilisation et la divulgation des donn\u00e9es personnelles lorsque vous utilisez notre Service. Vos informations seront uniquement utilis\u00e9es et partag\u00e9es comme d\u00e9crit dans cette Politique de confidentialit\u00e9. Nous collectons et utilisons vos informations personnelles [&hellip;]<\/p>\n","protected":false},"author":1,"featured_media":0,"parent":0,"menu_order":0,"comment_status":"closed","ping_status":"open","template":"","meta":{"_uag_custom_page_level_css":"","footnotes":""},"class_list":["post-3","page","type-page","status-publish","hentry"],"blocksy_meta":{"page_structure_type":"type-4","has_hero_section":"disabled","styles_descriptor":{"styles":{"desktop":"","tablet":"","mobile":""},"google_fonts":[],"version":6}},"yoast_head":"<!-- This site is optimized with the Yoast SEO plugin v24.8.1 - https:\/\/yoast.com\/wordpress\/plugins\/seo\/ -->\n<title>Politique de confidentialit\u00e9 - Beautyhub<\/title>\n<meta name=\"robots\" content=\"index, follow, max-snippet:-1, max-image-preview:large, max-video-preview:-1\" \/>\n<link rel=\"canonical\" href=\"https:\/\/beautyhubtr.com\/fr\/privacy-policy\/\" \/>\n<meta property=\"og:locale\" content=\"fr_FR\" \/>\n<meta property=\"og:type\" content=\"article\" \/>\n<meta property=\"og:title\" content=\"Politique de confidentialit\u00e9 - Beautyhub\" \/>\n<meta property=\"og:description\" content=\"Politique de confidentialit\u00e9 Beautyhub&nbsp;(&lsquo;nous&rsquo;, &lsquo;notre&rsquo;, ou &lsquo;nos&rsquo;) g\u00e8re le site Web Beautyhub (le &lsquo;Service&rsquo;). Cette page d\u00e9crit nos politiques concernant la collecte, l&rsquo;utilisation et la divulgation des donn\u00e9es personnelles lorsque vous utilisez notre Service. Vos informations seront uniquement utilis\u00e9es et partag\u00e9es comme d\u00e9crit dans cette Politique de confidentialit\u00e9. Nous collectons et utilisons vos informations personnelles [&hellip;]\" \/>\n<meta property=\"og:url\" content=\"https:\/\/beautyhubtr.com\/fr\/privacy-policy\/\" \/>\n<meta property=\"og:site_name\" content=\"Beautyhub\" \/>\n<meta property=\"article:modified_time\" content=\"2025-04-05T15:06:13+00:00\" \/>\n<meta name=\"twitter:card\" content=\"summary_large_image\" \/>\n<meta name=\"twitter:label1\" content=\"Dur\u00e9e de lecture estim\u00e9e\" \/>\n\t<meta name=\"twitter:data1\" content=\"4 minutes\" \/>\n<script type=\"application\/ld+json\" class=\"yoast-schema-graph\">{\"@context\":\"https:\/\/schema.org\",\"@graph\":[{\"@type\":\"WebPage\",\"@id\":\"https:\/\/beautyhubtr.com\/fr\/privacy-policy\/\",\"url\":\"https:\/\/beautyhubtr.com\/fr\/privacy-policy\/\",\"name\":\"Politique de confidentialit\u00e9 - Beautyhub\",\"isPartOf\":{\"@id\":\"https:\/\/beautyhubtr.com\/fr\/#website\"},\"datePublished\":\"2025-02-03T16:59:45+00:00\",\"dateModified\":\"2025-04-05T15:06:13+00:00\",\"breadcrumb\":{\"@id\":\"https:\/\/beautyhubtr.com\/fr\/privacy-policy\/#breadcrumb\"},\"inLanguage\":\"fr-FR\",\"potentialAction\":[{\"@type\":\"ReadAction\",\"target\":[\"https:\/\/beautyhubtr.com\/fr\/privacy-policy\/\"]}]},{\"@type\":\"BreadcrumbList\",\"@id\":\"https:\/\/beautyhubtr.com\/fr\/privacy-policy\/#breadcrumb\",\"itemListElement\":[{\"@type\":\"ListItem\",\"position\":1,\"name\":\"Home\",\"item\":\"https:\/\/beautyhubtr.com\/fr\/\"},{\"@type\":\"ListItem\",\"position\":2,\"name\":\"Politique de confidentialit\u00e9\"}]},{\"@type\":\"WebSite\",\"@id\":\"https:\/\/beautyhubtr.com\/fr\/#website\",\"url\":\"https:\/\/beautyhubtr.com\/fr\/\",\"name\":\"Beautyhub\",\"description\":\"For Hair Transplant and Plastic Surgery.\",\"publisher\":{\"@id\":\"https:\/\/beautyhubtr.com\/fr\/#organization\"},\"potentialAction\":[{\"@type\":\"SearchAction\",\"target\":{\"@type\":\"EntryPoint\",\"urlTemplate\":\"https:\/\/beautyhubtr.com\/fr\/?s={search_term_string}\"},\"query-input\":{\"@type\":\"PropertyValueSpecification\",\"valueRequired\":true,\"valueName\":\"search_term_string\"}}],\"inLanguage\":\"fr-FR\"},{\"@type\":\"Organization\",\"@id\":\"https:\/\/beautyhubtr.com\/fr\/#organization\",\"name\":\"Beautyhub\",\"url\":\"https:\/\/beautyhubtr.com\/fr\/\",\"logo\":{\"@type\":\"ImageObject\",\"inLanguage\":\"fr-FR\",\"@id\":\"https:\/\/beautyhubtr.com\/fr\/#\/schema\/logo\/image\/\",\"url\":\"https:\/\/beautyhubtr.com\/fr\/wp-content\/uploads\/2025\/03\/logo-beauty-hub-main.png\",\"contentUrl\":\"https:\/\/beautyhubtr.com\/fr\/wp-content\/uploads\/2025\/03\/logo-beauty-hub-main.png\",\"width\":1600,\"height\":450,\"caption\":\"Beautyhub\"},\"image\":{\"@id\":\"https:\/\/beautyhubtr.com\/fr\/#\/schema\/logo\/image\/\"}}]}<\/script>\n<!-- \/ Yoast SEO plugin. -->","yoast_head_json":{"title":"Politique de confidentialit\u00e9 - Beautyhub","robots":{"index":"index","follow":"follow","max-snippet":"max-snippet:-1","max-image-preview":"max-image-preview:large","max-video-preview":"max-video-preview:-1"},"canonical":"https:\/\/beautyhubtr.com\/fr\/privacy-policy\/","og_locale":"fr_FR","og_type":"article","og_title":"Politique de confidentialit\u00e9 - Beautyhub","og_description":"Politique de confidentialit\u00e9 Beautyhub&nbsp;(&lsquo;nous&rsquo;, &lsquo;notre&rsquo;, ou &lsquo;nos&rsquo;) g\u00e8re le site Web Beautyhub (le &lsquo;Service&rsquo;). Cette page d\u00e9crit nos politiques concernant la collecte, l&rsquo;utilisation et la divulgation des donn\u00e9es personnelles lorsque vous utilisez notre Service. Vos informations seront uniquement utilis\u00e9es et partag\u00e9es comme d\u00e9crit dans cette Politique de confidentialit\u00e9. Nous collectons et utilisons vos informations personnelles [&hellip;]","og_url":"https:\/\/beautyhubtr.com\/fr\/privacy-policy\/","og_site_name":"Beautyhub","article_modified_time":"2025-04-05T15:06:13+00:00","twitter_card":"summary_large_image","twitter_misc":{"Dur\u00e9e de lecture estim\u00e9e":"4 minutes"},"schema":{"@context":"https:\/\/schema.org","@graph":[{"@type":"WebPage","@id":"https:\/\/beautyhubtr.com\/fr\/privacy-policy\/","url":"https:\/\/beautyhubtr.com\/fr\/privacy-policy\/","name":"Politique de confidentialit\u00e9 - Beautyhub","isPartOf":{"@id":"https:\/\/beautyhubtr.com\/fr\/#website"},"datePublished":"2025-02-03T16:59:45+00:00","dateModified":"2025-04-05T15:06:13+00:00","breadcrumb":{"@id":"https:\/\/beautyhubtr.com\/fr\/privacy-policy\/#breadcrumb"},"inLanguage":"fr-FR","potentialAction":[{"@type":"ReadAction","target":["https:\/\/beautyhubtr.com\/fr\/privacy-policy\/"]}]},{"@type":"BreadcrumbList","@id":"https:\/\/beautyhubtr.com\/fr\/privacy-policy\/#breadcrumb","itemListElement":[{"@type":"ListItem","position":1,"name":"Home","item":"https:\/\/beautyhubtr.com\/fr\/"},{"@type":"ListItem","position":2,"name":"Politique de confidentialit\u00e9"}]},{"@type":"WebSite","@id":"https:\/\/beautyhubtr.com\/fr\/#website","url":"https:\/\/beautyhubtr.com\/fr\/","name":"Beautyhub","description":"For Hair Transplant and Plastic Surgery.","publisher":{"@id":"https:\/\/beautyhubtr.com\/fr\/#organization"},"potentialAction":[{"@type":"SearchAction","target":{"@type":"EntryPoint","urlTemplate":"https:\/\/beautyhubtr.com\/fr\/?s={search_term_string}"},"query-input":{"@type":"PropertyValueSpecification","valueRequired":true,"valueName":"search_term_string"}}],"inLanguage":"fr-FR"},{"@type":"Organization","@id":"https:\/\/beautyhubtr.com\/fr\/#organization","name":"Beautyhub","url":"https:\/\/beautyhubtr.com\/fr\/","logo":{"@type":"ImageObject","inLanguage":"fr-FR","@id":"https:\/\/beautyhubtr.com\/fr\/#\/schema\/logo\/image\/","url":"https:\/\/beautyhubtr.com\/fr\/wp-content\/uploads\/2025\/03\/logo-beauty-hub-main.png","contentUrl":"https:\/\/beautyhubtr.com\/fr\/wp-content\/uploads\/2025\/03\/logo-beauty-hub-main.png","width":1600,"height":450,"caption":"Beautyhub"},"image":{"@id":"https:\/\/beautyhubtr.com\/fr\/#\/schema\/logo\/image\/"}}]}},"uagb_featured_image_src":{"full":false,"thumbnail":false,"medium":false,"medium_large":false,"large":false,"1536x1536":false,"2048x2048":false},"uagb_author_info":{"display_name":"BeautyHUB","author_link":"https:\/\/beautyhubtr.com\/fr\/author\/marstavi\/"},"uagb_comment_info":0,"uagb_excerpt":"Politique de confidentialit\u00e9 Beautyhub&nbsp;(&lsquo;nous&rsquo;, &lsquo;notre&rsquo;, ou &lsquo;nos&rsquo;) g\u00e8re le site Web Beautyhub (le &lsquo;Service&rsquo;). Cette page d\u00e9crit nos politiques concernant la collecte, l&rsquo;utilisation et la divulgation des donn\u00e9es personnelles lorsque vous utilisez notre Service. Vos informations seront uniquement utilis\u00e9es et partag\u00e9es comme d\u00e9crit dans cette Politique de confidentialit\u00e9. Nous collectons et utilisons vos informations personnelles\u2026","_links":{"self":[{"href":"https:\/\/beautyhubtr.com\/fr\/wp-json\/wp\/v2\/pages\/3","targetHints":{"allow":["GET"]}}],"collection":[{"href":"https:\/\/beautyhubtr.com\/fr\/wp-json\/wp\/v2\/pages"}],"about":[{"href":"https:\/\/beautyhubtr.com\/fr\/wp-json\/wp\/v2\/types\/page"}],"author":[{"embeddable":true,"href":"https:\/\/beautyhubtr.com\/fr\/wp-json\/wp\/v2\/users\/1"}],"replies":[{"embeddable":true,"href":"https:\/\/beautyhubtr.com\/fr\/wp-json\/wp\/v2\/comments?post=3"}],"version-history":[{"count":5,"href":"https:\/\/beautyhubtr.com\/fr\/wp-json\/wp\/v2\/pages\/3\/revisions"}],"predecessor-version":[{"id":1449,"href":"https:\/\/beautyhubtr.com\/fr\/wp-json\/wp\/v2\/pages\/3\/revisions\/1449"}],"wp:attachment":[{"href":"https:\/\/beautyhubtr.com\/fr\/wp-json\/wp\/v2\/media?parent=3"}],"curies":[{"name":"wp","href":"https:\/\/api.w.org\/{rel}","templated":true}]}}